{"id":1067,"date":"2020-11-26T11:12:12","date_gmt":"2020-11-26T11:12:12","guid":{"rendered":"https:\/\/biollachemicals.com\/?post_type=product&#038;p=1067"},"modified":"2024-04-25T14:24:01","modified_gmt":"2024-04-25T14:24:01","slug":"noopept-poudre-cas-157115-85-0","status":"publish","type":"product","link":"https:\/\/biollachemicals.com\/fr\/produit\/noopept-poudre-cas-157115-85-0\/","title":{"rendered":"Noopept en poudre - CAS 157115-85-0"},"content":{"rendered":"<h3 class=\"wp-block-heading\">Noopept en poudre de qualit\u00e9 pharmaceutique<\/h3>\n\n\n\n<h4 class=\"wp-block-heading\">Nom chimique<\/h4>\n\n\n\n<p>Ester \u00e9thylique de la N-ph\u00e9nylac\u00e9tyl-L-prolylglycine, GVS-111<\/p>\n\n\n\n<h4 class=\"wp-block-heading\">Application<\/h4>\n\n\n\n<p>Traiter les troubles de la m\u00e9moire, de l'attention et d'autres fonctions cognitives ainsi que les troubles \u00e9motionnels.<\/p>\n\n\n\n<figure class=\"wp-block-table is-style-stripes\"><table><tbody><tr><td>Couleur<\/td><td>Blanc<\/td><\/tr><tr><td>Solubilit\u00e9<\/td><td>nootropique principalement soluble dans l'eau, mais ne se dissout pas facilement dans l'eau ou le jus de fruit<\/td><\/tr><tr><td>Unit\u00e9<\/td><td>25kg\/tambour<\/td><\/tr><\/tbody><\/table><\/figure>","protected":false},"excerpt":{"rendered":"<h3><strong><b>Description du produit<\/b><\/strong><\/h3>\n<p>Le Noopept est un peptide nootropique unique qui a \u00e9t\u00e9 d\u00e9velopp\u00e9 en Russie pour traiter le d\u00e9clin cognitif li\u00e9 \u00e0 l'\u00e2ge. Aujourd'hui, il est utilis\u00e9 par les personnes \u00e2g\u00e9es comme par les jeunes amateurs de nootropie et est devenu l'un des m\u00e9dicaments intelligents les plus puissants et les plus populaires actuellement utilis\u00e9s.<\/p>\n<p>La poudre de Noopept est plus puissante que le pirac\u00e9tam et d'autres m\u00e9dicaments intelligents am\u00e9liorant la m\u00e9moire. Le Noopept est actuellement utilis\u00e9 comme m\u00e9dicament de prescription puissant pour le traitement de la maladie d'Alzheimer, de la d\u00e9mence et d'autres d\u00e9clins cognitifs li\u00e9s \u00e0 l'\u00e2ge dans des pays comme la Russie et l'ex-Union sovi\u00e9tique. Le noopept a gagn\u00e9 en popularit\u00e9 au cours des deux derni\u00e8res d\u00e9cennies et est actuellement l'un des nootropiques les plus recommand\u00e9s au sein de la communaut\u00e9.<\/p>","protected":false},"featured_media":995,"template":"","meta":{"_kad_blocks_custom_css":"","_kad_blocks_head_custom_js":"","_kad_blocks_body_custom_js":"","_kad_blocks_footer_custom_js":""},"product_brand":[],"product_cat":[141,115],"product_tag":[],"class_list":{"0":"post-1067","1":"product","2":"type-product","3":"status-publish","4":"has-post-thumbnail","6":"product_cat-nootropics","7":"product_cat-pharma","9":"first","10":"instock","11":"shipping-taxable","12":"product-type-simple"},"Meta Data":null,"meta_description":null,"Focus Keyword":null,"meta_box":{"cas_number":"157115-85-0","chemical_formula":"C17H22N2O4","molecular_weight":"318.373 g\/mol","einecs_number":"","product_packaging":"","substance_form":"Powder","type_of_substance":"","percentage_percent":"","hs_code":"","pro_delivery_time":"","retest_period":"","storage_condition":"Store in a dry dark place at temperatures no higher than 25\u00b0C. Keep out of reach of children","product_document_data":""},"rank_math_description":"Noopept powder, CAS 157115-85-0; MOQ: 1 kg; packed in bags. Delivery prompt from stock Hamburg, Germany.","rank_math_focus_keyword":null,"taxonomy_info":{"product_cat":[{"value":141,"label":"Nootropics"},{"value":115,"label":"Pharma"}]},"featured_image_src_large":["https:\/\/biollachemicals.com\/wp-content\/uploads\/2020\/11\/General-white-powder.jpg",1024,768,false],"author_info":[],"comment_info":"","_links":{"self":[{"href":"https:\/\/biollachemicals.com\/fr\/wp-json\/wp\/v2\/product\/1067","targetHints":{"allow":["GET"]}}],"collection":[{"href":"https:\/\/biollachemicals.com\/fr\/wp-json\/wp\/v2\/product"}],"about":[{"href":"https:\/\/biollachemicals.com\/fr\/wp-json\/wp\/v2\/types\/product"}],"wp:featuredmedia":[{"embeddable":true,"href":"https:\/\/biollachemicals.com\/fr\/wp-json\/wp\/v2\/media\/995"}],"wp:attachment":[{"href":"https:\/\/biollachemicals.com\/fr\/wp-json\/wp\/v2\/media?parent=1067"}],"wp:term":[{"taxonomy":"product_brand","embeddable":true,"href":"https:\/\/biollachemicals.com\/fr\/wp-json\/wp\/v2\/product_brand?post=1067"},{"taxonomy":"product_cat","embeddable":true,"href":"https:\/\/biollachemicals.com\/fr\/wp-json\/wp\/v2\/product_cat?post=1067"},{"taxonomy":"product_tag","embeddable":true,"href":"https:\/\/biollachemicals.com\/fr\/wp-json\/wp\/v2\/product_tag?post=1067"}],"curies":[{"name":"wp","href":"https:\/\/api.w.org\/{rel}","templated":true}]}}