{"id":1058,"date":"2020-11-26T10:22:11","date_gmt":"2020-11-26T10:22:11","guid":{"rendered":"https:\/\/biollachemicals.com\/?post_type=product&#038;p=1058"},"modified":"2024-04-25T14:09:19","modified_gmt":"2024-04-25T14:09:19","slug":"unifiram-poudre-cas-272786-64-8-2-2","status":"publish","type":"product","link":"https:\/\/biollachemicals.com\/fr\/produit\/unifiram-poudre-cas-272786-64-8-2-2\/","title":{"rendered":"Unifiram en poudre - CAS 272786-64-8"},"content":{"rendered":"\n<h3 class=\"wp-block-heading\">Unifiram powder in Pharma Grade<\/h3>\n\n\n\n<h4 class=\"wp-block-heading\">Chemical name<\/h4>\n\n\n\n<p>DM-232,\u00a0CHEMBL140717, CTK0J2726, DTXSID00432024, AKOS017975218,2-[(4-Fluorophenyl)sulfonyl]hexahydropyrrolo[1,2-a]pyrazin-6(2H)-one;(8aR)-2-[(4-fluorophenyl)sulfonyl]hexahydropyrrolo[1,2-a]pyrazin-6(2H)-one<\/p>\n\n\n\n<figure class=\"wp-block-table is-style-stripes\"><table><tbody><tr><td>Color<\/td><td>Pure White<\/td><\/tr><tr><td>Solubility<\/td><td>Water soluble<\/td><\/tr><tr><td>Unit<\/td><td>25kg\/drum<\/td><\/tr><\/tbody><\/table><\/figure>\n\n\n\n<h4 class=\"wp-block-heading\">Application<\/h4>\n\n\n\n<p>UAlzheimers Dementia, Treatment of Cognition Disorders, Treatment of NEUROLOGIC DRUGS<\/p>\n","protected":false},"excerpt":{"rendered":"<h3><strong><b>Description du produit<\/b><\/strong><\/h3>\n<p>Il a \u00e9t\u00e9 d\u00e9montr\u00e9 que la poudre d'unifiram brut r\u00e9duit la dur\u00e9e de l'hypnose induite par le pentobarbital, sans alt\u00e9rer la coordination motrice. La poudre d'unifiram brut est un modulateur allost\u00e9rique positif des r\u00e9cepteurs AMPA.<\/p>\n<p>Comme les Racetams, l'Unifiram est cens\u00e9 am\u00e9liorer l'apprentissage, la m\u00e9moire, la concentration, l'\u00e9nergie mentale et la cognition de base.<\/p>","protected":false},"featured_media":995,"template":"","meta":{"_kad_blocks_custom_css":"","_kad_blocks_head_custom_js":"","_kad_blocks_body_custom_js":"","_kad_blocks_footer_custom_js":""},"product_brand":[],"product_cat":[141,115],"product_tag":[],"class_list":{"0":"post-1058","1":"product","2":"type-product","3":"status-publish","4":"has-post-thumbnail","6":"product_cat-nootropics","7":"product_cat-pharma","9":"first","10":"instock","11":"shipping-taxable","12":"product-type-simple"},"Meta Data":null,"meta_description":null,"Focus Keyword":null,"meta_box":{"cas_number":"272786-64","chemical_formula":"C13H15FN2O3S","molecular_weight":"298.3332032","einecs_number":"","product_packaging":"","substance_form":"Powder","type_of_substance":"","percentage_percent":"","hs_code":"","pro_delivery_time":"","retest_period":"","storage_condition":"Room Temperature","product_document_data":""},"rank_math_description":"Unifiram powder, CAS 272786-64; MOQ: 1 kg; packed in bags. Delivery prompt from stock Hamburg, Germany.","rank_math_focus_keyword":null,"taxonomy_info":{"product_cat":[{"value":141,"label":"Nootropics"},{"value":115,"label":"Pharma"}]},"featured_image_src_large":["https:\/\/biollachemicals.com\/wp-content\/uploads\/2020\/11\/General-white-powder.jpg",1024,768,false],"author_info":[],"comment_info":"","_links":{"self":[{"href":"https:\/\/biollachemicals.com\/fr\/wp-json\/wp\/v2\/product\/1058","targetHints":{"allow":["GET"]}}],"collection":[{"href":"https:\/\/biollachemicals.com\/fr\/wp-json\/wp\/v2\/product"}],"about":[{"href":"https:\/\/biollachemicals.com\/fr\/wp-json\/wp\/v2\/types\/product"}],"wp:featuredmedia":[{"embeddable":true,"href":"https:\/\/biollachemicals.com\/fr\/wp-json\/wp\/v2\/media\/995"}],"wp:attachment":[{"href":"https:\/\/biollachemicals.com\/fr\/wp-json\/wp\/v2\/media?parent=1058"}],"wp:term":[{"taxonomy":"product_brand","embeddable":true,"href":"https:\/\/biollachemicals.com\/fr\/wp-json\/wp\/v2\/product_brand?post=1058"},{"taxonomy":"product_cat","embeddable":true,"href":"https:\/\/biollachemicals.com\/fr\/wp-json\/wp\/v2\/product_cat?post=1058"},{"taxonomy":"product_tag","embeddable":true,"href":"https:\/\/biollachemicals.com\/fr\/wp-json\/wp\/v2\/product_tag?post=1058"}],"curies":[{"name":"wp","href":"https:\/\/api.w.org\/{rel}","templated":true}]}}