{"id":1048,"date":"2020-11-13T15:03:49","date_gmt":"2020-11-13T15:03:49","guid":{"rendered":"https:\/\/biollachemicals.com\/?post_type=product&#038;p=1048"},"modified":"2024-07-18T09:50:21","modified_gmt":"2024-07-18T09:50:21","slug":"sunifiram-poudre-cas-314728-85-3","status":"publish","type":"product","link":"https:\/\/biollachemicals.com\/fr\/produit\/sunifiram-poudre-cas-314728-85-3\/","title":{"rendered":"Sunifiram poudre CAS 314728-85-3 - pour laboratoire et recherche"},"content":{"rendered":"<h3 class=\"wp-block-heading\">Sunifiram en qualit\u00e9 pharmaceutique - uniquement pour les laboratoires et la recherche<\/h3>\n\n\n\n<h4 class=\"wp-block-heading\">Nom chimique<\/h4>\n\n\n\n<p> DM-235,1-(4-benzoylpiperazin-1-yl)propan-1-one, Pip\u00e9razine<\/p>\n\n\n\n<h4 class=\"wp-block-heading\">Application<\/h4>\n\n\n\n<p>Am\u00e9liorer la m\u00e9moire, am\u00e9liorer l'apprentissage et diminuer la sensibilit\u00e9 \u00e0 la douleur<\/p>\n\n\n\n<figure class=\"wp-block-table is-style-stripes\"><table><tbody><tr><td>Classe de m\u00e9dicaments<\/td><td>Nootropiques<\/td><\/tr><tr><td>Couleur<\/td><td>poudre blanche<\/td><\/tr><tr><td>Solubilit\u00e9<\/td><td>Etanche, sec et ventil\u00e9<\/td><\/tr><\/tbody><\/table><\/figure>","protected":false},"excerpt":{"rendered":"<h4>Description du produit :<\/h4>\n<p>La poudre de sunifiram brute, \u00e9galement connue sous le nom de DM-235, est un nouveau d\u00e9veloppement passionnant dans le domaine des compl\u00e9ments alimentaires destin\u00e9s \u00e0 am\u00e9liorer la cognition. Sa structure est similaire \u00e0 celle des nootropiques de type racetam, mais il est environ 1 000 fois plus puissant que le pirac\u00e9tam.\u200d On sait que la poudre de sunifiram agit en stimulant l'activit\u00e9 des r\u00e9cepteurs de glutamate et en augmentant la production et la lib\u00e9ration de l'ac\u00e9tylcholine, le \"neurotransmetteur de l'apprentissage\".<\/p>\n<h4><strong><b>Avantages :<\/b><\/strong><\/h4>\n<ul>\n<li>Am\u00e9liore l'apprentissage et la m\u00e9moire<\/li>\n<li>Peut am\u00e9liorer la concentration, la motivation et la clart\u00e9 mentale<\/li>\n<li>Booster d'humeur et d'\u00e9nergie<\/li>\n<li>Am\u00e9lioration de la vision et de la perception<\/li>\n<\/ul>","protected":false},"featured_media":995,"template":"","meta":{"_kad_blocks_custom_css":"","_kad_blocks_head_custom_js":"","_kad_blocks_body_custom_js":"","_kad_blocks_footer_custom_js":""},"product_brand":[],"product_cat":[141,115],"product_tag":[],"class_list":{"0":"post-1048","1":"product","2":"type-product","3":"status-publish","4":"has-post-thumbnail","6":"product_cat-nootropics","7":"product_cat-pharma","9":"first","10":"instock","11":"shipping-taxable","12":"product-type-simple"},"Meta Data":null,"meta_description":null,"Focus Keyword":null,"meta_box":{"cas_number":"314728-85-3","chemical_formula":"C14H18N2O2","molecular_weight":"246.304 g\/mol","einecs_number":"","product_packaging":"1g","substance_form":"Powder","type_of_substance":"","percentage_percent":"","hs_code":"","pro_delivery_time":"","retest_period":"","storage_condition":"Room temperature","product_document_data":""},"rank_math_description":"Sunifiram; CAS 314728-85-3; MOQ: 1 kg; packed in bags. Delivery prompt from stock Hamburg, Germany. \/\/ biollachemicals.com","rank_math_focus_keyword":null,"taxonomy_info":{"product_cat":[{"value":141,"label":"Nootropics"},{"value":115,"label":"Pharma"}]},"featured_image_src_large":["https:\/\/biollachemicals.com\/wp-content\/uploads\/2020\/11\/General-white-powder.jpg",1024,768,false],"author_info":[],"comment_info":"","_links":{"self":[{"href":"https:\/\/biollachemicals.com\/fr\/wp-json\/wp\/v2\/product\/1048","targetHints":{"allow":["GET"]}}],"collection":[{"href":"https:\/\/biollachemicals.com\/fr\/wp-json\/wp\/v2\/product"}],"about":[{"href":"https:\/\/biollachemicals.com\/fr\/wp-json\/wp\/v2\/types\/product"}],"wp:featuredmedia":[{"embeddable":true,"href":"https:\/\/biollachemicals.com\/fr\/wp-json\/wp\/v2\/media\/995"}],"wp:attachment":[{"href":"https:\/\/biollachemicals.com\/fr\/wp-json\/wp\/v2\/media?parent=1048"}],"wp:term":[{"taxonomy":"product_brand","embeddable":true,"href":"https:\/\/biollachemicals.com\/fr\/wp-json\/wp\/v2\/product_brand?post=1048"},{"taxonomy":"product_cat","embeddable":true,"href":"https:\/\/biollachemicals.com\/fr\/wp-json\/wp\/v2\/product_cat?post=1048"},{"taxonomy":"product_tag","embeddable":true,"href":"https:\/\/biollachemicals.com\/fr\/wp-json\/wp\/v2\/product_tag?post=1048"}],"curies":[{"name":"wp","href":"https:\/\/api.w.org\/{rel}","templated":true}]}}