{"id":1035,"date":"2020-11-11T13:10:51","date_gmt":"2020-11-11T13:10:51","guid":{"rendered":"https:\/\/biollachemicals.com\/?post_type=product&#038;p=1035"},"modified":"2024-04-25T08:38:15","modified_gmt":"2024-04-25T08:38:15","slug":"nsi-189-base-powder-cas-1270138-40-3","status":"publish","type":"product","link":"https:\/\/biollachemicals.com\/fr\/produit\/nsi-189-base-powder-cas-1270138-40-3\/","title":{"rendered":"NSI-189 poudre de base, CAS 1270138-40-3"},"content":{"rendered":"<h3 class=\"wp-block-heading\"><strong>NSI-189 poudre de base de qualit\u00e9 pharmaceutique<\/strong><\/h3>\n\n\n\n<h4 class=\"wp-block-heading\">Nom chimique<\/h4>\n\n\n\n<p>(4-benzylpip\u00e9razine-1-yl)(2-(isopentylamino)pyridine-3-yl)m\u00e9thanone ; UNII-YVE9U408ZL ; YVE9U408ZL ;<\/p>\n\n\n\n<h4 class=\"wp-block-heading\">Application<\/h4>\n\n\n\n<p>Il est utilis\u00e9 pour traiter d'autres affections, notamment le syndrome de stress post-traumatique (SSPT), la maladie d'Alzheimer et les troubles cognitifs li\u00e9s \u00e0 l'\u00e2ge.<\/p>\n\n\n\n<figure class=\"wp-block-table is-style-stripes\"><table><tbody><tr><td>Couleur<\/td><td>blanc<\/td><\/tr><tr><td>Solubilit\u00e9<\/td><td>10 mM dans le DMSO<\/td><\/tr><tr><td>Unit\u00e9<\/td><td>25kg\/tambour<\/td><\/tr><tr><td>Classe de m\u00e9dicaments<\/td><td>Inhibiteurs ; Nootropes<\/td><\/tr><\/tbody><\/table><\/figure>","protected":false},"excerpt":{"rendered":"<h3><strong><b>Description du produit<\/b><\/strong><\/h3>\n<p>La poudre Raw NSI-189 Base est un produit chimique de recherche nootropique et neurog\u00e9nique d\u00e9riv\u00e9 de la nicotinamide et de la pyrazine. Il est d\u00e9riv\u00e9 de la pyrazine et de la nicotinamide. L'entit\u00e9 chimique stimule la croissance de nouveaux neurones dans l'hippocampe, une r\u00e9gion du cerveau dont on pense qu'elle contribue \u00e0 des troubles tels que le syndrome de stress post-traumatique (SSPT), la maladie d'Alzheimer et le trouble d\u00e9pressif majeur (TDM).<\/p>\n<h4>Avantages :<\/h4>\n<p>- am\u00e9liore la cognition<br \/>\n- aide \u00e0 lutter contre la d\u00e9pression<br \/>\n- aide en cas d'accident vasculaire c\u00e9r\u00e9bral<br \/>\n- aide \u00e0 lutter contre le diab\u00e8te<\/p>\n<p>&nbsp;<\/p>","protected":false},"featured_media":995,"template":"","meta":{"_kad_blocks_custom_css":"","_kad_blocks_head_custom_js":"","_kad_blocks_body_custom_js":"","_kad_blocks_footer_custom_js":""},"product_brand":[],"product_cat":[141,115],"product_tag":[],"class_list":{"0":"post-1035","1":"product","2":"type-product","3":"status-publish","4":"has-post-thumbnail","6":"product_cat-nootropics","7":"product_cat-pharma","9":"first","10":"instock","11":"shipping-taxable","12":"product-type-simple"},"Meta Data":null,"meta_description":null,"Focus Keyword":null,"meta_box":{"cas_number":"1270138-40-3","chemical_formula":"C22H30N4O","molecular_weight":"366.509 g\/mol","einecs_number":"","product_packaging":"","substance_form":"Powder","type_of_substance":"","percentage_percent":"","hs_code":"","pro_delivery_time":"","retest_period":"","storage_condition":"Cool Dry Place","product_document_data":""},"rank_math_description":"NSI-189 base powder, CAS 1270138-40-3; MOQ: 1 kg; packed in bags. Delivery prompt from stock Hamburg, Germany.","rank_math_focus_keyword":null,"taxonomy_info":{"product_cat":[{"value":141,"label":"Nootropics"},{"value":115,"label":"Pharma"}]},"featured_image_src_large":["https:\/\/biollachemicals.com\/wp-content\/uploads\/2020\/11\/General-white-powder.jpg",1024,768,false],"author_info":[],"comment_info":"","_links":{"self":[{"href":"https:\/\/biollachemicals.com\/fr\/wp-json\/wp\/v2\/product\/1035","targetHints":{"allow":["GET"]}}],"collection":[{"href":"https:\/\/biollachemicals.com\/fr\/wp-json\/wp\/v2\/product"}],"about":[{"href":"https:\/\/biollachemicals.com\/fr\/wp-json\/wp\/v2\/types\/product"}],"wp:featuredmedia":[{"embeddable":true,"href":"https:\/\/biollachemicals.com\/fr\/wp-json\/wp\/v2\/media\/995"}],"wp:attachment":[{"href":"https:\/\/biollachemicals.com\/fr\/wp-json\/wp\/v2\/media?parent=1035"}],"wp:term":[{"taxonomy":"product_brand","embeddable":true,"href":"https:\/\/biollachemicals.com\/fr\/wp-json\/wp\/v2\/product_brand?post=1035"},{"taxonomy":"product_cat","embeddable":true,"href":"https:\/\/biollachemicals.com\/fr\/wp-json\/wp\/v2\/product_cat?post=1035"},{"taxonomy":"product_tag","embeddable":true,"href":"https:\/\/biollachemicals.com\/fr\/wp-json\/wp\/v2\/product_tag?post=1035"}],"curies":[{"name":"wp","href":"https:\/\/api.w.org\/{rel}","templated":true}]}}