{"id":1027,"date":"2020-11-11T12:35:22","date_gmt":"2020-11-11T12:35:22","guid":{"rendered":"https:\/\/biollachemicals.com\/?post_type=product&#038;p=1027"},"modified":"2024-04-26T07:21:02","modified_gmt":"2024-04-26T07:21:02","slug":"coluracetam-en-poudre-cas-135463-81-9","status":"publish","type":"product","link":"https:\/\/biollachemicals.com\/fr\/produit\/coluracetam-en-poudre-cas-135463-81-9\/","title":{"rendered":"Coluracetam en poudre, CAS 135463-81-9"},"content":{"rendered":"\n<h3 class=\"wp-block-heading\">Coluracetam in Pharma Grade<\/h3>\n\n\n\n<h4 class=\"wp-block-heading\">Chemical name<\/h4>\n\n\n\n<p>N-(2,3-dimethyl-5,6,7,8-tetrahydrofuro[2,3-b]quinolin-4-yl)-2-(2-oxopyrrolidin-1-yl) acetamide<\/p>\n\n\n\n<h4 class=\"wp-block-heading\">Application<\/h4>\n\n\n\n<p>Medicine as a nootropic compound<\/p>\n\n\n\n<figure class=\"wp-block-table is-style-stripes\"><table><tbody><tr><td>Unit<\/td><td>25kg\/drum<\/td><\/tr><tr><td>Color<\/td><td>white to off-white crystalline<\/td><\/tr><\/tbody><\/table><\/figure>\n","protected":false},"excerpt":{"rendered":"<h3><strong><b>Description du produit<\/b><\/strong><\/h3>\n<p>Le coluracetam (MKC-231) est un m\u00e9dicament synth\u00e9tique de la famille des rac\u00e9tamines, cens\u00e9 \u00eatre un compos\u00e9 nootropique.  Des \u00e9tudes sugg\u00e8rent qu'il peut am\u00e9liorer la cognition et la m\u00e9moire, et les utilisateurs disent qu'il am\u00e9liore \u00e9galement la concentration, l'attention et la vision. Il am\u00e9liore sp\u00e9cifiquement l'absorption de la choline \u00e0 haute affinit\u00e9, augmentant les niveaux du neurotransmetteur ac\u00e9tylcholine en fournissant plus de choline \u00e0 partir de laquelle elle est fabriqu\u00e9e. Le coluracetam est particuli\u00e8rement puissant et n\u00e9cessite une dose beaucoup plus faible que les autres nootropiques de la classe des racetams. Il agit rapidement, atteignant des niveaux \u00e9lev\u00e9s dans le plasma dans les 30 minutes suivant l'ingestion, mais les niveaux diminuent dans les trois heures qui suivent.\u200d<\/p>\n<h3><strong><b>Avantages :<\/b><\/strong><\/h3>\n<ul>\n<li>\u00a0am\u00e9liore la m\u00e9moire et les capacit\u00e9s d'apprentissage<\/li>\n<li>aide au traitement des d\u00e9pressions pharmacor\u00e9sistantes<\/li>\n<li>r\u00e9duit l'anxi\u00e9t\u00e9 et l'angoisse<\/li>\n<li>\u00a0favorise la neurogen\u00e8se (croissance des cellules nerveuses)<\/li>\n<li>\u00a0aide \u00e0 traiter la schizophr\u00e9nie<\/li>\n<li>\u00a0am\u00e9liore la vue<\/li>\n<\/ul>","protected":false},"featured_media":1028,"template":"","meta":{"_kad_blocks_custom_css":"","_kad_blocks_head_custom_js":"","_kad_blocks_body_custom_js":"","_kad_blocks_footer_custom_js":""},"product_brand":[],"product_cat":[141,115],"product_tag":[],"class_list":{"0":"post-1027","1":"product","2":"type-product","3":"status-publish","4":"has-post-thumbnail","6":"product_cat-nootropics","7":"product_cat-pharma","9":"first","10":"instock","11":"shipping-taxable","12":"product-type-simple"},"Meta Data":null,"meta_description":null,"Focus Keyword":null,"meta_box":{"cas_number":"135463-81-9","chemical_formula":"C19H23N3O3","molecular_weight":"389.4 g\/mol","einecs_number":"","product_packaging":"","substance_form":"Powder","type_of_substance":"","percentage_percent":"","hs_code":"","pro_delivery_time":"","retest_period":"","storage_condition":"Store at room temperature","product_document_data":""},"rank_math_description":"Coluracetam CAS 135463-81-9; MOQ: 1 kg; packed in bags. Delivery prompt from stock Hamburg, Germany.","rank_math_focus_keyword":null,"taxonomy_info":{"product_cat":[{"value":141,"label":"Nootropics"},{"value":115,"label":"Pharma"}]},"featured_image_src_large":["https:\/\/biollachemicals.com\/wp-content\/uploads\/2020\/11\/3.jpg",806,800,false],"author_info":[],"comment_info":"","_links":{"self":[{"href":"https:\/\/biollachemicals.com\/fr\/wp-json\/wp\/v2\/product\/1027","targetHints":{"allow":["GET"]}}],"collection":[{"href":"https:\/\/biollachemicals.com\/fr\/wp-json\/wp\/v2\/product"}],"about":[{"href":"https:\/\/biollachemicals.com\/fr\/wp-json\/wp\/v2\/types\/product"}],"wp:featuredmedia":[{"embeddable":true,"href":"https:\/\/biollachemicals.com\/fr\/wp-json\/wp\/v2\/media\/1028"}],"wp:attachment":[{"href":"https:\/\/biollachemicals.com\/fr\/wp-json\/wp\/v2\/media?parent=1027"}],"wp:term":[{"taxonomy":"product_brand","embeddable":true,"href":"https:\/\/biollachemicals.com\/fr\/wp-json\/wp\/v2\/product_brand?post=1027"},{"taxonomy":"product_cat","embeddable":true,"href":"https:\/\/biollachemicals.com\/fr\/wp-json\/wp\/v2\/product_cat?post=1027"},{"taxonomy":"product_tag","embeddable":true,"href":"https:\/\/biollachemicals.com\/fr\/wp-json\/wp\/v2\/product_tag?post=1027"}],"curies":[{"name":"wp","href":"https:\/\/api.w.org\/{rel}","templated":true}]}}