{"id":1004,"date":"2020-11-04T14:11:54","date_gmt":"2020-11-04T14:11:54","guid":{"rendered":"https:\/\/biollachemicals.com\/?post_type=product&#038;p=1004"},"modified":"2024-04-24T19:12:22","modified_gmt":"2024-04-24T19:12:22","slug":"lidlar_catalyseur","status":"publish","type":"product","link":"https:\/\/biollachemicals.com\/fr\/produit\/lidlar_catalyseur\/","title":{"rendered":"Lindlar Catalyst Pd 5% ou 10%"},"content":{"rendered":"","protected":false},"excerpt":{"rendered":"<p>Catalyseur Lindlar ~ Pd 5% ou Pd 10%<\/p>\n<p>Num\u00e9ro CAS : 53092-86-7<\/p>\n<p>Forme : poudre<br \/>\nSolubilit\u00e9 : non soluble dans la plupart des solvants organiques<\/p>\n<p>Le catalyseur Lindlar est un catalyseur h\u00e9t\u00e9rog\u00e8ne constitu\u00e9 de palladium d\u00e9pos\u00e9 sur du carbonate de calcium et trait\u00e9 avec diff\u00e9rentes formes de plomb. Un catalyseur h\u00e9t\u00e9rog\u00e8ne est un catalyseur qui se trouve toujours dans une phase ou un \u00e9tat diff\u00e9rent (solide, liquide ou solution gazeuse) de celui des r\u00e9actifs.<\/p>\n<p>Application du catalyseur Lindlar<br \/>\nLe catalyseur Lindlar est un catalyseur h\u00e9t\u00e9rog\u00e8ne principalement utilis\u00e9 pour l'hydrog\u00e9nation s\u00e9lective des alcynes en alc\u00e8nes.<\/p>\n<p>Il peut \u00e9galement catalyser efficacement :<br \/>\n- Hydrog\u00e9nation s\u00e9lective de triples liaisons en doubles liaisons cis<br \/>\n- Monohydrog\u00e9nation des polyol\u00e9fines<br \/>\n- Hydrog\u00e9nation d'azides en amines<\/p>\n<p>Vous trouverez d'autres produits de biolla \/ INNOVOX ici : Catalogue de produits<\/p>","protected":false},"featured_media":1005,"template":"","meta":{"_kad_blocks_custom_css":"","_kad_blocks_head_custom_js":"","_kad_blocks_body_custom_js":"","_kad_blocks_footer_custom_js":""},"product_brand":[],"product_cat":[107,129,115],"product_tag":[],"class_list":{"0":"post-1004","1":"product","2":"type-product","3":"status-publish","4":"has-post-thumbnail","6":"product_cat-food","7":"product_cat-idustrial","8":"product_cat-pharma","10":"first","11":"instock","12":"shipping-taxable","13":"product-type-simple"},"Meta Data":null,"meta_description":null,"Focus Keyword":null,"meta_box":{"cas_number":"53092-86-7","chemical_formula":"","molecular_weight":"","einecs_number":"","product_packaging":"","substance_form":"Powder","type_of_substance":"","percentage_percent":"Pd. 5% or 10%","hs_code":"","pro_delivery_time":"","retest_period":"","storage_condition":"Store tightly closed, dry and below room temperature","product_document_data":""},"rank_math_description":"Lindlar Catalyst Pd 5% or 10%, CAS 53092-86-7","rank_math_focus_keyword":null,"taxonomy_info":{"product_cat":[{"value":107,"label":"Food"},{"value":129,"label":"Idustrial"},{"value":115,"label":"Pharma"}]},"featured_image_src_large":["https:\/\/biollachemicals.com\/wp-content\/uploads\/2020\/11\/labor-gross-1030x579.jpg",1030,579,true],"author_info":[],"comment_info":"","_links":{"self":[{"href":"https:\/\/biollachemicals.com\/fr\/wp-json\/wp\/v2\/product\/1004","targetHints":{"allow":["GET"]}}],"collection":[{"href":"https:\/\/biollachemicals.com\/fr\/wp-json\/wp\/v2\/product"}],"about":[{"href":"https:\/\/biollachemicals.com\/fr\/wp-json\/wp\/v2\/types\/product"}],"wp:featuredmedia":[{"embeddable":true,"href":"https:\/\/biollachemicals.com\/fr\/wp-json\/wp\/v2\/media\/1005"}],"wp:attachment":[{"href":"https:\/\/biollachemicals.com\/fr\/wp-json\/wp\/v2\/media?parent=1004"}],"wp:term":[{"taxonomy":"product_brand","embeddable":true,"href":"https:\/\/biollachemicals.com\/fr\/wp-json\/wp\/v2\/product_brand?post=1004"},{"taxonomy":"product_cat","embeddable":true,"href":"https:\/\/biollachemicals.com\/fr\/wp-json\/wp\/v2\/product_cat?post=1004"},{"taxonomy":"product_tag","embeddable":true,"href":"https:\/\/biollachemicals.com\/fr\/wp-json\/wp\/v2\/product_tag?post=1004"}],"curies":[{"name":"wp","href":"https:\/\/api.w.org\/{rel}","templated":true}]}}