{"id":2866,"date":"2024-05-13T02:42:40","date_gmt":"2024-05-13T02:42:40","guid":{"rendered":"https:\/\/biollachemicals.com\/?page_id=2866"},"modified":"2024-05-13T02:42:42","modified_gmt":"2024-05-13T02:42:42","slug":"expedition-methodes-de-livraison","status":"publish","type":"page","link":"https:\/\/biollachemicals.com\/fr\/expedition-methodes-de-livraison\/","title":{"rendered":"Exp\u00e9dition et m\u00e9thodes de livraison"},"content":{"rendered":"<style>.wp-block-kadence-advancedheading.kt-adv-heading2866_de59c7-9f, .wp-block-kadence-advancedheading.kt-adv-heading2866_de59c7-9f[data-kb-block=\"kb-adv-heading2866_de59c7-9f\"]{font-style:normal;}.wp-block-kadence-advancedheading.kt-adv-heading2866_de59c7-9f mark.kt-highlight, .wp-block-kadence-advancedheading.kt-adv-heading2866_de59c7-9f[data-kb-block=\"kb-adv-heading2866_de59c7-9f\"] mark.kt-highlight{font-style:normal;color:#f76a0c;-webkit-box-decoration-break:clone;box-decoration-break:clone;padding-top:0px;padding-right:0px;padding-bottom:0px;padding-left:0px;}.wp-block-kadence-advancedheading.kt-adv-heading2866_de59c7-9f img.kb-inline-image, .wp-block-kadence-advancedheading.kt-adv-heading2866_de59c7-9f[data-kb-block=\"kb-adv-heading2866_de59c7-9f\"] img.kb-inline-image{width:150px;vertical-align:baseline;}<\/style>\n<h4 class=\"kt-adv-heading2866_de59c7-9f wp-block-kadence-advancedheading\" data-kb-block=\"kb-adv-heading2866_de59c7-9f\">DELIVERY TERMS<\/h4>\n\n\n\n<p>We deliver our goods worldwide.<br>Delivery costs are currently only processed by request.<\/p>\n\n\n<style>.wp-block-kadence-advancedheading.kt-adv-heading2866_ab57cd-ed, .wp-block-kadence-advancedheading.kt-adv-heading2866_ab57cd-ed[data-kb-block=\"kb-adv-heading2866_ab57cd-ed\"]{font-style:normal;}.wp-block-kadence-advancedheading.kt-adv-heading2866_ab57cd-ed mark.kt-highlight, .wp-block-kadence-advancedheading.kt-adv-heading2866_ab57cd-ed[data-kb-block=\"kb-adv-heading2866_ab57cd-ed\"] mark.kt-highlight{font-style:normal;color:#f76a0c;-webkit-box-decoration-break:clone;box-decoration-break:clone;padding-top:0px;padding-right:0px;padding-bottom:0px;padding-left:0px;}.wp-block-kadence-advancedheading.kt-adv-heading2866_ab57cd-ed img.kb-inline-image, .wp-block-kadence-advancedheading.kt-adv-heading2866_ab57cd-ed[data-kb-block=\"kb-adv-heading2866_ab57cd-ed\"] img.kb-inline-image{width:150px;vertical-align:baseline;}<\/style>\n<h4 class=\"kt-adv-heading2866_ab57cd-ed wp-block-kadence-advancedheading\" data-kb-block=\"kb-adv-heading2866_ab57cd-ed\">OUR PAYMENT METHODS<\/h4>\n\n\n\n<p>The following payment options are available to you:<\/p>\n\n\n<style>.wp-block-kadence-advancedheading.kt-adv-heading2866_f4b144-6a, .wp-block-kadence-advancedheading.kt-adv-heading2866_f4b144-6a[data-kb-block=\"kb-adv-heading2866_f4b144-6a\"]{font-style:normal;}.wp-block-kadence-advancedheading.kt-adv-heading2866_f4b144-6a mark.kt-highlight, .wp-block-kadence-advancedheading.kt-adv-heading2866_f4b144-6a[data-kb-block=\"kb-adv-heading2866_f4b144-6a\"] mark.kt-highlight{font-style:normal;color:#f76a0c;-webkit-box-decoration-break:clone;box-decoration-break:clone;padding-top:0px;padding-right:0px;padding-bottom:0px;padding-left:0px;}.wp-block-kadence-advancedheading.kt-adv-heading2866_f4b144-6a img.kb-inline-image, .wp-block-kadence-advancedheading.kt-adv-heading2866_f4b144-6a[data-kb-block=\"kb-adv-heading2866_f4b144-6a\"] img.kb-inline-image{width:150px;vertical-align:baseline;}<\/style>\n<h4 class=\"kt-adv-heading2866_f4b144-6a wp-block-kadence-advancedheading\" data-kb-block=\"kb-adv-heading2866_f4b144-6a\">Bank Transfer:<\/h4>\n\n\n\n<p><strong>Our bank details:<\/strong><\/p>\n\n\n\n<p>biolla chemicals GmbH<br>Commerzbank AG<br>IBAN: DE36 2004 0000 0265 3533 00<br>BIC\/SWIFT: COBADEHHXXX<\/p>\n","protected":false},"excerpt":{"rendered":"<p>CONDITIONS DE LIVRAISON Nous livrons nos marchandises dans le monde entier. Les frais de livraison ne sont actuellement trait\u00e9s que sur demande. NOS M\u00c9THODES DE PAIEMENT Les options de paiement suivantes sont \u00e0 votre disposition : Virement bancaire : Nos coordonn\u00e9es bancaires : biolla chemicals GmbHCommerzbank AGIBAN : DE36 2004 0000 0265 3533 00BIC\/SWIFT : COBADEHHXXX<\/p>","protected":false},"author":2,"featured_media":0,"parent":0,"menu_order":0,"comment_status":"closed","ping_status":"closed","template":"","meta":{"_kad_blocks_custom_css":"","_kad_blocks_head_custom_js":"","_kad_blocks_body_custom_js":"","_kad_blocks_footer_custom_js":"","footnotes":""},"class_list":["post-2866","page","type-page","status-publish","hentry"],"blocksy_meta":[],"Meta Data":null,"meta_description":null,"Focus Keyword":null,"meta_box":[],"rank_math_description":null,"rank_math_focus_keyword":null,"taxonomy_info":[],"featured_image_src_large":false,"author_info":{"display_name":"Ines","author_link":"https:\/\/biollachemicals.com\/fr\/author\/ines\/"},"comment_info":0,"_links":{"self":[{"href":"https:\/\/biollachemicals.com\/fr\/wp-json\/wp\/v2\/pages\/2866","targetHints":{"allow":["GET"]}}],"collection":[{"href":"https:\/\/biollachemicals.com\/fr\/wp-json\/wp\/v2\/pages"}],"about":[{"href":"https:\/\/biollachemicals.com\/fr\/wp-json\/wp\/v2\/types\/page"}],"author":[{"embeddable":true,"href":"https:\/\/biollachemicals.com\/fr\/wp-json\/wp\/v2\/users\/2"}],"replies":[{"embeddable":true,"href":"https:\/\/biollachemicals.com\/fr\/wp-json\/wp\/v2\/comments?post=2866"}],"version-history":[{"count":0,"href":"https:\/\/biollachemicals.com\/fr\/wp-json\/wp\/v2\/pages\/2866\/revisions"}],"wp:attachment":[{"href":"https:\/\/biollachemicals.com\/fr\/wp-json\/wp\/v2\/media?parent=2866"}],"curies":[{"name":"wp","href":"https:\/\/api.w.org\/{rel}","templated":true}]}}