{"id":2862,"date":"2024-05-13T02:38:24","date_gmt":"2024-05-13T02:38:24","guid":{"rendered":"https:\/\/biollachemicals.com\/?page_id=2862"},"modified":"2024-05-13T02:40:32","modified_gmt":"2024-05-13T02:40:32","slug":"politique-de-confidentialite","status":"publish","type":"page","link":"https:\/\/biollachemicals.com\/fr\/politique-de-confidentialite\/","title":{"rendered":"Politique de confidentialit\u00e9"},"content":{"rendered":"<h2 class=\"wp-block-heading\">Politique de confidentialit\u00e9 pour les visiteurs du site web<\/h2>\n\n\n\n<p>Nous, biolla chemicals GmbH, Alte Holstenstr. 23, 21031 Hambourg, souhaitons vous expliquer ci-dessous quelles donn\u00e9es nous traitons et comment. Si vous avez des questions sur la protection des donn\u00e9es, notre d\u00e9l\u00e9gu\u00e9 \u00e0 la protection des donn\u00e9es se fera un plaisir de vous aider \u00e0 l'adresse info@biolla.de.<\/p>\n\n\n\n<h3 class=\"wp-block-heading\">Finalit\u00e9, base juridique, cat\u00e9gories de destinataires, dur\u00e9e de conservation du traitement des donn\u00e9es<\/h3>\n\n\n\n<p>Objectif : Pr\u00e9sentation de l'entreprise, prestation de services et\/ou vente de produits et communication via Internet. Le traitement des donn\u00e9es sur ce site web a pour but de fournir des informations sur les produits et services de notre entreprise, tout en offrant aux utilisateurs la possibilit\u00e9 d'entrer en contact de mani\u00e8re cibl\u00e9e avec des interlocuteurs internes.<br>En outre, nous traitons les donn\u00e9es \u00e0 caract\u00e8re personnel conform\u00e9ment aux bases juridiques suivantes :<\/p>\n\n\n\n<ul class=\"wp-block-list\">\n<li>Art. 6 Para. 1 lit. a GDPR pour le traitement des donn\u00e9es personnelles avec le consentement de la personne concern\u00e9e.<\/li>\n\n\n\n<li>Art. 6 alin\u00e9a 1 lettre b GDPR pour le traitement n\u00e9cessaire des donn\u00e9es personnelles pour l'ex\u00e9cution d'un contrat avec la personne concern\u00e9e et pour l'ex\u00e9cution des mesures pr\u00e9contractuelles correspondantes.<\/li>\n\n\n\n<li>Art. 6 Para. 1 lit. c GDPR pour le traitement n\u00e9cessaire des donn\u00e9es personnelles afin de remplir une obligation l\u00e9gale que nous sommes tenus de respecter conform\u00e9ment \u00e0 toute loi applicable de l'UE ou conform\u00e9ment \u00e0 toute loi applicable d'un pays dans lequel le GDPR s'applique en tout ou en partie, sous r\u00e9serve de.<\/li>\n\n\n\n<li>Art. 6 Para. 1 lit. f GDPR pour le traitement n\u00e9cessaire des donn\u00e9es personnelles afin de prot\u00e9ger nos int\u00e9r\u00eats l\u00e9gitimes ou ceux de tiers, \u00e0 moins que les libert\u00e9s et droits fondamentaux ainsi que les int\u00e9r\u00eats de la personne concern\u00e9e ne l'emportent. Les int\u00e9r\u00eats l\u00e9gitimes comprennent, en particulier, notre int\u00e9r\u00eat commercial \u00e0 pouvoir fournir notre site web, la s\u00e9curit\u00e9 des informations, l'application de nos propres droits l\u00e9gaux et le respect d'autres r\u00e9glementations l\u00e9gales.<\/li>\n<\/ul>\n\n\n\n<p>\u00c0 cette fin, nous faisons appel \u00e0 des soci\u00e9t\u00e9s de services qui s'engagent \u00e0 respecter la confidentialit\u00e9 et la protection des donn\u00e9es dans le cadre de la prestation de services. Les donn\u00e9es ne sont transmises aux autorit\u00e9s qu'en cas de dispositions l\u00e9gales imp\u00e9ratives.<\/p>\n\n\n\n<p>La premi\u00e8re et la plus importante partie de la r\u00e9daction d'une&nbsp;<a href=\"https:\/\/www.affordable-papers.net\/\" target=\"_blank\" rel=\"noopener\">r\u00e9diger un essai<\/a>&nbsp;est de reconna\u00eetre la question. Composer Frankenstein devient un cauchemar pour ces \u00e9tudiants car ils ne sont pas assez capables de g\u00e9rer les probl\u00e8mes de la r\u00e9daction d'un essai, en particulier l'affirmation de la th\u00e8se. Une narration personnelle pour commencer une dissertation. La r\u00e9daction d'une couverture appropri\u00e9e pour une dissertation que vous avez \u00e9crite n'est pas une entreprise incroyablement difficile, mais c'est vraiment la plus d\u00e9courag\u00e9e.<\/p>\n\n\n\n<p>Avant de commencer \u00e0 r\u00e9diger votre article, il est important de bien le planifier. La toute premi\u00e8re chose \u00e0 faire est de r\u00e9fl\u00e9chir \u00e0 ce que vous allez faire dans votre essai. Arr\u00eatez d'utiliser quelque chose qui ajoutera un peu de r\u00e9alit\u00e9 \u00e0 votre propre composition.<\/p>\n\n\n\n<p>Avant de commencer \u00e0 r\u00e9diger l'\u00e9nonc\u00e9 de la th\u00e8se, faites un plan de votre propre composition, puis r\u00e9fl\u00e9chissez \u00e0 l'id\u00e9e principale que vous pr\u00e9senterez dans la dissertation pour en faire votre \u00e9nonc\u00e9 de th\u00e8se. Un nom fantastique r\u00e9sume le sujet de la dissertation. Ces exemples d'\u00e9nonc\u00e9s de th\u00e8se de composition sont regroup\u00e9s en fonction du type de dissertation. Cela doit \u00eatre \u00e9vit\u00e9 car l'article doit s'appuyer sur le d\u00e9bat mentionn\u00e9 dans l'\u00e9nonc\u00e9 de la dissertation.<\/p>\n\n\n\n<p>Lorsque vous visitez le site web, une connexion est \u00e9tablie avec votre navigateur. Les informations collect\u00e9es ci-dessous sont temporairement stock\u00e9es dans les fichiers du syst\u00e8me et enregistr\u00e9es automatiquement :<\/p>\n\n\n\n<ul class=\"wp-block-list\">\n<li>syst\u00e8me d'exploitation utilis\u00e9<\/li>\n\n\n\n<li>Type\/version du navigateur<\/li>\n\n\n\n<li>Nom d'h\u00f4te de l'ordinateur acc\u00e9dant (adresse IP)<\/li>\n\n\n\n<li>Nom du fichier r\u00e9cup\u00e9r\u00e9<\/li>\n\n\n\n<li>Date et heure de l'extraction<\/li>\n\n\n\n<li>la quantit\u00e9 de donn\u00e9es transf\u00e9r\u00e9es<\/li>\n\n\n\n<li>Message indiquant si l'extraction a r\u00e9ussi<\/li>\n\n\n\n<li>domaine demandeur<\/li>\n<\/ul>\n\n\n\n<p>Toute information personnelle suppl\u00e9mentaire telle que votre nom, votre adresse, votre num\u00e9ro de t\u00e9l\u00e9phone ou votre adresse \u00e9lectronique ne sera pas collect\u00e9e \u00e0 moins que vous ne fournissiez ces informations volontairement, par exemple B. dans le cadre d'une inscription \u00e0 notre bulletin d'information ou d'une demande d'information.<\/p>\n\n\n\n<h3 class=\"wp-block-heading\">Utilisation, traitement et divulgation des donn\u00e9es \u00e0 caract\u00e8re personnel<\/h3>\n\n\n\n<p>Si vous nous avez fourni des donn\u00e9es personnelles, nous les utiliserons exclusivement \u00e0 des fins d'administration technique de notre site web et pour r\u00e9pondre \u00e0 vos souhaits et exigences, par exemple pour r\u00e9pondre \u00e0 votre demande, \u00e0 moins que vous n'ayez consenti \u00e0 l'utilisation ult\u00e9rieure de vos donn\u00e9es.<br><br>Le contenu des champs marqu\u00e9s comme obligatoires dans les formulaires ainsi que celui des champs non obligatoires sont stock\u00e9s localement dans notre base de donn\u00e9es d'adresses afin de pouvoir traiter vos demandes. L'acc\u00e8s \u00e0 vos donn\u00e9es n'est possible que pour un groupe limit\u00e9 d'employ\u00e9s afin de remplir les t\u00e2ches correspondantes.<br><br>Si vous n'avez pas consenti \u00e0 l'utilisation ult\u00e9rieure de vos donn\u00e9es personnelles, celles-ci seront bloqu\u00e9es apr\u00e8s le traitement de votre commande et supprim\u00e9es \u00e0 l'expiration des d\u00e9lais de conservation pr\u00e9vus par le droit fiscal et le droit commercial. En cas d'indices r\u00e9els d'abus juridique ou d'utilisation, nous nous r\u00e9servons le droit de traiter vos donn\u00e9es \u00e0 caract\u00e8re personnel pour enqu\u00eater sur l'abus ou engager des poursuites judiciaires, m\u00eame apr\u00e8s la fin de la relation d'utilisation.<br><br>Vos donn\u00e9es personnelles ne seront pas communiqu\u00e9es, vendues ou transf\u00e9r\u00e9es \u00e0 des tiers, sauf dans les cas suivants :<\/p>\n\n\n\n<ul class=\"wp-block-list\">\n<li>cela est n\u00e9cessaire pour traiter votre demande.<\/li>\n\n\n\n<li>vous y avez pr\u00e9alablement consenti.<\/li>\n\n\n\n<li>nous y sommes oblig\u00e9s ou autoris\u00e9s par une d\u00e9cision de justice ou une disposition l\u00e9gale.<\/li>\n\n\n\n<li>En cas de non-paiement, nous transmettons vos donn\u00e9es aux avocats ou aux soci\u00e9t\u00e9s de recouvrement de cr\u00e9ances que nous avons mandat\u00e9s \u00e0 des fins de recouvrement.<\/li>\n<\/ul>\n\n\n\n<h3 class=\"wp-block-heading\">Utilisation de cookies\/plugins<\/h3>\n\n\n\n<p>Nous utilisons des cookies sur notre site web pour rendre votre visite attrayante et pour permettre l'utilisation de certaines fonctions.<br><br>Il s'agit de petits fichiers texte qui sont stock\u00e9s sur votre ordinateur. La plupart des cookies que nous utilisons sont supprim\u00e9s de votre disque dur \u00e0 la fin de la session du navigateur (cookies de session). D'autres cookies restent sur votre ordinateur et nous permettent de reconna\u00eetre votre ordinateur lors de votre prochaine visite (cookies permanents). Ces cookies sont utilis\u00e9s, par exemple, pour les salutations personnelles.<br><br>Nous ne stockons des donn\u00e9es personnelles dans les cookies que si vous y avez consenti. Bien entendu, vous pouvez \u00e9galement consulter notre site sans cookies. Toutefois, cela peut entra\u00eener une restriction fonctionnelle de nos offres. La plupart des navigateurs acceptent automatiquement les cookies. Vous pouvez toutefois emp\u00eacher l'enregistrement de cookies sur votre disque dur dans les param\u00e8tres de votre navigateur. Vous pouvez \u00e9galement supprimer \u00e0 tout moment les cookies d\u00e9j\u00e0 stock\u00e9s sur votre ordinateur. Pour plus de d\u00e9tails, veuillez consulter les instructions fournies par le fabricant de votre navigateur.<br><br>Nous utilisons Google Maps pour int\u00e9grer des cartes et des itin\u00e9raires. Google LLC aux Etats-Unis s'engage \u00e0 assurer une protection ad\u00e9quate des donn\u00e9es conform\u00e9ment au bouclier de protection de la vie priv\u00e9e am\u00e9ricano-europ\u00e9en. Vous trouverez de plus amples informations dans la d\u00e9claration d\u00e9taill\u00e9e de Google sur la protection des donn\u00e9es.<\/p>\n\n\n\n<h3 class=\"wp-block-heading\">Autres informations non personnelles collect\u00e9es automatiquement<\/h3>\n\n\n\n<p>Si vous quittez notre site via un lien et acc\u00e9dez \u00e0 des sites externes, des cookies peuvent \u00e9galement \u00eatre install\u00e9s par le site cible sur lequel vous avez cliqu\u00e9. Nous ne sommes pas responsables de ces cookies.<br><br>Le script Java est utilis\u00e9 pour fournir notre site web. Si vous ne souhaitez pas l'utiliser pour des raisons de s\u00e9curit\u00e9, vous devez d\u00e9sactiver le param\u00e8tre correspondant dans votre navigateur. Pour plus de d\u00e9tails, veuillez consulter les instructions fournies par le fabricant de votre navigateur.<\/p>\n\n\n\n<h3 class=\"wp-block-heading\">Google Analytics<\/h3>\n\n\n\n<p>Ce site utilise Google Analytics, un service d'analyse du Web fourni par Google Inc. (\"Google\"). Google Analytics utilise des \"cookies\", des fichiers texte qui sont enregistr\u00e9s sur votre ordinateur et qui permettent d'analyser votre utilisation du site Internet. Les informations g\u00e9n\u00e9r\u00e9es par les cookies concernant votre utilisation de ce site Internet sont g\u00e9n\u00e9ralement transmises \u00e0 un serveur de Google situ\u00e9 aux \u00c9tats-Unis.<br>stock\u00e9e sur place.<br><br>Toutefois, si l'anonymisation de l'IP est activ\u00e9e sur ce site, l'adresse IP de Google sera pr\u00e9alablement raccourcie au sein des \u00c9tats membres de l'Union europ\u00e9enne ou dans d'autres \u00c9tats signataires de l'accord sur l'Espace \u00e9conomique europ\u00e9en. Ce n'est que dans des cas exceptionnels que l'adresse IP compl\u00e8te sera transmise \u00e0 un serveur de Google aux Etats-Unis et y sera raccourcie. L'anonymisation de l'adresse IP est active sur ce site web. Au nom de l'exploitant de ce site, Google utilisera ces informations pour \u00e9valuer votre utilisation du site, pour compiler des rapports sur l'activit\u00e9 du site et pour fournir \u00e0 l'exploitant du site d'autres services li\u00e9s \u00e0 l'activit\u00e9 du site et \u00e0 l'utilisation d'Internet.<br><br>L'adresse IP transmise par votre navigateur dans le cadre de Google Analytics n'est pas fusionn\u00e9e avec d'autres donn\u00e9es de Google. Vous pouvez emp\u00eacher l'enregistrement des cookies en param\u00e9trant votre logiciel de navigation en cons\u00e9quence ; nous attirons toutefois votre attention sur le fait que, dans ce cas, il se peut que vous ne puissiez pas utiliser toutes les fonctions de ce site Internet dans leur int\u00e9gralit\u00e9. Vous pouvez \u00e9galement emp\u00eacher Google de collecter les donn\u00e9es g\u00e9n\u00e9r\u00e9es par les cookies et relatives \u00e0 votre utilisation du site (y compris votre adresse IP) et de traiter ces donn\u00e9es par Google en t\u00e9l\u00e9chargeant le plug-in de navigateur disponible sous le lien suivant et en l'installant : http:\/\/tools.google.com\/dlpage\/gaoptout?hl=de .<\/p>\n\n\n\n<p>Comme alternative au module compl\u00e9mentaire du navigateur ou dans les navigateurs sur les appareils mobiles, veuillez cliquer sur ce lien pour emp\u00eacher la collecte future par Google Analytics sur ce site web (l'opt-out ne fonctionne que dans le navigateur et uniquement pour ce domaine). Un cookie de d\u00e9sactivation est stock\u00e9 sur votre appareil. Si vous supprimez vos cookies dans ce navigateur, vous devez cliquer \u00e0 nouveau sur ce lien.<\/p>\n\n\n\n<h3 class=\"wp-block-heading\">Votre droit \u00e0 l'information, \u00e0 la rectification, \u00e0 l'effacement, \u00e0 l'opposition et \u00e0 la portabilit\u00e9 des donn\u00e9es<\/h3>\n\n\n\n<p>Vous pouvez exercer votre droit d'information, de rectification et de suppression des donn\u00e9es \u00e0 tout moment. Il vous suffit de nous contacter en utilisant les m\u00e9thodes d\u00e9crites ci-dessus. Si vous demandez l'effacement des donn\u00e9es mais que nous sommes l\u00e9galement tenus de les conserver, vous pouvez acc\u00e9der \u00e0 vos donn\u00e9es personnelles.<br>les donn\u00e9es seront restreintes (bloqu\u00e9es). Il en va de m\u00eame en cas de contradiction. Vous pouvez exercer votre droit \u00e0 la portabilit\u00e9 des donn\u00e9es tant que les options techniques sont disponibles pour le destinataire et pour nous.<\/p>\n\n\n\n<h3 class=\"wp-block-heading\">Droit de recours<\/h3>\n\n\n\n<p>Vous avez la possibilit\u00e9 de d\u00e9poser \u00e0 tout moment une plainte aupr\u00e8s d'une autorit\u00e9 de contr\u00f4le de la protection des donn\u00e9es.<\/p>\n\n\n\n<h3 class=\"wp-block-heading\">S\u00e9curit\u00e9 des donn\u00e9es\/cryptage<\/h3>\n\n\n\n<p>Ce site web utilise le \"Hypertext Transfer Protocol Secure\" (https). La connexion entre votre navigateur et notre serveur est crypt\u00e9e.<\/p>\n\n\n\n<h3 class=\"wp-block-heading\">Actualit\u00e9 et modifications de la pr\u00e9sente d\u00e9claration de protection des donn\u00e9es<\/h3>\n\n\n\n<p>Nous nous r\u00e9servons le droit d'adapter \u00e0 tout moment le contenu de la pr\u00e9sente d\u00e9claration de protection des donn\u00e9es. Cela se produit g\u00e9n\u00e9ralement lorsque les services utilis\u00e9s sont d\u00e9velopp\u00e9s ou adapt\u00e9s. Vous pouvez consulter la d\u00e9claration de protection des donn\u00e9es actuelle sur notre site web.<\/p>\n\n\n\n<p><em>Statut de cette d\u00e9claration : 15 janvier 2020<\/em><\/p>\n\n\n\n<p><strong>biolla chemicals GmbH<br><\/strong>Alte Holstenstr. 23<br>21031 Hambourg<br>T\u00e9l :&nbsp;<a rel=\"noreferrer noopener\" href=\"tel:+494073504390\" target=\"_blank\">+49 40 67555155<\/a><\/p>","protected":false},"excerpt":{"rendered":"<p>Privacy Policy for visitors of the website We, biolla chemicals GmbH, Alte Holstenstr. 23, 21031 Hamburg, would like to explain to you below which data we process from you and how. If you have any questions about data protection, our data protection officer will be happy to help you at info@biolla.de. Purpose, legal basis, categories [&hellip;]<\/p>\n","protected":false},"author":2,"featured_media":0,"parent":0,"menu_order":0,"comment_status":"closed","ping_status":"closed","template":"","meta":{"_kad_blocks_custom_css":"","_kad_blocks_head_custom_js":"","_kad_blocks_body_custom_js":"","_kad_blocks_footer_custom_js":"","footnotes":""},"class_list":["post-2862","page","type-page","status-publish","hentry"],"blocksy_meta":[],"Meta Data":null,"meta_description":null,"Focus Keyword":null,"meta_box":[],"rank_math_description":null,"rank_math_focus_keyword":null,"taxonomy_info":[],"featured_image_src_large":false,"author_info":{"display_name":"Ines","author_link":"https:\/\/biollachemicals.com\/fr\/author\/ines\/"},"comment_info":0,"_links":{"self":[{"href":"https:\/\/biollachemicals.com\/fr\/wp-json\/wp\/v2\/pages\/2862","targetHints":{"allow":["GET"]}}],"collection":[{"href":"https:\/\/biollachemicals.com\/fr\/wp-json\/wp\/v2\/pages"}],"about":[{"href":"https:\/\/biollachemicals.com\/fr\/wp-json\/wp\/v2\/types\/page"}],"author":[{"embeddable":true,"href":"https:\/\/biollachemicals.com\/fr\/wp-json\/wp\/v2\/users\/2"}],"replies":[{"embeddable":true,"href":"https:\/\/biollachemicals.com\/fr\/wp-json\/wp\/v2\/comments?post=2862"}],"version-history":[{"count":0,"href":"https:\/\/biollachemicals.com\/fr\/wp-json\/wp\/v2\/pages\/2862\/revisions"}],"wp:attachment":[{"href":"https:\/\/biollachemicals.com\/fr\/wp-json\/wp\/v2\/media?parent=2862"}],"curies":[{"name":"wp","href":"https:\/\/api.w.org\/{rel}","templated":true}]}}