{"id":2856,"date":"2024-05-13T02:23:16","date_gmt":"2024-05-13T02:23:16","guid":{"rendered":"https:\/\/biollachemicals.com\/?page_id=2856"},"modified":"2024-05-13T02:23:18","modified_gmt":"2024-05-13T02:23:18","slug":"impression","status":"publish","type":"page","link":"https:\/\/biollachemicals.com\/fr\/impression\/","title":{"rendered":"Impression"},"content":{"rendered":"<p>Mentions l\u00e9gales \/ informations conform\u00e9ment au \u00a7 5 TMG :<\/p>\n\n\n\n<p>biolla chemicals GmbH<br>Alte Holstenstr. 23<br>21031 Hambourg<\/p>\n\n\n\n<p>Repr\u00e9sent\u00e9 par : Ines Zimmer<br>Tribunal d'enregistrement : Hambourg Commercial<br>Num\u00e9ro d'inscription au registre : HRB 177682<br>ID TVA : DE356336280<\/p>\n\n\n\n<p>biolla chemicals GmbH<br>Alte Holstenstr. 23<br>21031 Hambourg<br>Tel : 040\/67 555 155<br>info@biolla.de<\/p>","protected":false},"excerpt":{"rendered":"<p>Mentions l\u00e9gales \/ informations selon \u00a7 5 TMG : biolla chemicals GmbHAlte Holstenstr. 2321031 Hamburg Repr\u00e9sent\u00e9 par : Ines ZimmerTribunal d'enregistrement : Registre du commerce de Hambourg Num\u00e9ro d'enregistrement : HRB 177682 ID TVA : DE356336280 biolla chemicals GmbHAlte Holstenstr. 2321031 HamburgTel : 040\/67 555 155info@biolla.de<\/p>","protected":false},"author":2,"featured_media":0,"parent":0,"menu_order":0,"comment_status":"closed","ping_status":"closed","template":"","meta":{"_kad_blocks_custom_css":"","_kad_blocks_head_custom_js":"","_kad_blocks_body_custom_js":"","_kad_blocks_footer_custom_js":"","footnotes":""},"class_list":["post-2856","page","type-page","status-publish","hentry"],"blocksy_meta":[],"Meta Data":null,"meta_description":null,"Focus Keyword":null,"meta_box":[],"rank_math_description":null,"rank_math_focus_keyword":null,"taxonomy_info":[],"featured_image_src_large":false,"author_info":{"display_name":"Ines","author_link":"https:\/\/biollachemicals.com\/fr\/author\/ines\/"},"comment_info":0,"_links":{"self":[{"href":"https:\/\/biollachemicals.com\/fr\/wp-json\/wp\/v2\/pages\/2856","targetHints":{"allow":["GET"]}}],"collection":[{"href":"https:\/\/biollachemicals.com\/fr\/wp-json\/wp\/v2\/pages"}],"about":[{"href":"https:\/\/biollachemicals.com\/fr\/wp-json\/wp\/v2\/types\/page"}],"author":[{"embeddable":true,"href":"https:\/\/biollachemicals.com\/fr\/wp-json\/wp\/v2\/users\/2"}],"replies":[{"embeddable":true,"href":"https:\/\/biollachemicals.com\/fr\/wp-json\/wp\/v2\/comments?post=2856"}],"version-history":[{"count":0,"href":"https:\/\/biollachemicals.com\/fr\/wp-json\/wp\/v2\/pages\/2856\/revisions"}],"wp:attachment":[{"href":"https:\/\/biollachemicals.com\/fr\/wp-json\/wp\/v2\/media?parent=2856"}],"curies":[{"name":"wp","href":"https:\/\/api.w.org\/{rel}","templated":true}]}}