{"id":2854,"date":"2024-05-13T02:17:39","date_gmt":"2024-05-13T02:17:39","guid":{"rendered":"https:\/\/biollachemicals.com\/?page_id=2854"},"modified":"2024-05-13T02:17:41","modified_gmt":"2024-05-13T02:17:41","slug":"options-de-paiement","status":"publish","type":"page","link":"https:\/\/biollachemicals.com\/fr\/options-de-paiement\/","title":{"rendered":"Options de paiement"},"content":{"rendered":"<ul class=\"wp-block-list\">\n<li><strong>Paiement anticip\u00e9<\/strong>\n<ul class=\"wp-block-list\">\n<li>Virement direct sur nos coordonn\u00e9es bancaires. Veuillez utiliser le num\u00e9ro de commande comme r\u00e9f\u00e9rence. Votre commande ne sera exp\u00e9di\u00e9e qu'une fois l'argent re\u00e7u sur notre compte.<\/li>\n<\/ul>\n<\/li>\n\n\n\n<li><strong>PayPal<\/strong>\n<ul class=\"wp-block-list\">\n<li><img decoding=\"async\" src=\"https:\/\/biollachemicals.com\/wp-content\/plugins\/woocommerce\/includes\/gateways\/paypal\/assets\/images\/paypal.png\" alt=\"Marque d&#039;acceptation de PayPal\" style=\"width: 80px;\"><a href=\"https:\/\/www.paypal.com\/de\/webapps\/mpp\/paypal-popup\" target=\"_blank\" rel=\"noopener\">Qu'est-ce que PayPal ?<\/a>Paiement via Paypal<\/li>\n<\/ul>\n<\/li>\n<\/ul>","protected":false},"excerpt":{"rendered":"","protected":false},"author":2,"featured_media":0,"parent":0,"menu_order":0,"comment_status":"closed","ping_status":"closed","template":"","meta":{"_kad_blocks_custom_css":"","_kad_blocks_head_custom_js":"","_kad_blocks_body_custom_js":"","_kad_blocks_footer_custom_js":"","footnotes":""},"class_list":["post-2854","page","type-page","status-publish","hentry"],"blocksy_meta":[],"Meta Data":null,"meta_description":null,"Focus Keyword":null,"meta_box":[],"rank_math_description":null,"rank_math_focus_keyword":null,"taxonomy_info":[],"featured_image_src_large":false,"author_info":{"display_name":"Ines","author_link":"https:\/\/biollachemicals.com\/fr\/author\/ines\/"},"comment_info":0,"_links":{"self":[{"href":"https:\/\/biollachemicals.com\/fr\/wp-json\/wp\/v2\/pages\/2854","targetHints":{"allow":["GET"]}}],"collection":[{"href":"https:\/\/biollachemicals.com\/fr\/wp-json\/wp\/v2\/pages"}],"about":[{"href":"https:\/\/biollachemicals.com\/fr\/wp-json\/wp\/v2\/types\/page"}],"author":[{"embeddable":true,"href":"https:\/\/biollachemicals.com\/fr\/wp-json\/wp\/v2\/users\/2"}],"replies":[{"embeddable":true,"href":"https:\/\/biollachemicals.com\/fr\/wp-json\/wp\/v2\/comments?post=2854"}],"version-history":[{"count":0,"href":"https:\/\/biollachemicals.com\/fr\/wp-json\/wp\/v2\/pages\/2854\/revisions"}],"wp:attachment":[{"href":"https:\/\/biollachemicals.com\/fr\/wp-json\/wp\/v2\/media?parent=2854"}],"curies":[{"name":"wp","href":"https:\/\/api.w.org\/{rel}","templated":true}]}}