{"id":986,"date":"2020-11-03T12:29:14","date_gmt":"2020-11-03T12:29:14","guid":{"rendered":"https:\/\/biollachemicals.com\/?post_type=product&#038;p=986"},"modified":"2024-04-25T13:39:51","modified_gmt":"2024-04-25T13:39:51","slug":"pramiracetam-cas-68497-62-1","status":"publish","type":"product","link":"https:\/\/biollachemicals.com\/de\/produkt\/pramiracetam-cas-68497-62-1\/","title":{"rendered":"Pramiracetam-Pulver CAS 68497-62-1"},"content":{"rendered":"<h3 class=\"wp-block-heading\">Pramiracetam in Pharmaqualit\u00e4t<\/h3>\n\n\n\n<h4 class=\"wp-block-heading\">Chemische Bezeichnung:<\/h4>\n\n\n\n<p>Amacetam, Rohes Pramiracetam-Pulver<\/p>\n\n\n\n<h4 class=\"wp-block-heading\">Anmeldung<\/h4>\n\n\n\n<p>Steigerung des Ged\u00e4chtnisses und Verbesserung der Lernf\u00e4higkeit<\/p>\n\n\n\n<figure class=\"wp-block-table is-style-stripes\"><table><tbody><tr><td>Farbe<\/td><td>Wei\u00dfe Kristalle<\/td><\/tr><tr><td>Medikamentenklasse<\/td><td>Anti-Migr\u00e4ne-Mittel<\/td><\/tr><\/tbody><\/table><\/figure>","protected":false},"excerpt":{"rendered":"<p>Wie die meisten Racetams und die meisten Nootropika beeinflusst Pramiracetam die Freisetzung chemischer Stoffe im Gehirn, die als Neurotransmitter bezeichnet werden und die \u00dcbertragung von Signalen zwischen den Nervenzellen erm\u00f6glichen. Aber Pramiracetam macht die Dinge ein wenig anders. Es stimuliert nicht direkt spezifische Neurotransmitter-Rezeptoren, was eine Steigerung der Produktion und Freisetzung dieses bestimmten Neurotransmitters zur Folge h\u00e4tte. Pramiracetam hilft beim klaren Denken. Pramiracetam wirkt, indem es das hochaffine Cholin im Hippocampus erh\u00f6ht. Wie es der Zufall will, ist Cholin ein Vorl\u00e4ufer eines Neurotransmitters namens Acetylcholin, der eine Schl\u00fcsselrolle bei kognitiven Prozessen wie Konzentration, Lerngeschwindigkeit und Ged\u00e4chtnis spielt. Pramiracetam moduliert also indirekt die Rezeptorstellen f\u00fcr Acetylcholin, was wiederum eine erh\u00f6hte Aktivit\u00e4t im Hippocampus anregt. Diese zus\u00e4tzliche Aktivit\u00e4t verbessert die Bildung von neuen Erinnerungen und die Erinnerung an \u00e4ltere Erinnerungen.<\/p>","protected":false},"featured_media":988,"template":"","meta":{"_kad_blocks_custom_css":"","_kad_blocks_head_custom_js":"","_kad_blocks_body_custom_js":"","_kad_blocks_footer_custom_js":""},"product_brand":[],"product_cat":[141,115],"product_tag":[],"class_list":{"0":"post-986","1":"product","2":"type-product","3":"status-publish","4":"has-post-thumbnail","6":"product_cat-nootropics","7":"product_cat-pharma","9":"first","10":"instock","11":"shipping-taxable","12":"product-type-simple"},"Meta Data":null,"meta_description":null,"Focus Keyword":null,"meta_box":{"cas_number":"68497-62-1","chemical_formula":"C14H27N3O2","molecular_weight":"269.38 g\/mol","einecs_number":"","product_packaging":"","substance_form":"Powder","type_of_substance":"","percentage_percent":"","hs_code":"29337900","pro_delivery_time":"","retest_period":"","storage_condition":"2-8\u00b0C","product_document_data":""},"rank_math_description":"Pramiracetam CAS 68497-62-1; MOQ: 1 kg; packed in bags. Delivery prompt from stock Hamburg, Germany. \/\/ biollachemicals.com","rank_math_focus_keyword":null,"taxonomy_info":{"product_cat":[{"value":141,"label":"Nootropics"},{"value":115,"label":"Pharma"}]},"featured_image_src_large":["https:\/\/biollachemicals.com\/wp-content\/uploads\/2020\/11\/Pramiracetam2-.jpg",1024,768,false],"author_info":[],"comment_info":"","_links":{"self":[{"href":"https:\/\/biollachemicals.com\/de\/wp-json\/wp\/v2\/product\/986","targetHints":{"allow":["GET"]}}],"collection":[{"href":"https:\/\/biollachemicals.com\/de\/wp-json\/wp\/v2\/product"}],"about":[{"href":"https:\/\/biollachemicals.com\/de\/wp-json\/wp\/v2\/types\/product"}],"wp:featuredmedia":[{"embeddable":true,"href":"https:\/\/biollachemicals.com\/de\/wp-json\/wp\/v2\/media\/988"}],"wp:attachment":[{"href":"https:\/\/biollachemicals.com\/de\/wp-json\/wp\/v2\/media?parent=986"}],"wp:term":[{"taxonomy":"product_brand","embeddable":true,"href":"https:\/\/biollachemicals.com\/de\/wp-json\/wp\/v2\/product_brand?post=986"},{"taxonomy":"product_cat","embeddable":true,"href":"https:\/\/biollachemicals.com\/de\/wp-json\/wp\/v2\/product_cat?post=986"},{"taxonomy":"product_tag","embeddable":true,"href":"https:\/\/biollachemicals.com\/de\/wp-json\/wp\/v2\/product_tag?post=986"}],"curies":[{"name":"wp","href":"https:\/\/api.w.org\/{rel}","templated":true}]}}