{"id":972,"date":"2020-10-26T16:24:05","date_gmt":"2020-10-26T16:24:05","guid":{"rendered":"https:\/\/biollachemicals.com\/?post_type=product&#038;p=972"},"modified":"2024-04-26T07:16:48","modified_gmt":"2024-04-26T07:16:48","slug":"ethanol-cas-64-17-5","status":"publish","type":"product","link":"https:\/\/biollachemicals.com\/de\/produkt\/ethanol-cas-64-17-5\/","title":{"rendered":"Ethanol 99% denaturiert, CAS 64-17-5"},"content":{"rendered":"<h4 class=\"wp-block-heading\">Paket<\/h4>\n\n\n\n<p>F\u00e4sser \u00e0 180 kgs oder IBC \u00e0 900 kgs<\/p>\n\n\n\n<p><strong>REACH-registriertes Produkt<\/strong><\/p>","protected":false},"excerpt":{"rendered":"<p>Verpackung F\u00e4sser \u00e0 180 kg oder IBCs \u00e0 900 kg REACH-registriertes Produkt<\/p>","protected":false},"featured_media":826,"template":"","meta":{"_kad_blocks_custom_css":"","_kad_blocks_head_custom_js":"","_kad_blocks_body_custom_js":"","_kad_blocks_footer_custom_js":""},"product_brand":[],"product_cat":[129],"product_tag":[],"class_list":{"0":"post-972","1":"product","2":"type-product","3":"status-publish","4":"has-post-thumbnail","6":"product_cat-idustrial","8":"first","9":"instock","10":"shipping-taxable","11":"product-type-simple"},"Meta Data":null,"meta_description":null,"Focus Keyword":null,"meta_box":{"cas_number":"64-17-5","chemical_formula":"C2H5OH","molecular_weight":"","einecs_number":"","product_packaging":"","substance_form":"Liquid","type_of_substance":"","percentage_percent":"99%","hs_code":"","pro_delivery_time":"","retest_period":"","storage_condition":"","product_document_data":""},"rank_math_description":"Ethanol 99% denaturated, CAS 64-17-5, packed in drums \u00e0 180 kgs or IBCs \u00e0 900 kgs, delivery from stock Hamburg, Germany \/\/ biolla chemicals","rank_math_focus_keyword":"Ethanol","taxonomy_info":{"product_cat":[{"value":129,"label":"Idustrial"}]},"featured_image_src_large":["https:\/\/biollachemicals.com\/wp-content\/uploads\/2020\/06\/Drum-25kg-772x1030.jpg",772,1030,true],"author_info":[],"comment_info":"","_links":{"self":[{"href":"https:\/\/biollachemicals.com\/de\/wp-json\/wp\/v2\/product\/972","targetHints":{"allow":["GET"]}}],"collection":[{"href":"https:\/\/biollachemicals.com\/de\/wp-json\/wp\/v2\/product"}],"about":[{"href":"https:\/\/biollachemicals.com\/de\/wp-json\/wp\/v2\/types\/product"}],"wp:featuredmedia":[{"embeddable":true,"href":"https:\/\/biollachemicals.com\/de\/wp-json\/wp\/v2\/media\/826"}],"wp:attachment":[{"href":"https:\/\/biollachemicals.com\/de\/wp-json\/wp\/v2\/media?parent=972"}],"wp:term":[{"taxonomy":"product_brand","embeddable":true,"href":"https:\/\/biollachemicals.com\/de\/wp-json\/wp\/v2\/product_brand?post=972"},{"taxonomy":"product_cat","embeddable":true,"href":"https:\/\/biollachemicals.com\/de\/wp-json\/wp\/v2\/product_cat?post=972"},{"taxonomy":"product_tag","embeddable":true,"href":"https:\/\/biollachemicals.com\/de\/wp-json\/wp\/v2\/product_tag?post=972"}],"curies":[{"name":"wp","href":"https:\/\/api.w.org\/{rel}","templated":true}]}}