{"id":956,"date":"2020-10-14T12:36:17","date_gmt":"2020-10-14T12:36:17","guid":{"rendered":"https:\/\/biollachemicals.com\/?post_type=product&#038;p=956"},"modified":"2024-04-28T10:44:11","modified_gmt":"2024-04-28T10:44:11","slug":"oxalessigsaure","status":"publish","type":"product","link":"https:\/\/biollachemicals.com\/de\/produkt\/oxalessigsaure\/","title":{"rendered":"Oxalessigs\u00e4ure CAS 328-42-7"},"content":{"rendered":"<h4 class=\"wp-block-heading\">Synonyme<\/h4>\n\n\n\n<p>Oxobutandis\u00e4ure; Oxobernsteins\u00e4ure; Oxalessigs\u00e4ure; Butandis\u00e4ure; 2-Oxobernsteins\u00e4ure; Ketobernsteins\u00e4ure; Oxalessig; Oxalessigs\u00e4ure; OAA; Oxobernsteins\u00e4ure; 2-Ketobernsteins\u00e4ure; Butandis\u00e4ure<\/p>\n\n\n\n<figure class=\"wp-block-table is-style-stripes\"><table><tbody><tr><td>Farbe<\/td><td>Wei\u00df bis Off-White<\/td><\/tr><tr><td>Verpacken<\/td><td>Trommeln \u00e1 25 kg<\/td><\/tr><tr><td>Reinheit<\/td><td>98,0%<\/td><\/tr><tr><td>Wasser (Karl Fischer)<\/td><td>2.0%<\/td><\/tr><\/tbody><\/table><\/figure>\n\n\n\n<h4 class=\"wp-block-heading has-text-align-center\">Chemische Sicherheit:<\/h4>\n\n\n\n<figure class=\"wp-block-image aligncenter is-resized\"><img decoding=\"async\" src=\"https:\/\/pubchem.ncbi.nlm.nih.gov\/images\/ghs\/GHS07.svg\" alt=\"Irritierend\" style=\"width:131px;height:auto\" \/><figcaption class=\"wp-element-caption\"><strong>Gefahr<\/strong><\/figcaption><\/figure>","protected":false},"excerpt":{"rendered":"<p>Synonyme Oxobutandis\u00e4ure; Oxobernsteins\u00e4ure; Oxalessigs\u00e4ure; Butandis\u00e4ure; 2-Oxobernsteins\u00e4ure; Ketobernsteins\u00e4ure; Oxalessig; Oxalessigs\u00e4ure; OAA; Oxobernsteins\u00e4ure; 2-Ketobernsteins\u00e4ure; Butandis\u00e4ure Farbe Wei\u00df bis Off-White Verpackung F\u00e4sser \u00e1 25 kg Reinheit 98,0% Wasser (Karl Fischer) 2.0% Chemische Sicherheit:<\/p>","protected":false},"featured_media":936,"template":"","meta":{"_kad_blocks_custom_css":"","_kad_blocks_head_custom_js":"","_kad_blocks_body_custom_js":"","_kad_blocks_footer_custom_js":""},"product_brand":[],"product_cat":[129],"product_tag":[],"class_list":{"0":"post-956","1":"product","2":"type-product","3":"status-publish","4":"has-post-thumbnail","6":"product_cat-idustrial","8":"first","9":"instock","10":"shipping-taxable","11":"product-type-simple"},"Meta Data":null,"meta_description":null,"Focus Keyword":null,"meta_box":{"cas_number":"328-42-7","chemical_formula":"C4H4O5","molecular_weight":"132.07 g\/m","einecs_number":"206-329-8","product_packaging":"","substance_form":"","type_of_substance":"","percentage_percent":"","hs_code":"","pro_delivery_time":"","retest_period":"","storage_condition":"","product_document_data":""},"rank_math_description":"Oxaloacetic Acid CAS 328-42-7, purity 98,0%. Packed in drums \u00e0 25 kgs. Delivery direct from storage Hamburg. \/\/ biollachemicals.com","rank_math_focus_keyword":null,"taxonomy_info":{"product_cat":[{"value":129,"label":"Idustrial"}]},"featured_image_src_large":["https:\/\/biollachemicals.com\/wp-content\/uploads\/2020\/09\/magnesium-sulfate.jpg",500,500,false],"author_info":[],"comment_info":"","_links":{"self":[{"href":"https:\/\/biollachemicals.com\/de\/wp-json\/wp\/v2\/product\/956","targetHints":{"allow":["GET"]}}],"collection":[{"href":"https:\/\/biollachemicals.com\/de\/wp-json\/wp\/v2\/product"}],"about":[{"href":"https:\/\/biollachemicals.com\/de\/wp-json\/wp\/v2\/types\/product"}],"wp:featuredmedia":[{"embeddable":true,"href":"https:\/\/biollachemicals.com\/de\/wp-json\/wp\/v2\/media\/936"}],"wp:attachment":[{"href":"https:\/\/biollachemicals.com\/de\/wp-json\/wp\/v2\/media?parent=956"}],"wp:term":[{"taxonomy":"product_brand","embeddable":true,"href":"https:\/\/biollachemicals.com\/de\/wp-json\/wp\/v2\/product_brand?post=956"},{"taxonomy":"product_cat","embeddable":true,"href":"https:\/\/biollachemicals.com\/de\/wp-json\/wp\/v2\/product_cat?post=956"},{"taxonomy":"product_tag","embeddable":true,"href":"https:\/\/biollachemicals.com\/de\/wp-json\/wp\/v2\/product_tag?post=956"}],"curies":[{"name":"wp","href":"https:\/\/api.w.org\/{rel}","templated":true}]}}