{"id":941,"date":"2020-09-11T14:05:39","date_gmt":"2020-09-11T14:05:39","guid":{"rendered":"https:\/\/biollachemicals.com\/?post_type=product&#038;p=941"},"modified":"2024-04-28T10:41:22","modified_gmt":"2024-04-28T10:41:22","slug":"koffein-58-08-2","status":"publish","type":"product","link":"https:\/\/biollachemicals.com\/de\/produkt\/koffein-58-08-2\/","title":{"rendered":"Koffein wasserfrei"},"content":{"rendered":"<h3 class=\"wp-block-heading\">Koffein wasserfrei - reines Koffeinpulver!<\/h3>\n\n\n\n<h4 class=\"wp-block-heading\">Synonyme<\/h4>\n\n\n\n<p>1,3,7-Trimethylxanthin, Coffeinum, Koffein, Koffein<\/p>\n\n\n\n<h4 class=\"wp-block-heading\">Reines Koffeinpulver, wasserfrei in h\u00f6chster pharmazeutischer Qualit\u00e4t!<\/h4>\n\n\n\n<p>Unser wasserfreies Koffeinpulver (Koffein) ist die reinste Form von Koffein in pharmazeutischer Qualit\u00e4t. Koffein wasserfrei hat die gleiche Wirkung wie Koffein aus nat\u00fcrlichen Quellen, nur ist es als wasserfreies Produkt von h\u00f6herer und konstanterer Qualit\u00e4t.<\/p>\n\n\n\n<h4 class=\"wp-block-heading\">Anwendung Koffein wasserfrei<\/h4>\n\n\n\n<p>Koffein wird seit Jahrhunderten wegen seiner bekannten Wirkungen auf Geist und K\u00f6rper verwendet. Heutzutage ist Koffein sehr beliebt und ein wichtiger Bestandteil vieler Nahrungserg\u00e4nzungsmittel, Getr\u00e4nke und Sportlernahrung. Es hat viele verschiedene Wirkungen, die f\u00fcr Sportler, aber auch f\u00fcr Menschen, die keinen Sport treiben, von Vorteil sein k\u00f6nnen.<\/p>\n\n\n\n<p>Koffein wirkt synergistisch mit anderen Stimulanzien. Das bedeutet, dass es eine verst\u00e4rkende Wirkung hat.<\/p>\n\n\n\n<h4 class=\"wp-block-heading\">Vorkommen von Koffein<\/h4>\n\n\n\n<p>Koffein stammt aus verschiedenen nat\u00fcrlichen Quellen. Die bekannteste Quelle ist nat\u00fcrlich die Kaffeebohne. Man findet es auch in Teebl\u00e4ttern oder in den Samen der Guarana-Pflanze.<\/p>\n\n\n\n<h4 class=\"wp-block-heading\">Unser Koffein wasserfrei:<\/h4>\n\n\n\n<ul class=\"wp-block-list\">\n<li>Hohe Qualit\u00e4t<\/li>\n\n\n\n<li>Pharmazeutische Qualit\u00e4t<\/li>\n\n\n\n<li>Reinstes Koffein<\/li>\n\n\n\n<li>Wird schnell vom K\u00f6rper aufgenommen<\/li>\n\n\n\n<li>Schnelle Lieferung<\/li>\n\n\n\n<li>Verpackungsbeutel zu 25 kg<\/li>\n<\/ul>","protected":false},"excerpt":{"rendered":"<p>Caffeine anhydrous &#8211; pure caffeine powder! Synonyms 1,3,7-Trimethylxanthine, Caffeinum, Caffeine, Caffeine Pure caffeine powder, anhydrous in the highest pharmaceutical quality! Our anhydrous caffeine powder (caffeine) is the purest form of caffeine in pharmaceutical quality. Caffeine Anhydrous has the same effect as caffeine from natural sources, only as an anhydrous product it is of higher and [&hellip;]<\/p>\n","protected":false},"featured_media":942,"template":"","meta":{"_kad_blocks_custom_css":"","_kad_blocks_head_custom_js":"","_kad_blocks_body_custom_js":"","_kad_blocks_footer_custom_js":""},"product_brand":[],"product_cat":[115],"product_tag":[],"class_list":{"0":"post-941","1":"product","2":"type-product","3":"status-publish","4":"has-post-thumbnail","6":"product_cat-pharma","8":"first","9":"instock","10":"shipping-taxable","11":"product-type-simple"},"Meta Data":null,"meta_description":null,"Focus Keyword":null,"meta_box":{"cas_number":"58-08-2","chemical_formula":"C8H10N4O2","molecular_weight":"","einecs_number":"","product_packaging":"","substance_form":"","type_of_substance":"","percentage_percent":"","hs_code":"","pro_delivery_time":"","retest_period":"","storage_condition":"","product_document_data":""},"rank_math_description":"Boron CAS 7440-42-8 in purity series: 85%, 90%, 97%, packed in drums of 25 kg. Available immediately from warehouse in Hamburg. Order now at biolla.de","rank_math_focus_keyword":null,"taxonomy_info":{"product_cat":[{"value":115,"label":"Pharma"}]},"featured_image_src_large":["https:\/\/biollachemicals.com\/wp-content\/uploads\/2020\/09\/Zinkbisglycinat-705x470-1.jpg",705,470,false],"author_info":[],"comment_info":"","_links":{"self":[{"href":"https:\/\/biollachemicals.com\/de\/wp-json\/wp\/v2\/product\/941","targetHints":{"allow":["GET"]}}],"collection":[{"href":"https:\/\/biollachemicals.com\/de\/wp-json\/wp\/v2\/product"}],"about":[{"href":"https:\/\/biollachemicals.com\/de\/wp-json\/wp\/v2\/types\/product"}],"wp:featuredmedia":[{"embeddable":true,"href":"https:\/\/biollachemicals.com\/de\/wp-json\/wp\/v2\/media\/942"}],"wp:attachment":[{"href":"https:\/\/biollachemicals.com\/de\/wp-json\/wp\/v2\/media?parent=941"}],"wp:term":[{"taxonomy":"product_brand","embeddable":true,"href":"https:\/\/biollachemicals.com\/de\/wp-json\/wp\/v2\/product_brand?post=941"},{"taxonomy":"product_cat","embeddable":true,"href":"https:\/\/biollachemicals.com\/de\/wp-json\/wp\/v2\/product_cat?post=941"},{"taxonomy":"product_tag","embeddable":true,"href":"https:\/\/biollachemicals.com\/de\/wp-json\/wp\/v2\/product_tag?post=941"}],"curies":[{"name":"wp","href":"https:\/\/api.w.org\/{rel}","templated":true}]}}