{"id":865,"date":"2020-06-19T12:32:23","date_gmt":"2020-06-19T12:32:23","guid":{"rendered":"https:\/\/biollachemicals.com\/?post_type=product&#038;p=865"},"modified":"2024-08-30T21:22:34","modified_gmt":"2024-08-30T21:22:34","slug":"maltodextrin-cas-9050-36-6","status":"publish","type":"product","link":"https:\/\/biollachemicals.com\/de\/produkt\/maltodextrin-cas-9050-36-6\/","title":{"rendered":"Maltodextrin, Eur.Ph., Kosher, Halal, nicht GMO, CAS 9050-36-6"},"content":{"rendered":"<figure class=\"wp-block-image alignwide size-large\"><img loading=\"lazy\" decoding=\"async\" width=\"1030\" height=\"515\" src=\"https:\/\/biollachemicals.com\/wp-content\/uploads\/2020\/06\/Maltodextrin-Banner-2000px-1030x515.jpg\" alt=\"biolla Maltodextrin\" class=\"wp-image-3513\" srcset=\"https:\/\/biollachemicals.com\/wp-content\/uploads\/2020\/06\/Maltodextrin-Banner-2000px-1030x515.jpg 1030w, https:\/\/biollachemicals.com\/wp-content\/uploads\/2020\/06\/Maltodextrin-Banner-2000px-300x150.jpg 300w, https:\/\/biollachemicals.com\/wp-content\/uploads\/2020\/06\/Maltodextrin-Banner-2000px-768x384.jpg 768w, https:\/\/biollachemicals.com\/wp-content\/uploads\/2020\/06\/Maltodextrin-Banner-2000px-1536x768.jpg 1536w, https:\/\/biollachemicals.com\/wp-content\/uploads\/2020\/06\/Maltodextrin-Banner-2000px-18x9.jpg 18w, https:\/\/biollachemicals.com\/wp-content\/uploads\/2020\/06\/Maltodextrin-Banner-2000px-600x300.jpg 600w, https:\/\/biollachemicals.com\/wp-content\/uploads\/2020\/06\/Maltodextrin-Banner-2000px-64x32.jpg 64w, https:\/\/biollachemicals.com\/wp-content\/uploads\/2020\/06\/Maltodextrin-Banner-2000px.jpg 2000w\" sizes=\"auto, (max-width: 1030px) 100vw, 1030px\" \/><figcaption class=\"wp-element-caption\">biolla Maltodextrin<\/figcaption><\/figure>\n\n\n\n<h2 class=\"wp-block-heading\">biolla Maltodextrin, CAS 9050-36-6<\/h2>\n\n\n\n<h2 class=\"wp-block-heading\">Synonyme:<\/h2>\n\n\n\n<p>Maltodextrin; Dextrin auf Sepharose; Dextrin Typ I; Dextrin Typ II; Dextrin Typ III; Dextrin Typ IV; Dextrin 10<\/p>\n\n\n\n<h2 class=\"wp-block-heading\">Verpackung und Lieferzeiten von biolla Maltodextrin<\/h2>\n\n\n\n<p><span style=\"color: #339966;\"><strong>Verpackung<\/strong><\/span>: S\u00e4cke \u00e0 25 kg<\/p>\n\n\n\n<p><strong><span style=\"color: #339966;\">Lieferung<\/span><\/strong>: <strong>biolla Maltodextrin DE 19<\/strong> ist eines unserer Standardprodukte und kann innerhalb k\u00fcrzester Zeit ab Lager geliefert werden.<\/p>\n\n\n\n<p>Andere Maltodextrintypen werden innerhalb von ca. 2 Wochen geliefert.<\/p>\n\n\n<style>.kadence-column865_b3e7ee-c0{max-width:800px;margin-left:auto;margin-right:auto;}.wp-block-kadence-column.kb-section-dir-horizontal:not(.kb-section-md-dir-vertical)>.kt-inside-inner-col>.kadence-column865_b3e7ee-c0{-webkit-flex:0 1 800px;flex:0 1 800px;max-width:unset;margin-left:unset;margin-right:unset;}.kadence-column865_b3e7ee-c0 > .kt-inside-inner-col,.kadence-column865_b3e7ee-c0 > .kt-inside-inner-col:before{border-top-left-radius:0px;border-top-right-radius:0px;border-bottom-right-radius:0px;border-bottom-left-radius:0px;}.kadence-column865_b3e7ee-c0 > .kt-inside-inner-col{column-gap:var(--global-kb-gap-sm, 1rem);}.kadence-column865_b3e7ee-c0 > .kt-inside-inner-col{flex-direction:column;}.kadence-column865_b3e7ee-c0 > .kt-inside-inner-col > .aligncenter{width:100%;}.kadence-column865_b3e7ee-c0 > .kt-inside-inner-col:before{opacity:0.3;}.kadence-column865_b3e7ee-c0{text-align:left;}.kadence-column865_b3e7ee-c0{position:relative;}@media all and (min-width: 1025px){.wp-block-kadence-column.kb-section-dir-horizontal>.kt-inside-inner-col>.kadence-column865_b3e7ee-c0{-webkit-flex:0 1 800px;flex:0 1 800px;max-width:unset;margin-left:unset;margin-right:unset;}}@media all and (max-width: 1024px){.kadence-column865_b3e7ee-c0 > .kt-inside-inner-col{flex-direction:column;justify-content:center;}}@media all and (max-width: 767px){.wp-block-kadence-column.kb-section-sm-dir-vertical:not(.kb-section-sm-dir-horizontal):not(.kb-section-sm-dir-specificity)>.kt-inside-inner-col>.kadence-column865_b3e7ee-c0{max-width:800px;-webkit-flex:1;flex:1;margin-left:auto;margin-right:auto;}.kadence-column865_b3e7ee-c0 > .kt-inside-inner-col{flex-direction:column;justify-content:center;}}<\/style>\n<div class=\"wp-block-kadence-column kadence-column865_b3e7ee-c0\"><div class=\"kt-inside-inner-col\">\n<iframe loading=\"lazy\" width=\"800\" height=\"450\" src=\"https:\/\/www.youtube-nocookie.com\/embed\/HJt2S-CK8Cc?si=-pNAHS9CQ4oU-ZxV&amp;controls=0\" title=\"YouTube-Video-Player\" frameborder=\"0\" allow=\"accelerometer; autoplay; clipboard-write; encrypted-media; gyroscope; picture-in-picture; web-share\" referrerpolicy=\"strict-origin-when-cross-origin\" allowfullscreen><\/iframe>\n<\/div><\/div>\n\n\n\n<h4 class=\"wp-block-heading\"><a href=\"https:\/\/biollachemicals.com\/wp-content\/uploads\/2024\/06\/Maltodextrins-Leaflet-2022-05-small.pdf\" target=\"_blank\" rel=\"noreferrer noopener\">biolla Maltodextrin - Pr\u00e4sentation<\/a><\/h4>\n\n\n\n<p>biolla Chemicals bietet verschiedene Arten von Maltodextrin an:<\/p>\n\n\n\n<p>Spezifikation&nbsp;<a href=\"https:\/\/biollachemicals.com\/wp-content\/uploads\/2024\/06\/biolla-Maltodextrin-DE-10-EP_2023.pdf\" target=\"_blank\" rel=\"noreferrer noopener\"><strong>biolla Maltodextrin DE 10<\/strong><\/a><\/p>\n\n\n\n<p>Spezifikation&nbsp;<strong><a href=\"https:\/\/biollachemicals.com\/wp-content\/uploads\/2024\/06\/biolla-Maltodextrin-DE-15-EP_2023.pdf\" target=\"_blank\" rel=\"noreferrer noopener\">biolla Maltodextrin DE 15<\/a><\/strong><\/p>\n\n\n\n<p>Spezifikation&nbsp;<strong><a href=\"https:\/\/biollachemicals.com\/wp-content\/uploads\/2024\/06\/biolla-MaltodextrinDE19-Spezification.pdf\" target=\"_blank\" rel=\"noreferrer noopener\">biolla Maltodextrin DE 19<\/a><\/strong><\/p>\n\n\n\n<p>Spezifikation&nbsp;<strong><a href=\"https:\/\/biollachemicals.com\/wp-content\/uploads\/2024\/06\/biolla-Maltodextrin-DE-25-EP_2023.pdf\" target=\"_blank\" rel=\"noreferrer noopener\">biolla Maltodextrin DE 25<\/a><\/strong><\/p>\n\n\n\n<p>Spezifikation&nbsp;<strong><a href=\"https:\/\/biollachemicals.com\/wp-content\/uploads\/2024\/06\/biolla-MaltodextrinDE19-Spezification.pdf\" target=\"_blank\" rel=\"noreferrer noopener\">biolla Maltodextrin DE 19 braun<\/a><\/strong><\/p>\n\n\n\n<p>Spezifikation&nbsp;<strong><a href=\"https:\/\/biollachemicals.com\/wp-content\/uploads\/2024\/06\/TDS_DGS-DE-30_biolla-2023.pdf\" target=\"_blank\" rel=\"noreferrer noopener\">Getrockneter Glukosesirup DE 30<\/a><\/strong><\/p>\n\n\n\n<p>Spezifikation&nbsp;<a href=\"https:\/\/biollachemicals.com\/wp-content\/uploads\/2024\/06\/TDS_DGS-DE-38_biolla-2023.pdf\" target=\"_blank\" rel=\"noreferrer noopener\"><strong>Getrockneter Glukosesirup DE 38<\/strong><\/a><\/p>\n\n\n\n<p>Auf Anfrage k\u00f6nnen wir auch Maltodextrin DE 6 oder DE 8 und andere Modifikationen herstellen.<\/p>\n\n\n\n<p>\"DE\" ist ein Hinweis auf den prozentualen Anteil von Dextrose im Produkt. Die Produkte mit niedrigeren Zahlen werden vor allem bei der Zubereitung von So\u00dfen verwendet, um diese zu verdicken. Maltodextrin mit einem h\u00f6heren Dextroseanteil wird haupts\u00e4chlich f\u00fcr Sportern\u00e4hrung, Lebensmittel und Babynahrung verwendet.<\/p>\n\n\n\n<h2 class=\"wp-block-heading\">Verwendung von biolla Maltodextrin<\/h2>\n\n\n\n<p>Maltodextrin hat aufgrund seiner vielseitigen Verwendungsm\u00f6glichkeiten ein breites Spektrum an Einsatzm\u00f6glichkeiten. Einige der h\u00e4ufigsten Verwendungen sind:<\/p>\n\n\n\n<ul class=\"wp-block-list\">\n<li><strong>Essen und Trinken:<\/strong> Maltodextrin wird in der Lebensmittel- und Getr\u00e4nkeindustrie h\u00e4ufig als F\u00fcllstoff, Verdickungsmittel, Stabilisator und S\u00fc\u00dfungsmittel verwendet. Es wird in Produkten wie Backwaren, S\u00fc\u00dfwaren, So\u00dfen, Suppen, Instantgetr\u00e4nken, Proteinriegeln und vielen anderen Produkten verwendet, um Textur, Geschmack und S\u00fc\u00dfe zu verleihen.<\/li>\n\n\n\n<li><strong>Sportern\u00e4hrung:<\/strong> Maltodextrin wird h\u00e4ufig von Sportlern verwendet, um ihre Energiereserven wieder aufzuf\u00fcllen und ihre Leistung zu verbessern. Es kann in Form von Nahrungserg\u00e4nzungsmitteln oder als Zutat in Sportgetr\u00e4nken und -riegeln verwendet werden.<\/li>\n\n\n\n<li><strong>Medizinische Anwendungen<\/strong>: Maltodextrin kann in der pharmazeutischen Industrie als Tr\u00e4gerstoff f\u00fcr Arzneimittel verwendet werden, um deren Stabilit\u00e4t und Wirksamkeit zu erh\u00f6hen. Es kann auch als Verdickungsmittel in fl\u00fcssigen Nahrungsmitteln f\u00fcr Patienten mit Schluckbeschwerden oder in Form von l\u00f6slichen Ballaststoffpr\u00e4paraten verwendet werden.<\/li>\n\n\n\n<li><strong>Kosmetika und K\u00f6rperpflegemittel:<\/strong> Maltodextrin kann in Kosmetik- und K\u00f6rperpflegeprodukten als Feuchtigkeitsspender verwendet werden, um die Haut mit Feuchtigkeit zu versorgen und zu gl\u00e4tten.<\/li>\n<\/ul>\n\n\n\n<h2 class=\"wp-block-heading\">Vorteile von biolla-Maltodextrin<\/h2>\n\n\n\n<p>Maltodextrin ist eine Kohlenhydratverbindung, die aus mehreren Glukosemolek\u00fclen besteht. Es wird h\u00e4ufig in der Lebensmittel- und Sportern\u00e4hrungsindustrie als F\u00fcllstoff, Verdickungsmittel und S\u00fc\u00dfstoff verwendet. Einige der Vorteile von Maltodextrin sind:<\/p>\n\n\n\n<ul class=\"wp-block-list\">\n<li><span style=\"color: #339966;\"><strong>Quelle der Energie:<\/strong> <\/span>Maltodextrin wird vom K\u00f6rper schnell aufgenommen und kann als schnelle Energiequelle f\u00fcr den K\u00f6rper dienen. Es wird h\u00e4ufig von Sportlern w\u00e4hrend des Trainings oder Wettkampfs verwendet, um ihr Energieniveau aufrechtzuerhalten.<\/li>\n\n\n\n<li><span style=\"color: #339966;\"><strong>Verbessert die Ausdauer:<\/strong> <\/span>Maltodextrin kann dazu beitragen, die Ausdauer und Leistungsf\u00e4higkeit zu verbessern, indem es den K\u00f6rper schnell mit Kohlenhydraten versorgt und so die Glykogenspeicher des K\u00f6rpers aufrechterh\u00e4lt.<\/li>\n\n\n\n<li><span style=\"color: #339966;\"><strong>Bessere Verdauung:<\/strong> <\/span>Maltodextrin ist eine leicht verdauliche Kohlenhydratquelle und kann bei manchen Menschen die Verdauung verbessern.<\/li>\n\n\n\n<li><strong><span style=\"color: #339966;\">Glutenfrei<\/span><\/strong>: Maltodextrin wird h\u00e4ufig aus Maisst\u00e4rke hergestellt und ist daher glutenfrei, was f\u00fcr Menschen mit Glutenunvertr\u00e4glichkeit oder Z\u00f6liakie von Vorteil sein kann.<\/li>\n\n\n\n<li><strong><span style=\"color: #339966;\">Geringe S\u00fc\u00dfe:<\/span> <\/strong>Im Vergleich zu anderen S\u00fc\u00dfungsmitteln ist Maltodextrin weniger s\u00fc\u00df und kann daher als S\u00fc\u00dfungsmittel in Lebensmitteln verwendet werden, ohne den Geschmack zu stark zu beeintr\u00e4chtigen.<\/li>\n<\/ul>\n\n\n\n<h2 class=\"wp-block-heading\">Herstellungsprozess von biolla Maltodextrin<\/h2>\n\n\n\n<p>Maltodextrin wird durch die enzymatische Hydrolyse von St\u00e4rke gewonnen. biolla-Maltodextrin wird aus Mais hergestellt. Das Verfahren zur Herstellung von Maltodextrin umfasst im Wesentlichen die folgenden Schritte:<\/p>\n\n\n\n<ul class=\"wp-block-list\">\n<li><strong>Vorbereitung des Rohmaterials:<\/strong> Die St\u00e4rke wird aus den Rohstoffquellen (Mais) extrahiert und gereinigt, um Verunreinigungen zu entfernen.<\/li>\n\n\n\n<li><strong>Gelatinierung:<\/strong> Die St\u00e4rke wird in Wasser aufgel\u00f6st und bei hohen Temperaturen und hohem Druck gekocht, um sie zu gelieren, d. h. die St\u00e4rkek\u00f6rner werden gequollen und gebrochen.<\/li>\n\n\n\n<li><strong>Hydrolyse:<\/strong> Enzyme wie Alpha-Amylase und Glucoamylase werden der gelatinierten St\u00e4rke zugesetzt, um die langkettigen Glukosemolek\u00fcle in k\u00fcrzere Molek\u00fclketten aufzuspalten und Maltodextrin zu bilden.<\/li>\n\n\n\n<li><strong>S\u00e4uberung:<\/strong> Das entstandene Maltodextrin wird durch Filtration und Reinigung in mehreren Schritten von Enzymen und anderen Verunreinigungen befreit.<\/li>\n\n\n\n<li><strong>Trocknen:<\/strong> Anschlie\u00dfend wird das Maltodextrin getrocknet, um ihm die Feuchtigkeit zu entziehen und es in eine pulverisierte Form zu bringen.<\/li>\n<\/ul>\n\n\n\n<p>Das Endprodukt ist ein wei\u00dfes oder leicht gelbliches Pulver, das f\u00fcr verschiedene Anwendungen in der Lebensmittel- und Getr\u00e4nkeindustrie verwendet werden kann.<\/p>\n\n\n\n<h2 class=\"wp-block-heading\">Lieferung weltweit<\/h2>\n\n\n\n<p>Schnelle Lieferung ist f\u00fcr uns sehr wichtig! Wir wissen, dass unsere Kunden eine schnelle und zuverl\u00e4ssige Auftragsabwicklung erwarten. Deshalb garantieren wir unseren Kunden eine schnelle und professionelle Auftragsabwicklung. So k\u00f6nnen Sie sicher sein, dass Ihre Ware p\u00fcnktlich bei Ihnen eintrifft.<\/p>\n\n\n\n<p>Weitere Produkte von biolla chemicals:&nbsp;<strong><span style=\"color: #339966;\"><a style=\"color: #339966;\" href=\"https:\/\/biollachemicals.com\/de\/produkte\/\">Produktliste<\/a><\/span><\/strong><\/p>","protected":false},"excerpt":{"rendered":"<h4><a href=\"https:\/\/biollachemicals.com\/wp-content\/uploads\/2019\/11\/Maltodextrins-Leaflet-2022-05-small.pdf\">biolla Maltodextrin - Pr\u00e4sentation<\/a><\/h4>\n<p><strong>Verpackung:<\/strong> 25 kg mehrlagige Plastiks\u00e4cke<\/p>","protected":false},"featured_media":1696,"template":"","meta":{"_kad_blocks_custom_css":"","_kad_blocks_head_custom_js":"","_kad_blocks_body_custom_js":"","_kad_blocks_footer_custom_js":""},"product_brand":[],"product_cat":[109,115],"product_tag":[],"class_list":{"0":"post-865","1":"product","2":"type-product","3":"status-publish","4":"has-post-thumbnail","6":"product_cat-food-additives","7":"product_cat-pharma","9":"first","10":"instock","11":"featured","12":"shipping-taxable","13":"product-type-simple"},"Meta Data":null,"meta_description":null,"Focus Keyword":null,"meta_box":{"cas_number":"9050-36-6","chemical_formula":"C12H22O11","molecular_weight":"","einecs_number":"232-940-4","product_packaging":"","substance_form":"powder","type_of_substance":"","percentage_percent":"","hs_code":"1702905010","pro_delivery_time":"","retest_period":"","storage_condition":"","product_document_data":"<h4><a href=\"https:\/\/sk748bymj0.onrocket.site\/wp-content\/uploads\/2024\/06\/Maltodextrins-Leaflet-2022-05-small.pdf\" target=\"_blank\" rel=\"noopener\">biolla Maltodextrin \u2013 presentation<\/a><\/h4>\n<p>biolla chemicals offers several types of maltodextrin:<\/p>\n<p><!-- wp:paragraph --><\/p>\n<p>Specification\u00a0<a href=\"https:\/\/biollachemicals.com\/wp-content\/uploads\/2024\/06\/biolla-Maltodextrin-DE-10-EP_2023.pdf\" target=\"_blank\" rel=\"noreferrer noopener\"><strong>biolla Maltodextrin DE 10<\/strong><\/a><\/p>\n<p><!-- \/wp:paragraph --><\/p>\n<p><!-- wp:paragraph --><\/p>\n<p>Specification\u00a0<strong><a href=\"https:\/\/biollachemicals.com\/wp-content\/uploads\/2024\/06\/biolla-Maltodextrin-DE-15-EP_2023.pdf\" target=\"_blank\" rel=\"noreferrer noopener\">biolla Maltodextrin DE 15<\/a><\/strong><\/p>\n<p><!-- \/wp:paragraph --><\/p>\n<p><!-- wp:paragraph --><\/p>\n<p>Specification\u00a0<strong><a href=\"https:\/\/biollachemicals.com\/wp-content\/uploads\/2024\/06\/biolla-MaltodextrinDE19-Spezification.pdf\" target=\"_blank\" rel=\"noreferrer noopener\">biolla Maltodextrin DE 19<\/a><\/strong><\/p>\n<p><!-- \/wp:paragraph --><\/p>\n<p><!-- wp:paragraph --><\/p>\n<p>Specification\u00a0<strong><a href=\"https:\/\/biollachemicals.com\/wp-content\/uploads\/2024\/06\/biolla-Maltodextrin-DE-25-EP_2023.pdf\" target=\"_blank\" rel=\"noreferrer noopener\">biolla Maltodextrin DE 25<\/a><\/strong><\/p>\n<p><!-- \/wp:paragraph --><\/p>\n<p><!-- wp:paragraph --><\/p>\n<p>Specification\u00a0<strong><a href=\"https:\/\/biollachemicals.com\/wp-content\/uploads\/2024\/06\/biolla-MaltodextrinDE19-Spezification.pdf\" target=\"_blank\" rel=\"noreferrer noopener\">biolla Maltodextrin DE 19 brown<\/a><\/strong><\/p>\n<p><!-- \/wp:paragraph --><\/p>\n<p><!-- wp:paragraph --><\/p>\n<p>Specification\u00a0<strong><a href=\"https:\/\/biollachemicals.com\/wp-content\/uploads\/2024\/06\/TDS_DGS-DE-30_biolla-2023.pdf\" target=\"_blank\" rel=\"noreferrer noopener\">Dried Glucose Syrup DE 30<\/a><\/strong><\/p>\n<p><!-- \/wp:paragraph --><\/p>\n<p><!-- wp:paragraph --><\/p>\n<p>Specification\u00a0<a href=\"https:\/\/biollachemicals.com\/wp-content\/uploads\/2024\/06\/TDS_DGS-DE-38_biolla-2023.pdf\" target=\"_blank\" rel=\"noreferrer noopener\"><strong>Dried Glucose Syrup DE 38<\/strong><\/a><\/p>\n<p><!-- \/wp:paragraph --><\/p>\n"},"rank_math_description":"High quality Maltodextrin, ideally suits for baby, sport and pharma products. Prompt delivery from stock in Hamburg \/\/ biolla chemicals","rank_math_focus_keyword":"Maltodextrin","taxonomy_info":{"product_cat":[{"value":109,"label":"Food Components"},{"value":115,"label":"Pharma"}]},"featured_image_src_large":["https:\/\/biollachemicals.com\/wp-content\/uploads\/2020\/06\/prod1.jpg",379,242,false],"author_info":[],"comment_info":"","_links":{"self":[{"href":"https:\/\/biollachemicals.com\/de\/wp-json\/wp\/v2\/product\/865","targetHints":{"allow":["GET"]}}],"collection":[{"href":"https:\/\/biollachemicals.com\/de\/wp-json\/wp\/v2\/product"}],"about":[{"href":"https:\/\/biollachemicals.com\/de\/wp-json\/wp\/v2\/types\/product"}],"wp:featuredmedia":[{"embeddable":true,"href":"https:\/\/biollachemicals.com\/de\/wp-json\/wp\/v2\/media\/1696"}],"wp:attachment":[{"href":"https:\/\/biollachemicals.com\/de\/wp-json\/wp\/v2\/media?parent=865"}],"wp:term":[{"taxonomy":"product_brand","embeddable":true,"href":"https:\/\/biollachemicals.com\/de\/wp-json\/wp\/v2\/product_brand?post=865"},{"taxonomy":"product_cat","embeddable":true,"href":"https:\/\/biollachemicals.com\/de\/wp-json\/wp\/v2\/product_cat?post=865"},{"taxonomy":"product_tag","embeddable":true,"href":"https:\/\/biollachemicals.com\/de\/wp-json\/wp\/v2\/product_tag?post=865"}],"curies":[{"name":"wp","href":"https:\/\/api.w.org\/{rel}","templated":true}]}}