{"id":821,"date":"2020-06-09T14:09:43","date_gmt":"2020-06-09T14:09:43","guid":{"rendered":"https:\/\/biollachemicals.com\/?post_type=product&#038;p=821"},"modified":"2024-04-25T19:27:24","modified_gmt":"2024-04-25T19:27:24","slug":"zinkbisglycinat-cas-14281-83-5","status":"publish","type":"product","link":"https:\/\/biollachemicals.com\/de\/produkt\/zinkbisglycinat-cas-14281-83-5\/","title":{"rendered":"Zinkbisglycinat-Monohydrat CAS 14281-83-5"},"content":{"rendered":"<h2 class=\"wp-block-heading\">Zinkbisglycinat Monohydrat Lebensmittelqualit\u00e4t, 30%<\/h2>\n\n\n\n<h4 class=\"wp-block-heading\">Synonyme<\/h4>\n\n\n\n<p>Zinkbisglycinat, Zinkglycinat, Glycin-Zink-Salz, Zinkbisglycinat Chelat, Zinkglycinat Chelat<\/p>\n\n\n\n<h4 class=\"wp-block-heading\">Beschreibung<\/h4>\n\n\n\n<p>Zinkbisglycinat CAS 14281-83-5 ist eine Chelatverbindung, die aus Glycin und Zink gebildet wird. Es hat ein geringes Molekulargewicht und kann insgesamt absorbiert werden. Zinkbisglycinat CAS 14281-83-5 ist eine neue Generation von sicheren und effizienten organischen Zinkzus\u00e4tzen. Die Struktur ist ein typisches Zinkchelat mit zwei Aminos\u00e4uren. Die Absorptionseffizienz im Darmtrakt von Zinkbisglycinat CAS 14281-83-5 ist sehr hoch und verursacht keine Wechselwirkungen mit anderen Elementen.<br>Wir bieten ein reines Zinkbisglycinat-Monohydratpulver an. Dieses Chelat hat einen hohen Zinkgehalt von 27%, einen sehr niedrigen Pb \/ Cd \/ As \/ Hg-Gehalt. Zink ist wichtig f\u00fcr das Wachstum, die Reifung und die Entwicklung des K\u00f6rpers, sowie f\u00fcr die Gewebereparatur und die Widerstandsf\u00e4higkeit gegen Krankheiten.<\/p>\n\n\n\n<p>Zinkbisglycinat cas 14281-83-5 wird haupts\u00e4chlich als Lebensmittelzusatzstoff verwendet. Es kann in Molkereiprodukten (Milchpulver, Milch, Sojamilch usw.), festen Getr\u00e4nken, Getreideprodukten, Salz und anderen Lebensmitteln angereichert werden.<\/p>\n\n\n\n<p>Zinkbisglycinat CAS 14281-83-5 hat eine sehr breite Anwendung bei der Herstellung von Nahrungserg\u00e4nzungsmitteln gefunden.<\/p>\n\n\n\n<h4 class=\"wp-block-heading\">Anwendungsbereiche<\/h4>\n\n\n\n<ul class=\"wp-block-list\">\n<li>Nahrungserg\u00e4nzungsmittel<\/li>\n\n\n\n<li>Lebensmittel<\/li>\n\n\n\n<li>Medizin<\/li>\n\n\n\n<li>Futtermittel<\/li>\n\n\n\n<li>Andere Branchen<\/li>\n<\/ul>\n\n\n\n<figure class=\"wp-block-table is-style-stripes\"><table><tbody><tr><td>Erscheinungsbild<\/td><td>Kristall-Pulver<\/td><\/tr><tr><td>Verpackung<\/td><td>S\u00e4cke zu 25 kg<\/td><\/tr><\/tbody><\/table><\/figure>","protected":false},"excerpt":{"rendered":"<p>Zinc Bisglycinate Monohydrat Food Grade, 30% Synonyme Zinc Bisglycinate, Zinc glycinate, Glycine Zinc Salt, Zinc Bisglycinate Chelate, Zinc Glycinate Chelate Descripton Zinc bisglycinate CAS 14281-83-5 is a chelate compound that is formed from glycine and zinc. It has a small molecular weight and can be absorbed overall. Zinc bisglycinate CAS 14281-83-5 is a new generation [&hellip;]<\/p>\n","protected":false},"featured_media":620,"template":"","meta":{"_kad_blocks_custom_css":"","_kad_blocks_head_custom_js":"","_kad_blocks_body_custom_js":"","_kad_blocks_footer_custom_js":""},"product_brand":[],"product_cat":[129,105],"product_tag":[],"class_list":{"0":"post-821","1":"product","2":"type-product","3":"status-publish","4":"has-post-thumbnail","6":"product_cat-idustrial","7":"product_cat-supplements","9":"first","10":"instock","11":"shipping-taxable","12":"product-type-simple"},"Meta Data":null,"meta_description":null,"Focus Keyword":null,"meta_box":{"cas_number":"14281-83-5","chemical_formula":"Zn(C2H4NO2)2","molecular_weight":"","einecs_number":"","product_packaging":"","substance_form":"","type_of_substance":"","percentage_percent":"","hs_code":"2922500090","pro_delivery_time":"","retest_period":"","storage_condition":"Tightly closed, dry and store at room temperature","product_document_data":"<p><strong>Specification:\u00a0<\/strong><a href=\"https:\/\/biollachemicals.com\/\/wp-content\/uploads\/2020\/06\/Specification-Zinc-Bisglycinate-ENG.pdf\" target=\"_blank\" rel=\"noopener\">Zinc Bisglycinate Food Grade<\/a><\/p>\n"},"rank_math_description":"Zinc Bisglycinate Monohydrat, CAS 14281-83-5, Food Grade, packed in bags \u00e0 25 kgs. Delivery promt from storage Hamburg, Request here: biollachemicals.com","rank_math_focus_keyword":null,"taxonomy_info":{"product_cat":[{"value":129,"label":"Idustrial"},{"value":105,"label":"Vitamins"}]},"featured_image_src_large":["https:\/\/biollachemicals.com\/wp-content\/uploads\/2019\/08\/Potassium-nitrate-CAS-7757-79-1-Kaliumnitrate-1030x687.jpg",1030,687,true],"author_info":[],"comment_info":"","_links":{"self":[{"href":"https:\/\/biollachemicals.com\/de\/wp-json\/wp\/v2\/product\/821","targetHints":{"allow":["GET"]}}],"collection":[{"href":"https:\/\/biollachemicals.com\/de\/wp-json\/wp\/v2\/product"}],"about":[{"href":"https:\/\/biollachemicals.com\/de\/wp-json\/wp\/v2\/types\/product"}],"wp:featuredmedia":[{"embeddable":true,"href":"https:\/\/biollachemicals.com\/de\/wp-json\/wp\/v2\/media\/620"}],"wp:attachment":[{"href":"https:\/\/biollachemicals.com\/de\/wp-json\/wp\/v2\/media?parent=821"}],"wp:term":[{"taxonomy":"product_brand","embeddable":true,"href":"https:\/\/biollachemicals.com\/de\/wp-json\/wp\/v2\/product_brand?post=821"},{"taxonomy":"product_cat","embeddable":true,"href":"https:\/\/biollachemicals.com\/de\/wp-json\/wp\/v2\/product_cat?post=821"},{"taxonomy":"product_tag","embeddable":true,"href":"https:\/\/biollachemicals.com\/de\/wp-json\/wp\/v2\/product_tag?post=821"}],"curies":[{"name":"wp","href":"https:\/\/api.w.org\/{rel}","templated":true}]}}