{"id":742,"date":"2019-10-15T10:00:59","date_gmt":"2019-10-15T10:00:59","guid":{"rendered":"https:\/\/biollachemicals.com\/en\/?post_type=product&#038;p=742"},"modified":"2024-04-26T06:50:31","modified_gmt":"2024-04-26T06:50:31","slug":"natriumerythorbat-6381-77-7","status":"publish","type":"product","link":"https:\/\/biollachemicals.com\/de\/produkt\/natriumerythorbat-6381-77-7\/","title":{"rendered":"Natriumerythorbat, CAS 6381-77-7"},"content":{"rendered":"<h4 class=\"wp-block-heading\">Synonyme<\/h4>\n\n\n\n<p>2,3-Didehydro-3-O-sodio-D-erythro-hexono-1,4-lacton; Natriumisoascorbat; Isona; Isoascorbins\u00e4ure-Natriumsalz; C6H7O6Na-H2O; Natriumisoascorbat<\/p>\n\n\n\n<h4 class=\"wp-block-heading\">Anmeldung<\/h4>\n\n\n\n<p>Natriumerythorbat ist ein wichtiges Antioxidationsmittel in der Lebensmittelindustrie, das die Farbe und den nat\u00fcrlichen Geschmack von Lebensmitteln bewahrt und ihre Haltbarkeit verl\u00e4ngert, ohne toxische Wirkungen oder Nebenwirkungen hervorzurufen. Es wird in der Fleischverarbeitung, in Obst, Gem\u00fcse, Dosen und Marmelade verwendet. Natriumerythorbat wird in Getr\u00e4nken wie Bier, Traubenwein, Erfrischungsgetr\u00e4nken, Fr\u00fcchtetees und Fruchts\u00e4ften verwendet.<\/p>\n\n\n\n<h4 class=\"wp-block-heading\">Spezifikationen<\/h4>\n\n\n\n<figure class=\"wp-block-table is-style-stripes\"><table><tbody><tr><td>Erscheinungsbild<\/td><td>Wei\u00dfes kristallines Granulat<\/td><\/tr><tr><td>Assay<\/td><td>min 98.0%<\/td><\/tr><tr><td>Spezifische Rotation<\/td><td>+95\u00b0bis+98\u00b0<\/td><\/tr><tr><td>PH(10%)<\/td><td>5,5 bis 8,0<\/td><\/tr><tr><td>Verlust beim Trocknen<\/td><td>max. 0,25%<\/td><\/tr><tr><td>Blei<\/td><td>max. 2mg\/kg<\/td><\/tr><tr><td>Schwermetalle (als Pb)<\/td><td>max. 10 mg\/kg<\/td><\/tr><tr><td>Verpacken<\/td><td>Natriumerythorbat ist in Kartons zu 25 kg erh\u00e4ltlich.<\/td><\/tr><\/tbody><\/table><\/figure>","protected":false},"excerpt":{"rendered":"<p>Synonyms 2,3-didehydro-3-O-sodio-D-erythro-hexono-1,4-lactone; Sodium isoascorbate; Isona; Isoascorbic acid sodium salt; C6H7O6Na\u0387H2O; Natriumisoascorbat Application Sodium Erythorbate is important antioxidant in food industry, which keeps the color, natural flavor of food and lengthen its storage without any toxic and side effects. They are used in meat processing, fruits, vegetable, tin and jam. Sodium Erythorbate is used in drinks, [&hellip;]<\/p>\n","protected":false},"featured_media":620,"template":"","meta":{"_kad_blocks_custom_css":"","_kad_blocks_head_custom_js":"","_kad_blocks_body_custom_js":"","_kad_blocks_footer_custom_js":""},"product_brand":[],"product_cat":[107,129],"product_tag":[],"class_list":{"0":"post-742","1":"product","2":"type-product","3":"status-publish","4":"has-post-thumbnail","6":"product_cat-food","7":"product_cat-idustrial","9":"first","10":"instock","11":"shipping-taxable","12":"product-type-simple"},"Meta Data":null,"meta_description":null,"Focus Keyword":null,"meta_box":{"cas_number":"6381-77-7","chemical_formula":"C6H7NaO6 H2O","molecular_weight":"216.3","einecs_number":"228-973-9","product_packaging":"","substance_form":"","type_of_substance":"","percentage_percent":"","hs_code":"","pro_delivery_time":"","retest_period":"","storage_condition":"It must be stored in the warehouse of ventilation, dry shady and cool, and cannot be mixed with poisonous","product_document_data":""},"rank_math_description":null,"rank_math_focus_keyword":null,"taxonomy_info":{"product_cat":[{"value":107,"label":"Food"},{"value":129,"label":"Idustrial"}]},"featured_image_src_large":["https:\/\/biollachemicals.com\/wp-content\/uploads\/2019\/08\/Potassium-nitrate-CAS-7757-79-1-Kaliumnitrate-1030x687.jpg",1030,687,true],"author_info":[],"comment_info":"","_links":{"self":[{"href":"https:\/\/biollachemicals.com\/de\/wp-json\/wp\/v2\/product\/742","targetHints":{"allow":["GET"]}}],"collection":[{"href":"https:\/\/biollachemicals.com\/de\/wp-json\/wp\/v2\/product"}],"about":[{"href":"https:\/\/biollachemicals.com\/de\/wp-json\/wp\/v2\/types\/product"}],"wp:featuredmedia":[{"embeddable":true,"href":"https:\/\/biollachemicals.com\/de\/wp-json\/wp\/v2\/media\/620"}],"wp:attachment":[{"href":"https:\/\/biollachemicals.com\/de\/wp-json\/wp\/v2\/media?parent=742"}],"wp:term":[{"taxonomy":"product_brand","embeddable":true,"href":"https:\/\/biollachemicals.com\/de\/wp-json\/wp\/v2\/product_brand?post=742"},{"taxonomy":"product_cat","embeddable":true,"href":"https:\/\/biollachemicals.com\/de\/wp-json\/wp\/v2\/product_cat?post=742"},{"taxonomy":"product_tag","embeddable":true,"href":"https:\/\/biollachemicals.com\/de\/wp-json\/wp\/v2\/product_tag?post=742"}],"curies":[{"name":"wp","href":"https:\/\/api.w.org\/{rel}","templated":true}]}}