{"id":3602,"date":"2024-11-27T09:24:07","date_gmt":"2024-11-27T09:24:07","guid":{"rendered":"https:\/\/biollachemicals.com\/?post_type=product&#038;p=3602"},"modified":"2024-11-28T08:11:07","modified_gmt":"2024-11-28T08:11:07","slug":"blueberry-extract-101","status":"publish","type":"product","link":"https:\/\/biollachemicals.com\/de\/produkt\/blueberry-extract-101\/","title":{"rendered":"Heidelbeer-Extrakt"},"content":{"rendered":"<p><strong>Heidelbeerextrakt - Antioxidative Kraft f\u00fcr Gesundheit und Vitalit\u00e4t<\/strong><br>Heidelbeeren (Vaccinium spp.) sind kleine, aber m\u00e4chtige Fr\u00fcchte, die f\u00fcr ihren hohen Gehalt an Antioxidantien und essentiellen N\u00e4hrstoffen bekannt sind. Heidelbeerextrakt f\u00e4ngt die gesundheitsf\u00f6rdernden Eigenschaften dieser Superfrucht in konzentrierter Form ein und bietet eine bequeme und effektive M\u00f6glichkeit, das allgemeine Wohlbefinden, die kognitive Funktion und die Hautgesundheit zu unterst\u00fctzen.<\/p>\n\n\n\n<h3 class=\"wp-block-heading\"><strong>Wichtigste Vorteile<\/strong>:<\/h3>\n\n\n\n<ul class=\"wp-block-list\">\n<li><strong>Antioxidantien-Reich<\/strong>: Mit Anthocyanen, Polyphenolen und Vitamin C, die freie Radikale bek\u00e4mpfen und die Zellgesundheit f\u00f6rdern.<\/li>\n\n\n\n<li><strong>Unterst\u00fctzung des Gehirns<\/strong>: Verbessert die kognitive Funktion, das Ged\u00e4chtnis und die Konzentration, indem es die gesunde Alterung des Gehirns unterst\u00fctzt.<\/li>\n\n\n\n<li><strong>Immunit\u00e4tsschub<\/strong>: St\u00e4rkt auf nat\u00fcrliche Weise die Immunit\u00e4t durch seine entz\u00fcndungshemmenden und antimikrobiellen Eigenschaften.<\/li>\n\n\n\n<li><strong>Herzgesundheit<\/strong>: Unterst\u00fctzt das kardiovaskul\u00e4re Wohlbefinden durch F\u00f6rderung eines gesunden Blutdrucks und Kreislaufs.<\/li>\n\n\n\n<li><strong>Gesundheit der Haut<\/strong>: Sch\u00fctzt vor oxidativen Sch\u00e4den und hilft, einen jugendlichen und strahlenden Teint zu erhalten.<\/li>\n\n\n\n<li><strong>Gesundheit der Augen<\/strong>: F\u00f6rdert gesundes Sehen und hilft, die Erm\u00fcdung der Augen zu verringern, insbesondere bei Personen, die viel am Bildschirm arbeiten.<\/li>\n<\/ul>\n\n\n\n<h3 class=\"wp-block-heading\"><strong>Warum sollten Sie sich f\u00fcr unseren Heidelbeerextrakt entscheiden?<\/strong><\/h3>\n\n\n\n<ul class=\"wp-block-list\">\n<li>Gewonnen aus hochwertigen Blaubeeren f\u00fcr h\u00f6chste Potenz und Reinheit.<\/li>\n\n\n\n<li>100% nat\u00fcrlich, vegan und frei von k\u00fcnstlichen Zus\u00e4tzen oder F\u00fcllstoffen.<\/li>\n\n\n\n<li>Praktische Pulverform - perfekt zum Hinzuf\u00fcgen zu Smoothies, Joghurts oder Getr\u00e4nken.<\/li>\n\n\n\n<li>Hochkonzentriert, um in kleinen Portionen maximale gesundheitliche Vorteile zu bieten.<\/li>\n<\/ul>\n\n\n\n<p>Verbessern Sie Ihre Wellness-Routine mit <strong>Heidelbeer-Extrakt<\/strong> - eine k\u00f6stliche, nat\u00fcrliche Art, Ihren K\u00f6rper und Geist mit starken Antioxidantien und N\u00e4hrstoffen zu versorgen.<\/p>\n\n\n\n<p><\/p>","protected":false},"excerpt":{"rendered":"<p>Heidelbeerextrakt 10:1<\/p>","protected":false},"featured_media":3616,"template":"","meta":{"_kad_blocks_custom_css":"","_kad_blocks_head_custom_js":"","_kad_blocks_body_custom_js":"","_kad_blocks_footer_custom_js":""},"product_brand":[],"product_cat":[143],"product_tag":[],"class_list":{"0":"post-3602","1":"product","2":"type-product","3":"status-publish","4":"has-post-thumbnail","6":"product_cat-plant-extracts","8":"first","9":"instock","10":"shipping-taxable","11":"product-type-simple"},"Meta Data":null,"meta_description":null,"Focus Keyword":null,"meta_box":{"cas_number":"84082-34-8","chemical_formula":"","molecular_weight":"","einecs_number":"","product_packaging":"drum 25 kg","substance_form":"","type_of_substance":"","percentage_percent":"","hs_code":"","pro_delivery_time":"","retest_period":"","storage_condition":"","product_document_data":"<p>Blueberry extract 10:1<\/p>\n"},"rank_math_description":null,"rank_math_focus_keyword":null,"taxonomy_info":{"product_cat":[{"value":143,"label":"Extracts"}]},"featured_image_src_large":["https:\/\/biollachemicals.com\/wp-content\/uploads\/2024\/11\/Blueberry.jpg",483,724,false],"author_info":[],"comment_info":"","_links":{"self":[{"href":"https:\/\/biollachemicals.com\/de\/wp-json\/wp\/v2\/product\/3602","targetHints":{"allow":["GET"]}}],"collection":[{"href":"https:\/\/biollachemicals.com\/de\/wp-json\/wp\/v2\/product"}],"about":[{"href":"https:\/\/biollachemicals.com\/de\/wp-json\/wp\/v2\/types\/product"}],"wp:featuredmedia":[{"embeddable":true,"href":"https:\/\/biollachemicals.com\/de\/wp-json\/wp\/v2\/media\/3616"}],"wp:attachment":[{"href":"https:\/\/biollachemicals.com\/de\/wp-json\/wp\/v2\/media?parent=3602"}],"wp:term":[{"taxonomy":"product_brand","embeddable":true,"href":"https:\/\/biollachemicals.com\/de\/wp-json\/wp\/v2\/product_brand?post=3602"},{"taxonomy":"product_cat","embeddable":true,"href":"https:\/\/biollachemicals.com\/de\/wp-json\/wp\/v2\/product_cat?post=3602"},{"taxonomy":"product_tag","embeddable":true,"href":"https:\/\/biollachemicals.com\/de\/wp-json\/wp\/v2\/product_tag?post=3602"}],"curies":[{"name":"wp","href":"https:\/\/api.w.org\/{rel}","templated":true}]}}