{"id":3600,"date":"2024-11-27T09:14:32","date_gmt":"2024-11-27T09:14:32","guid":{"rendered":"https:\/\/biollachemicals.com\/?post_type=product&#038;p=3600"},"modified":"2024-11-28T11:23:41","modified_gmt":"2024-11-28T11:23:41","slug":"valerian-extract-powder","status":"publish","type":"product","link":"https:\/\/biollachemicals.com\/de\/produkt\/valerian-extract-powder\/","title":{"rendered":"Baldrianextrakt-Pulver"},"content":{"rendered":"<p><strong>Baldrianextrakt - Nat\u00fcrliche Entspannung und Schlafunterst\u00fctzung<\/strong><br>Baldrian (Valeriana officinalis) ist ein altehrw\u00fcrdiges pflanzliches Heilmittel, das f\u00fcr seine beruhigenden Eigenschaften und seine F\u00e4higkeit, einen erholsamen Schlaf zu f\u00f6rdern, bekannt ist. Dieses nat\u00fcrliche Nahrungserg\u00e4nzungsmittel wird aus den Wurzeln der Baldrianpflanze gewonnen und ist ideal f\u00fcr alle, die Stress abbauen, die Schlafqualit\u00e4t verbessern und sich besser entspannen m\u00f6chten.<\/p>\n\n\n\n<h3 class=\"wp-block-heading\"><strong>Wichtigste Vorteile<\/strong>:<\/h3>\n\n\n\n<ul class=\"wp-block-list\">\n<li><strong>F\u00f6rdert den erholsamen Schlaf<\/strong>: Unterst\u00fctzt einen gesunden Schlafzyklus und hilft, die Einschlafzeit zu verk\u00fcrzen.<\/li>\n\n\n\n<li><strong>Stressabbau<\/strong>: Beruhigt Geist und K\u00f6rper auf nat\u00fcrliche Weise und reduziert Gef\u00fchle von Angst und Anspannung.<\/li>\n\n\n\n<li><strong>Stimmungsunterst\u00fctzung<\/strong>: Verbessert das emotionale Wohlbefinden durch Unterst\u00fctzung des Nervensystems.<\/li>\n\n\n\n<li><strong>Nicht-gewohnheitsbildend<\/strong>: Bietet eine sanfte, nat\u00fcrliche Alternative zu herk\u00f6mmlichen Schlafmitteln.<\/li>\n\n\n\n<li><strong>Entspannung der Muskeln<\/strong>: Hilft, Muskelverspannungen zu l\u00f6sen und f\u00f6rdert die allgemeine k\u00f6rperliche Entspannung.<\/li>\n\n\n\n<li><strong>Kognitive Unterst\u00fctzung<\/strong>: Hilft bei der Verringerung der geistigen Erm\u00fcdung und verbessert die Konzentration in stressigen Zeiten.<\/li>\n<\/ul>\n\n\n\n<h3 class=\"wp-block-heading\"><strong>Warum sollten Sie unseren Baldrianextrakt w\u00e4hlen?<\/strong><\/h3>\n\n\n\n<ul class=\"wp-block-list\">\n<li>Wird aus hochwertigen Baldrianwurzeln gewonnen, um die Wirksamkeit und Reinheit zu gew\u00e4hrleisten.<\/li>\n\n\n\n<li>100% nat\u00fcrlich, vegan-freundlich und frei von k\u00fcnstlichen Zusatz- oder F\u00fcllstoffen.<\/li>\n\n\n\n<li>Praktische Pulverform - perfekt f\u00fcr Tees, Tinkturen oder als eigenst\u00e4ndige Erg\u00e4nzung.<\/li>\n\n\n\n<li>Sorgf\u00e4ltig verarbeitet, um die aktiven Bestandteile der Pflanze f\u00fcr eine optimale Wirksamkeit zu erhalten.<\/li>\n<\/ul>\n\n\n\n<p>Entdecken Sie die Ruhe wieder mit <strong>Baldrian-Extrakt<\/strong> - Ihr nat\u00fcrlicher Verb\u00fcndeter f\u00fcr besseren Schlaf, weniger Stress und mehr Entspannung.<\/p>","protected":false},"excerpt":{"rendered":"<p>Baldrianextrakt-Pulver<\/p>","protected":false},"featured_media":3624,"template":"","meta":{"_kad_blocks_custom_css":"","_kad_blocks_head_custom_js":"","_kad_blocks_body_custom_js":"","_kad_blocks_footer_custom_js":""},"product_brand":[],"product_cat":[143],"product_tag":[],"class_list":{"0":"post-3600","1":"product","2":"type-product","3":"status-publish","4":"has-post-thumbnail","6":"product_cat-plant-extracts","8":"first","9":"instock","10":"shipping-taxable","11":"product-type-simple"},"Meta Data":null,"meta_description":null,"Focus Keyword":null,"meta_box":{"cas_number":"8057-49-6","chemical_formula":"","molecular_weight":"","einecs_number":"","product_packaging":"drum 25 kg","substance_form":"","type_of_substance":"","percentage_percent":"","hs_code":"","pro_delivery_time":"","retest_period":"","storage_condition":"","product_document_data":"<p>Valerian Extract Powder<\/p>\n"},"rank_math_description":null,"rank_math_focus_keyword":null,"taxonomy_info":{"product_cat":[{"value":143,"label":"Extracts"}]},"featured_image_src_large":["https:\/\/biollachemicals.com\/wp-content\/uploads\/2024\/11\/Valerian-Plant.jpg",1000,677,false],"author_info":[],"comment_info":"","_links":{"self":[{"href":"https:\/\/biollachemicals.com\/de\/wp-json\/wp\/v2\/product\/3600","targetHints":{"allow":["GET"]}}],"collection":[{"href":"https:\/\/biollachemicals.com\/de\/wp-json\/wp\/v2\/product"}],"about":[{"href":"https:\/\/biollachemicals.com\/de\/wp-json\/wp\/v2\/types\/product"}],"wp:featuredmedia":[{"embeddable":true,"href":"https:\/\/biollachemicals.com\/de\/wp-json\/wp\/v2\/media\/3624"}],"wp:attachment":[{"href":"https:\/\/biollachemicals.com\/de\/wp-json\/wp\/v2\/media?parent=3600"}],"wp:term":[{"taxonomy":"product_brand","embeddable":true,"href":"https:\/\/biollachemicals.com\/de\/wp-json\/wp\/v2\/product_brand?post=3600"},{"taxonomy":"product_cat","embeddable":true,"href":"https:\/\/biollachemicals.com\/de\/wp-json\/wp\/v2\/product_cat?post=3600"},{"taxonomy":"product_tag","embeddable":true,"href":"https:\/\/biollachemicals.com\/de\/wp-json\/wp\/v2\/product_tag?post=3600"}],"curies":[{"name":"wp","href":"https:\/\/api.w.org\/{rel}","templated":true}]}}