{"id":3591,"date":"2024-11-27T09:10:39","date_gmt":"2024-11-27T09:10:39","guid":{"rendered":"https:\/\/biollachemicals.com\/?post_type=product&#038;p=3591"},"modified":"2024-11-28T11:08:54","modified_gmt":"2024-11-28T11:08:54","slug":"saw-palmetto-extract","status":"publish","type":"product","link":"https:\/\/biollachemicals.com\/de\/produkt\/saw-palmetto-extract\/","title":{"rendered":"S\u00e4gepalmenextrakt"},"content":{"rendered":"<p><strong>S\u00e4gepalmenextrakt - Nat\u00fcrliche Unterst\u00fctzung f\u00fcr die Prostata und die hormonelle Gesundheit<\/strong><br>Die S\u00e4gepalme (Serenoa repens) ist eine kleine, in Nordamerika beheimatete Palmenpflanze, die f\u00fcr ihre Rolle bei der Unterst\u00fctzung der Gesundheit und des hormonellen Gleichgewichts von M\u00e4nnern bekannt ist. Reich an Fetts\u00e4uren und Phytosterolen, ist S\u00e4gepalmenextrakt eine nat\u00fcrliche L\u00f6sung zur F\u00f6rderung der Gesundheit der Prostata, des hormonellen Gleichgewichts und der allgemeinen Vitalit\u00e4t.<\/p>\n\n\n\n<h3 class=\"wp-block-heading\"><strong>Wichtigste Vorteile<\/strong>:<\/h3>\n\n\n\n<ul class=\"wp-block-list\">\n<li><strong>Gesundheit der Prostata<\/strong>: Unterst\u00fctzt eine gesunde Prostata und hilft, die mit der gutartigen Prostatahyperplasie (BPH) verbundenen Symptome zu reduzieren.<\/li>\n\n\n\n<li><strong>Hormonelles Gleichgewicht<\/strong>: Hilft bei der Regulierung des Testosteronspiegels und unterst\u00fctzt die reproduktive Gesundheit und Vitalit\u00e4t.<\/li>\n\n\n\n<li><strong>Gesundheit der Haare<\/strong>: F\u00f6rdert ein gesundes Haarwachstum durch die Bek\u00e4mpfung von DHT (Dihydrotestosteron), einem Hormon, das mit dem Ausd\u00fcnnen der Haare in Verbindung gebracht wird.<\/li>\n\n\n\n<li><strong>Gesundheit der Harnwege<\/strong>: F\u00f6rdert die normale Funktion der Harnwege und reduziert die H\u00e4ufigkeit von Problemen bei M\u00e4nnern.<\/li>\n\n\n\n<li><strong>Entz\u00fcndungshemmende Eigenschaften<\/strong>: Wirkt entz\u00fcndungshemmend und unterst\u00fctzt das allgemeine Wohlbefinden und den Komfort.<\/li>\n\n\n\n<li><strong>Energie &amp; Vitalit\u00e4t<\/strong>: F\u00f6rdert das allgemeine Wohlbefinden durch Unterst\u00fctzung der hormonellen und metabolischen Funktionen.<\/li>\n<\/ul>\n\n\n\n<h3 class=\"wp-block-heading\"><strong>Warum sollten Sie unseren S\u00e4gepalmenextrakt w\u00e4hlen?<\/strong><\/h3>\n\n\n\n<ul class=\"wp-block-list\">\n<li>Hergestellt aus hochwertigen S\u00e4gepalmenbeeren f\u00fcr maximale Wirksamkeit.<\/li>\n\n\n\n<li>Standardisiert f\u00fcr aktive Verbindungen, um konsistente Ergebnisse zu gew\u00e4hrleisten.<\/li>\n\n\n\n<li>100% nat\u00fcrlich, vegan-freundlich und frei von k\u00fcnstlichen Zusatz- oder F\u00fcllstoffen.<\/li>\n\n\n\n<li>Einfach zu verwendendes Pulver, perfekt f\u00fcr Smoothies, Tees oder Kapseln.<\/li>\n<\/ul>\n\n\n\n<p>Erleben Sie die Vorteile von <strong>S\u00e4gepalmenextrakt<\/strong> - Ihr nat\u00fcrlicher Verb\u00fcndeter f\u00fcr die Gesundheit der Prostata, das hormonelle Gleichgewicht und die allgemeine Vitalit\u00e4t.<\/p>\n\n\n\n<p><\/p>","protected":false},"excerpt":{"rendered":"<p>S\u00e4gepalmenextrakt<\/p>","protected":false},"featured_media":3623,"template":"","meta":{"_kad_blocks_custom_css":"","_kad_blocks_head_custom_js":"","_kad_blocks_body_custom_js":"","_kad_blocks_footer_custom_js":""},"product_brand":[],"product_cat":[143],"product_tag":[],"class_list":{"0":"post-3591","1":"product","2":"type-product","3":"status-publish","4":"has-post-thumbnail","6":"product_cat-plant-extracts","8":"first","9":"instock","10":"shipping-taxable","11":"product-type-simple"},"Meta Data":null,"meta_description":null,"Focus Keyword":null,"meta_box":{"cas_number":"84604-15-9","chemical_formula":"","molecular_weight":"","einecs_number":"","product_packaging":"drum 25 kg","substance_form":"","type_of_substance":"","percentage_percent":"","hs_code":"","pro_delivery_time":"","retest_period":"","storage_condition":"","product_document_data":"<p>Saw palmetto Extract<\/p>\n"},"rank_math_description":null,"rank_math_focus_keyword":null,"taxonomy_info":{"product_cat":[{"value":143,"label":"Extracts"}]},"featured_image_src_large":["https:\/\/biollachemicals.com\/wp-content\/uploads\/2024\/11\/Saw-palmetto-1030x687.jpeg",1030,687,true],"author_info":[],"comment_info":"","_links":{"self":[{"href":"https:\/\/biollachemicals.com\/de\/wp-json\/wp\/v2\/product\/3591","targetHints":{"allow":["GET"]}}],"collection":[{"href":"https:\/\/biollachemicals.com\/de\/wp-json\/wp\/v2\/product"}],"about":[{"href":"https:\/\/biollachemicals.com\/de\/wp-json\/wp\/v2\/types\/product"}],"wp:featuredmedia":[{"embeddable":true,"href":"https:\/\/biollachemicals.com\/de\/wp-json\/wp\/v2\/media\/3623"}],"wp:attachment":[{"href":"https:\/\/biollachemicals.com\/de\/wp-json\/wp\/v2\/media?parent=3591"}],"wp:term":[{"taxonomy":"product_brand","embeddable":true,"href":"https:\/\/biollachemicals.com\/de\/wp-json\/wp\/v2\/product_brand?post=3591"},{"taxonomy":"product_cat","embeddable":true,"href":"https:\/\/biollachemicals.com\/de\/wp-json\/wp\/v2\/product_cat?post=3591"},{"taxonomy":"product_tag","embeddable":true,"href":"https:\/\/biollachemicals.com\/de\/wp-json\/wp\/v2\/product_tag?post=3591"}],"curies":[{"name":"wp","href":"https:\/\/api.w.org\/{rel}","templated":true}]}}