{"id":3585,"date":"2024-11-27T09:07:46","date_gmt":"2024-11-27T09:07:46","guid":{"rendered":"https:\/\/biollachemicals.com\/?post_type=product&#038;p=3585"},"modified":"2025-02-11T16:18:53","modified_gmt":"2025-02-11T16:18:53","slug":"purple-sweet-potato-powder","status":"publish","type":"product","link":"https:\/\/biollachemicals.com\/de\/produkt\/purple-sweet-potato-powder\/","title":{"rendered":"Lila S\u00fc\u00dfkartoffel-Pulver"},"content":{"rendered":"<p>Lila S\u00fc\u00dfkartoffel-Pulver<\/p>\n\n\n\n<p><\/p>","protected":false},"excerpt":{"rendered":"<p>Lila S\u00fc\u00dfkartoffel-Pulver<\/p>","protected":false},"featured_media":3644,"template":"","meta":{"_kad_blocks_custom_css":"","_kad_blocks_head_custom_js":"","_kad_blocks_body_custom_js":"","_kad_blocks_footer_custom_js":""},"product_brand":[],"product_cat":[143],"product_tag":[],"class_list":{"0":"post-3585","1":"product","2":"type-product","3":"status-publish","4":"has-post-thumbnail","6":"product_cat-plant-extracts","8":"first","9":"instock","10":"shipping-taxable","11":"product-type-simple"},"Meta Data":null,"meta_description":null,"Focus Keyword":null,"meta_box":{"cas_number":"","chemical_formula":"","molecular_weight":"","einecs_number":"","product_packaging":"on request","substance_form":"","type_of_substance":"","percentage_percent":"","hs_code":"","pro_delivery_time":"","retest_period":"","storage_condition":"","product_document_data":"<p>Purple Sweet Potato Powder<\/p>\n"},"rank_math_description":null,"rank_math_focus_keyword":null,"taxonomy_info":{"product_cat":[{"value":143,"label":"Extracts"}]},"featured_image_src_large":["https:\/\/biollachemicals.com\/wp-content\/uploads\/2024\/11\/Purple-Sweet-Potato.jpeg",301,167,false],"author_info":[],"comment_info":"","_links":{"self":[{"href":"https:\/\/biollachemicals.com\/de\/wp-json\/wp\/v2\/product\/3585","targetHints":{"allow":["GET"]}}],"collection":[{"href":"https:\/\/biollachemicals.com\/de\/wp-json\/wp\/v2\/product"}],"about":[{"href":"https:\/\/biollachemicals.com\/de\/wp-json\/wp\/v2\/types\/product"}],"wp:featuredmedia":[{"embeddable":true,"href":"https:\/\/biollachemicals.com\/de\/wp-json\/wp\/v2\/media\/3644"}],"wp:attachment":[{"href":"https:\/\/biollachemicals.com\/de\/wp-json\/wp\/v2\/media?parent=3585"}],"wp:term":[{"taxonomy":"product_brand","embeddable":true,"href":"https:\/\/biollachemicals.com\/de\/wp-json\/wp\/v2\/product_brand?post=3585"},{"taxonomy":"product_cat","embeddable":true,"href":"https:\/\/biollachemicals.com\/de\/wp-json\/wp\/v2\/product_cat?post=3585"},{"taxonomy":"product_tag","embeddable":true,"href":"https:\/\/biollachemicals.com\/de\/wp-json\/wp\/v2\/product_tag?post=3585"}],"curies":[{"name":"wp","href":"https:\/\/api.w.org\/{rel}","templated":true}]}}