{"id":339,"date":"2018-10-22T01:41:52","date_gmt":"2018-10-22T01:41:52","guid":{"rendered":"https:\/\/biollachemicals.com\/en\/?post_type=product&#038;p=339"},"modified":"2024-04-24T19:11:23","modified_gmt":"2024-04-24T19:11:23","slug":"sucralosepulver-cas-56038-13-2","status":"publish","type":"product","link":"https:\/\/biollachemicals.com\/de\/produkt\/sucralosepulver-cas-56038-13-2\/","title":{"rendered":"Sucralose-Pulver, CAS 56038-13-2"},"content":{"rendered":"<figure class=\"wp-block-table\"><table><tbody><tr><th>Sucralose-Pulver<\/th><th>&nbsp;<\/th><\/tr><tr><th>GB25531-2010, FCC IX, EP9.0, UPS38-NF33, E955<\/th><th>&nbsp;<\/th><\/tr><tr><td>Formel<\/td><td>C12H19Cl3O<\/td><\/tr><tr><td>Sucralose (auf wasserfreier Basis)<\/td><td>98.0%-102.0%<\/td><\/tr><tr><td>Ident IR<\/td><td>Das IR-Absorptionsspektrum entspricht dem Referenzspektrum<\/td><\/tr><tr><td>Ident HPLC<\/td><td>Die Retentionszeit des Hauptpeaks im Chromatogramm des Assays entspricht derjenigen im Chromatogramm der Standardzubereitung.<\/td><\/tr><tr><td>Identit\u00e4ts-TLC<\/td><td>Der RF-Wert des Hauptflecks im Chromatogramm der Testl\u00f6sung entspricht dem der Standardl\u00f6sung.<\/td><\/tr><tr><td>Wei\u00dfes bis fast wei\u00dfes Pulver<\/td><td>&nbsp;<\/td><\/tr><tr><td>Spezifische Drehung (\u03b1)20D<\/td><td>+84.0\u00b0 -+87,5\u00b0<\/td><\/tr><tr><td>pH-Wert (10%-L\u00f6sung)<\/td><td>5.0-7.0<\/td><\/tr><tr><td>Luftfeuchtigkeit<\/td><td>NMT 2.0%<\/td><\/tr><tr><td>Entz\u00fcndeter R\u00fcckstand<\/td><td>NMT 0.7%<\/td><\/tr><tr><td>Partikelgr\u00f6\u00dfe<\/td><td>95% Durchgang durch 100 Maschen<\/td><\/tr><tr><td>Methanol<\/td><td>NMT 0.1%<\/td><\/tr><tr><td>Verwandte Stoffe (andere chlorierte Disaccharide)<\/td><td>NMT 0.5%<\/td><\/tr><tr><td>Hydrolyseprodukte (chlorierte Monosaccaride)<\/td><td>NMT 0.1%<\/td><\/tr><tr><td>Triphenylphosphin-Oxid<\/td><td>NMT 150 ppm<\/td><\/tr><tr><td>Schwermetalle<\/td><td>NMT 10,0 ppm<\/td><\/tr><tr><td>Arsen (As)<\/td><td>NMT 3,0 ppm<\/td><\/tr><tr><td>Blei (Pb)<\/td><td>NMT 1,0 ppm<\/td><\/tr><tr><td>Aerobe Gesamtanzahl<\/td><td>NMT 250 cfu\/g<\/td><\/tr><tr><td>&nbsp;<\/td><td>&nbsp;<\/td><\/tr><tr><td>Hefe und Schimmel<\/td><td>NMT 50 cfu\/g<\/td><\/tr><tr><td>Coliforme<\/td><td>&lt; 3 MPN\/g<\/td><\/tr><tr><td>E.Coli<\/td><td>Negativ\/25g<\/td><\/tr><tr><td>S.aureus<\/td><td>Negativ\/25g<\/td><\/tr><tr><td>Shigella<\/td><td>Negativ\/25g<\/td><\/tr><tr><td>Salmonellen<\/td><td>Negativ\/25g<\/td><\/tr><tr><td>Verpackung<\/td><td>25Kg\/10kg gro\u00dfes Paket. Zwei Polyethylenbeutel innen, quadratische Fasertrommel au\u00dfen. 10Kg Gr\u00f6\u00dfe: 28x28x29cm, 25Kg Gr\u00f6\u00dfe: 37x37x38cm<\/td><\/tr><tr><td>Lagerung<\/td><td>an einem k\u00fchlen und trockenen Ort aufbewahren. Vor Licht sch\u00fctzen und Beh\u00e4lter geschlossen halten.<\/td><\/tr><tr><td>Haltbarkeitsdauer<\/td><td>24 Monate bei ordnungsgem\u00e4\u00dfer Lagerung.<\/td><\/tr><\/tbody><\/table><\/figure>","protected":false},"excerpt":{"rendered":"<p>Sucralose Powder &nbsp; GB25531-2010, FCC IX, EP9.0, UPS38-NF33, E955 &nbsp; Formula C12H19Cl3O Sucralose (on anhhydrous basis) 98.0%-102.0% Ident IR The IR absorption spectrum conform the reference spectrum Ident HPLC The retention time of the principal peak in the chromatogram of the assay corresponds to that in the chromatogram of the standard preparation. Ident TLC The [&hellip;]<\/p>\n","protected":false},"featured_media":0,"template":"","meta":{"_kad_blocks_custom_css":"","_kad_blocks_head_custom_js":"","_kad_blocks_body_custom_js":"","_kad_blocks_footer_custom_js":""},"product_brand":[],"product_cat":[111,107,109,115,139,113],"product_tag":[],"class_list":{"0":"post-339","1":"product","2":"type-product","3":"status-publish","5":"product_cat-feed-additives","6":"product_cat-food","7":"product_cat-food-additives","8":"product_cat-pharma","9":"product_cat-pharma-grade","10":"product_cat-sweeteners","12":"first","13":"instock","14":"shipping-taxable","15":"product-type-simple"},"Meta Data":null,"meta_description":null,"Focus Keyword":null,"meta_box":{"cas_number":"56038-13-2","chemical_formula":"C\u2081\u2082H\u2081\u2089Cl\u2083O\u2088","molecular_weight":"","einecs_number":"","product_packaging":"","substance_form":"","type_of_substance":"","percentage_percent":"","hs_code":"","pro_delivery_time":"","retest_period":"","storage_condition":"","product_document_data":""},"rank_math_description":"Sucralose Powder CAS 56038-13-2 - pharm, food, feed - delivery promt from stock Hamburg \/\/ biolla chemicals","rank_math_focus_keyword":null,"taxonomy_info":{"product_cat":[{"value":111,"label":"Feed Additives"},{"value":107,"label":"Food"},{"value":109,"label":"Food Components"},{"value":115,"label":"Pharma"},{"value":139,"label":"Pharmaceutical Ingredients"},{"value":113,"label":"Sweeteners"}]},"featured_image_src_large":false,"author_info":[],"comment_info":"","_links":{"self":[{"href":"https:\/\/biollachemicals.com\/de\/wp-json\/wp\/v2\/product\/339","targetHints":{"allow":["GET"]}}],"collection":[{"href":"https:\/\/biollachemicals.com\/de\/wp-json\/wp\/v2\/product"}],"about":[{"href":"https:\/\/biollachemicals.com\/de\/wp-json\/wp\/v2\/types\/product"}],"wp:attachment":[{"href":"https:\/\/biollachemicals.com\/de\/wp-json\/wp\/v2\/media?parent=339"}],"wp:term":[{"taxonomy":"product_brand","embeddable":true,"href":"https:\/\/biollachemicals.com\/de\/wp-json\/wp\/v2\/product_brand?post=339"},{"taxonomy":"product_cat","embeddable":true,"href":"https:\/\/biollachemicals.com\/de\/wp-json\/wp\/v2\/product_cat?post=339"},{"taxonomy":"product_tag","embeddable":true,"href":"https:\/\/biollachemicals.com\/de\/wp-json\/wp\/v2\/product_tag?post=339"}],"curies":[{"name":"wp","href":"https:\/\/api.w.org\/{rel}","templated":true}]}}