{"id":333,"date":"2018-10-22T00:54:56","date_gmt":"2018-10-22T00:54:56","guid":{"rendered":"https:\/\/biollachemicals.com\/en\/?post_type=product&#038;p=333"},"modified":"2024-04-24T06:35:12","modified_gmt":"2024-04-24T06:35:12","slug":"stevia-98","status":"publish","type":"product","link":"https:\/\/biollachemicals.com\/de\/produkt\/stevia-98\/","title":{"rendered":"Stevia 98%"},"content":{"rendered":"<p>Stevia 98% ist eine hochgereinigte Form des nat\u00fcrlichen S\u00fc\u00dfungsmittels, das aus den Bl\u00e4ttern der Stevia rebaudiana Pflanze gewonnen wird. Mit einem Reinheitsgrad von 98% enth\u00e4lt es eine konzentrierte Menge an Steviolglykosiden, haupts\u00e4chlich Rebaudiosid A und Steviosid, die ihm seine intensive S\u00fc\u00dfe verleihen. Diese Verbindung wird h\u00e4ufig als kalorienfreier Zuckerersatz in verschiedenen Lebensmitteln und Getr\u00e4nken verwendet, da sie S\u00fc\u00dfe ohne die Kalorien oder den glyk\u00e4mischen Effekt von Zucker bietet. Stevia 98% wird f\u00fcr seine Wirksamkeit und seinen nat\u00fcrlichen Ursprung gesch\u00e4tzt, was es zu einer beliebten Wahl f\u00fcr alle macht, die Alternativen zu herk\u00f6mmlichen S\u00fc\u00dfungsmitteln suchen.<\/p>\n\n\n\n<figure class=\"wp-block-table is-style-stripes\"><table><tbody><tr><td>Erscheinungsbild<\/td><td>Wei\u00dfes feines Pulver<\/td><td><\/td><\/tr><tr><td>Rebaudiosid A<\/td><td>NLT 98.0%<\/td><td>JECFA 2010<\/td><\/tr><tr><td>Andere verwandte Steviolglykoside<\/td><td>NMT 2.0%<\/td><td>JECFA 2010<\/td><\/tr><tr><td>pH-Wert<\/td><td>4.5- 7.0<\/td><td>JECFA 2010<\/td><\/tr><tr><td>Verlust beim Trocknen<\/td><td>NMT 5.0%<\/td><td>JECFA 2010<\/td><\/tr><tr><td>Asche gesamt<\/td><td>NMT 0.2%<\/td><td>JECFA 2010<\/td><\/tr><tr><th>L\u00d6SUNGSMITTELR\u00dcCKST\u00c4NDE<\/th><th><\/th><th><\/th><\/tr><tr><td>Methanol<\/td><td>NMT 200 ppm<\/td><td>FCC VII<\/td><\/tr><tr><td>Ethanol<\/td><td>NMT 3000 ppm<\/td><td>FCC VII<\/td><\/tr><tr><td>Arsen (As)<\/td><td>NMT 1,0 ppm<\/td><td>AAS (Kap. 2015 Teil 4 (2321))<\/td><\/tr><tr><td>Blei (Pb)<\/td><td>NMT 0,5 ppm<\/td><td>AAS (Kap. 2015 Teil 4 (2321))<\/td><\/tr><tr><td>Kadmium (Cd)<\/td><td>NMT 1,0 ppm<\/td><td>AAS (Kap. 2015 Teil 4 (2321))<\/td><\/tr><tr><td>Quecksilber (Hg)<\/td><td>NMT 0,1 ppm<\/td><td>AAS (Kap. 2015 Teil 4 (2321))<\/td><\/tr><tr><td>Aerobe Bakterien insgesamt<\/td><td>NMT 1000 cfu\/g<\/td><td>ChP 2015 Teil 4 (1105)<\/td><\/tr><tr><td>Hefe und Schimmel<\/td><td>NMT 100 cfu\/g<\/td><td>ChP 2015 Teil 4 (1105)<\/td><\/tr><tr><td>E.Coli<\/td><td>Negativ<\/td><td>ChP 2015 Teil 4 (1106)<\/td><\/tr><tr><td>Salmonellen<\/td><td>Negativ\/25g<\/td><td>ChP 2015 Teil 4 (1106)<\/td><\/tr><tr><td>Verpackung<\/td><td>Netto 20kg\/Karton.<\/td><td><\/td><\/tr><tr><td>Haltbarkeitsdauer<\/td><td>24 Monate bei ordnungsgem\u00e4\u00dfer Lagerung.<\/td><td><\/td><\/tr><\/tbody><\/table><\/figure>","protected":false},"excerpt":{"rendered":"<p>Stevia 98% is a highly purified form of the natural sweetener derived from the leaves of the Stevia rebaudiana plant. With a purity level of 98%, it contains a concentrated amount of steviol glycosides, primarily rebaudioside A and stevioside, which impart its intense sweetness. This compound is often used as a zero-calorie sugar substitute in [&hellip;]<\/p>\n","protected":false},"featured_media":0,"template":"","meta":{"_kad_blocks_custom_css":"","_kad_blocks_head_custom_js":"","_kad_blocks_body_custom_js":"","_kad_blocks_footer_custom_js":""},"product_brand":[],"product_cat":[113],"product_tag":[],"class_list":{"0":"post-333","1":"product","2":"type-product","3":"status-publish","5":"product_cat-sweeteners","7":"first","8":"instock","9":"shipping-taxable","10":"product-type-simple"},"Meta Data":null,"meta_description":null,"Focus Keyword":null,"meta_box":{"cas_number":"57817-89-7","chemical_formula":"C38H60O18","molecular_weight":"","einecs_number":"","product_packaging":"","substance_form":"","type_of_substance":"","percentage_percent":"","hs_code":"","pro_delivery_time":"","retest_period":"","storage_condition":"Air-tight original sealed container, keep away from strong light, heat and moisture.","product_document_data":""},"rank_math_description":null,"rank_math_focus_keyword":null,"taxonomy_info":{"product_cat":[{"value":113,"label":"Sweeteners"}]},"featured_image_src_large":false,"author_info":[],"comment_info":"","_links":{"self":[{"href":"https:\/\/biollachemicals.com\/de\/wp-json\/wp\/v2\/product\/333","targetHints":{"allow":["GET"]}}],"collection":[{"href":"https:\/\/biollachemicals.com\/de\/wp-json\/wp\/v2\/product"}],"about":[{"href":"https:\/\/biollachemicals.com\/de\/wp-json\/wp\/v2\/types\/product"}],"wp:attachment":[{"href":"https:\/\/biollachemicals.com\/de\/wp-json\/wp\/v2\/media?parent=333"}],"wp:term":[{"taxonomy":"product_brand","embeddable":true,"href":"https:\/\/biollachemicals.com\/de\/wp-json\/wp\/v2\/product_brand?post=333"},{"taxonomy":"product_cat","embeddable":true,"href":"https:\/\/biollachemicals.com\/de\/wp-json\/wp\/v2\/product_cat?post=333"},{"taxonomy":"product_tag","embeddable":true,"href":"https:\/\/biollachemicals.com\/de\/wp-json\/wp\/v2\/product_tag?post=333"}],"curies":[{"name":"wp","href":"https:\/\/api.w.org\/{rel}","templated":true}]}}