{"id":318,"date":"2018-10-20T19:34:47","date_gmt":"2018-10-20T19:34:47","guid":{"rendered":"https:\/\/biollachemicals.com\/en\/?post_type=product&#038;p=318"},"modified":"2024-04-28T10:10:50","modified_gmt":"2024-04-28T10:10:50","slug":"stevia","status":"publish","type":"product","link":"https:\/\/biollachemicals.com\/de\/produkt\/stevia\/","title":{"rendered":"Stevia 40%"},"content":{"rendered":"<figure class=\"wp-block-table is-style-stripes\"><table><tbody><tr><td>Wei\u00dfes feines Pulver<\/td><td><\/td><td><\/td><\/tr><tr><td>Steviolglykoside insgesamt<\/td><td>NLT 95.0%<\/td><td>JECFA 2010<\/td><\/tr><tr><td>Rebaudiosid A<\/td><td>NLT 40.0%<\/td><td>JECFA 2010<\/td><\/tr><tr><td>pH-Wert<\/td><td>4.5- 7.0<\/td><td>JECFA 2010<\/td><\/tr><tr><td>Verlust beim Trocknen<\/td><td>NMT 5.0%<\/td><td>JECFA 2010<\/td><\/tr><tr><td>Asche gesamt<\/td><td>NMT 0.2%<\/td><td>JECFA 2010<\/td><\/tr><tr><td>Spezifische Rotation<\/td><td>-30.0\u00b0- -38.0\u00b0<\/td><td>USP<\/td><\/tr><tr><td>Schwermetalle<\/td><td>NMT 10,0 ppm<\/td><td>USP<\/td><\/tr><tr><td>Arsen (As)<\/td><td>NMT 1,0 ppm<\/td><td>AAS (ChP 2015 Teil 4 (2321))<\/td><\/tr><tr><td>Blei (Pb)<\/td><td>NMT 0,5 ppm<\/td><td>AAS (ChP 2015 Teil 4 (2321))<\/td><\/tr><tr><th>L\u00d6SUNGSMITTELR\u00dcCKST\u00c4NDE<\/th><th><\/th><th><\/th><\/tr><tr><td>- Methanol<\/td><td>NMT 200 ppm<\/td><td>FCCVII<\/td><\/tr><tr><td>- Ethanol<\/td><td>NMT 3000 ppm<\/td><td>FCCVII<\/td><\/tr><tr><td>Aerobe Bakterien insgesamt<\/td><td>NMT 1000 cfu\/g<\/td><td>ChP 2015 Teil 4 (1105)<\/td><\/tr><tr><td>Hefe und Schimmel<\/td><td>NMT 100 cfu\/g<\/td><td>ChP 2015 Teil 4 (1105)<\/td><\/tr><tr><td>E.Coli<\/td><td>Negativ<\/td><td>ChP 2015 Teil 4 (1106)<\/td><\/tr><tr><td>Salmonellen<\/td><td>Negativ\/25g<\/td><td>ChP 2015 Teil 4 (1106)<\/td><\/tr><tr><td>Haltbarkeitsdauer<\/td><td>24 Monate bei ordnungsgem\u00e4\u00dfer Lagerung<\/td><td><\/td><\/tr><tr><td>Verpackung<\/td><td>Netto 20kg\/Karton<\/td><td><\/td><\/tr><\/tbody><\/table><\/figure>","protected":false},"excerpt":{"rendered":"<p>White Fine Powder Total Steviol Glycosides NLT 95.0% JECFA 2010 Rebaudioside A NLT 40.0% JECFA 2010 pH 4.5- 7.0 JECFA 2010 Loss on Drying NMT 5.0% JECFA 2010 Total Ash NMT 0.2% JECFA 2010 Specific Rotation -30.0\u00b0- -38.0\u00b0 USP &lt;781&gt; Heavy Metals NMT 10.0 ppm USP &lt;231&gt; Arsenic (As) NMT 1.0 ppm AAS (ChP 2015 [&hellip;]<\/p>\n","protected":false},"featured_media":0,"template":"","meta":{"_kad_blocks_custom_css":"","_kad_blocks_head_custom_js":"","_kad_blocks_body_custom_js":"","_kad_blocks_footer_custom_js":""},"product_brand":[],"product_cat":[113],"product_tag":[],"class_list":{"0":"post-318","1":"product","2":"type-product","3":"status-publish","5":"product_cat-sweeteners","7":"first","8":"instock","9":"shipping-taxable","10":"product-type-simple"},"Meta Data":null,"meta_description":null,"Focus Keyword":null,"meta_box":{"cas_number":"57817-89-7","chemical_formula":"C38H60O18","molecular_weight":"","einecs_number":"","product_packaging":"","substance_form":"","type_of_substance":"","percentage_percent":"","hs_code":"","pro_delivery_time":"","retest_period":"","storage_condition":"Air-tight original sealed container, keep away from strong light, heat and moisture.","product_document_data":""},"rank_math_description":null,"rank_math_focus_keyword":null,"taxonomy_info":{"product_cat":[{"value":113,"label":"Sweeteners"}]},"featured_image_src_large":false,"author_info":[],"comment_info":"","_links":{"self":[{"href":"https:\/\/biollachemicals.com\/de\/wp-json\/wp\/v2\/product\/318","targetHints":{"allow":["GET"]}}],"collection":[{"href":"https:\/\/biollachemicals.com\/de\/wp-json\/wp\/v2\/product"}],"about":[{"href":"https:\/\/biollachemicals.com\/de\/wp-json\/wp\/v2\/types\/product"}],"wp:attachment":[{"href":"https:\/\/biollachemicals.com\/de\/wp-json\/wp\/v2\/media?parent=318"}],"wp:term":[{"taxonomy":"product_brand","embeddable":true,"href":"https:\/\/biollachemicals.com\/de\/wp-json\/wp\/v2\/product_brand?post=318"},{"taxonomy":"product_cat","embeddable":true,"href":"https:\/\/biollachemicals.com\/de\/wp-json\/wp\/v2\/product_cat?post=318"},{"taxonomy":"product_tag","embeddable":true,"href":"https:\/\/biollachemicals.com\/de\/wp-json\/wp\/v2\/product_tag?post=318"}],"curies":[{"name":"wp","href":"https:\/\/api.w.org\/{rel}","templated":true}]}}