{"id":307,"date":"2018-10-11T19:15:02","date_gmt":"2018-10-11T19:15:02","guid":{"rendered":"https:\/\/biollachemicals.com\/en\/?post_type=product&#038;p=307"},"modified":"2024-04-28T10:09:01","modified_gmt":"2024-04-28T10:09:01","slug":"talkum-magnesiumsilikat","status":"publish","type":"product","link":"https:\/\/biollachemicals.com\/de\/produkt\/talkum-magnesiumsilikat\/","title":{"rendered":"Talkum\/Magnesium-Silikat"},"content":{"rendered":"<h4 class=\"wp-block-heading\">Talkum\/Magnesium-Silikat<\/h4>\n\n\n\n<figure class=\"wp-block-table is-style-stripes\"><table><tbody><tr><td>NAT\u00dcRLICH, EP, USP, E 553B<\/td><td><\/td><\/tr><tr><td>feines, wei\u00dfes Pulver<\/td><td><\/td><\/tr><tr><td>L\u00f6slichkeit<\/td><td>unl\u00f6slich in Wasser und Ethanol<\/td><\/tr><tr><td>SiO2<\/td><td>ca. 60 %*<\/td><\/tr><tr><td>MgO<\/td><td>ca. 30 %*<\/td><\/tr><tr><td>Mg<\/td><td>17,0 - 19,5 %<\/td><\/tr><tr><td>Identifikation A (Absorptionsbanden)<\/td><td>3675 - 3679 cm-1<\/td><\/tr><tr><td>Identifikation A (Absorptionsbanden)<\/td><td>1016 - 1020 cm-1<\/td><\/tr><tr><td>Identifikation A (Absorptionsbanden)<\/td><td>667 - 671 cm-1<\/td><\/tr><tr><td>Identifizierung B<\/td><td>wei\u00dfer Niederschlag<\/td><\/tr><tr><td>Identifizierung C<\/td><td>wei\u00dfer Ring<\/td><\/tr><tr><td>Asbest<\/td><td>asbestfrei<\/td><\/tr><tr><td>Azidit\u00e4t (0,01 N HCl)<\/td><td>max. 0,4 ml<\/td><\/tr><tr><td>Alkalinit\u00e4t (0,01 N NaOH)<\/td><td>max. 0,3 ml<\/td><\/tr><tr><td>L\u00f6sliche Stoffe (in Wasser) (E 553b, EP)<\/td><td>max. 0,2 %<\/td><\/tr><tr><td>L\u00f6sliche Stoffe (in Wasser) (USP)<\/td><td>max. 0,1 %<\/td><\/tr><tr><td>L\u00f6sliche Stoffe (in S\u00e4ure)<\/td><td>max. 6 %<\/td><\/tr><tr><td>S\u00e4urel\u00f6sliches Fe<\/td><td>nicht feststellbar<\/td><\/tr><tr><td>Gl\u00fchverlust<\/td><td>max. 7,0 %<\/td><\/tr><tr><td>Pb (E 553b)<\/td><td>max. 2 ppm<\/td><\/tr><tr><td>Pb (EP, USP)<\/td><td>max. 10 ppm<\/td><\/tr><tr><td>Als<\/td><td>max. 10 ppm<\/td><\/tr><tr><td>Fe<\/td><td>max. 0,25 %<\/td><\/tr><tr><td>A1<\/td><td>max. 2,0 %<\/td><\/tr><tr><td>Ca<\/td><td>max. 0,9 %<\/td><\/tr><tr><td>Feuchtigkeit<\/td><td>max. 0,5 %<\/td><\/tr><tr><td>Gesamtkeimzahl (kutane Anwendung)<\/td><td>&lt; 100 KBE\/g<\/td><\/tr><tr><td>Gesamtkeimzahl (orale Anwendung)<\/td><td>&lt; 1000 KBE\/g<\/td><\/tr><tr><td>Hefen \/ Schimmelpilze (orale Anwendung)<\/td><td>&lt; 100 KBE\/g<\/td><\/tr><tr><td>Gesamtkeimzahl (topische Anwendung)<\/td><td>&lt; 100 KBE\/g<\/td><\/tr><tr><td>Hefen \/ Schimmelpilze (topische Anwendung)<\/td><td>&lt; 50 KBE\/g<\/td><\/tr><tr><td>Wei\u00dfgrad<\/td><td>min. 90,0 %<\/td><\/tr><tr><td>Korngr\u00f6\u00dfe D98<\/td><td>ca. 325 Maschen*<\/td><\/tr><tr><td>Korngr\u00f6\u00dfe D98<\/td><td>ca. 44 \u03bcm*<\/td><\/tr><tr><td>* nur als typischer Wert verf\u00fcgbar<\/td><td><\/td><\/tr><\/tbody><\/table><\/figure>","protected":false},"excerpt":{"rendered":"<p>Talc \/ Magnesium Silicate NAT\u00dcRLICH, EP, USP, E 553B feines, wei\u00dfes Pulver L\u00f6slichkeit unl\u00f6slich in Wasser und Ethanol SiO2 ca. 60 %* MgO ca. 30 %* Mg 17,0 \u2013 19,5 % Identifikation A (Absorptionsbanden) 3675 \u2013 3679 cm-1 Identifikation A (Absorptionsbanden) 1016 \u2013 1020 cm-1 Identifikation A (Absorptionsbanden) 667 \u2013 671 cm-1 Identifikation B wei\u00dfer [&hellip;]<\/p>\n","protected":false},"featured_media":0,"template":"","meta":{"_kad_blocks_custom_css":"","_kad_blocks_head_custom_js":"","_kad_blocks_body_custom_js":"","_kad_blocks_footer_custom_js":""},"product_brand":[],"product_cat":[105],"product_tag":[],"class_list":{"0":"post-307","1":"product","2":"type-product","3":"status-publish","5":"product_cat-supplements","7":"first","8":"instock","9":"shipping-taxable","10":"product-type-simple"},"Meta Data":null,"meta_description":null,"Focus Keyword":null,"meta_box":{"cas_number":"238-877-9","chemical_formula":"H\u2082Mg\u2083O\u2081\u2082Si\u2084","molecular_weight":"","einecs_number":"","product_packaging":"","substance_form":"","type_of_substance":"","percentage_percent":"","hs_code":"","pro_delivery_time":"","retest_period":"","storage_condition":"","product_document_data":""},"rank_math_description":null,"rank_math_focus_keyword":null,"taxonomy_info":{"product_cat":[{"value":105,"label":"Vitamins"}]},"featured_image_src_large":false,"author_info":[],"comment_info":"","_links":{"self":[{"href":"https:\/\/biollachemicals.com\/de\/wp-json\/wp\/v2\/product\/307","targetHints":{"allow":["GET"]}}],"collection":[{"href":"https:\/\/biollachemicals.com\/de\/wp-json\/wp\/v2\/product"}],"about":[{"href":"https:\/\/biollachemicals.com\/de\/wp-json\/wp\/v2\/types\/product"}],"wp:attachment":[{"href":"https:\/\/biollachemicals.com\/de\/wp-json\/wp\/v2\/media?parent=307"}],"wp:term":[{"taxonomy":"product_brand","embeddable":true,"href":"https:\/\/biollachemicals.com\/de\/wp-json\/wp\/v2\/product_brand?post=307"},{"taxonomy":"product_cat","embeddable":true,"href":"https:\/\/biollachemicals.com\/de\/wp-json\/wp\/v2\/product_cat?post=307"},{"taxonomy":"product_tag","embeddable":true,"href":"https:\/\/biollachemicals.com\/de\/wp-json\/wp\/v2\/product_tag?post=307"}],"curies":[{"name":"wp","href":"https:\/\/api.w.org\/{rel}","templated":true}]}}