{"id":297,"date":"2018-10-11T14:18:32","date_gmt":"2018-10-11T14:18:32","guid":{"rendered":"https:\/\/biollachemicals.com\/en\/?post_type=product&#038;p=297"},"modified":"2024-04-28T09:57:21","modified_gmt":"2024-04-28T09:57:21","slug":"magnesiumorotat","status":"publish","type":"product","link":"https:\/\/biollachemicals.com\/de\/produkt\/magnesiumorotat\/","title":{"rendered":"Magnesium-Orotat"},"content":{"rendered":"<figure class=\"wp-block-table is-style-stripes\"><table><tbody><tr><th>DAC<\/th><th><\/th><\/tr><tr><td>wei\u00dfes bis gebrochen-wei\u00dfes, kristallines Pulver, unl\u00f6slich in Wasser, Methanol usw.<\/td><td><\/td><\/tr><tr><th>IDENTIFIZIERUNG<\/th><th><\/th><\/tr><tr><td>A: IR-Spektrum<\/td><td>erf\u00fcllt die Anforderungen<\/td><\/tr><tr><td>D: Magnesium<\/td><td>positiv<\/td><\/tr><tr><td>Verlust beim Trocknen<\/td><td>max 0,5 %<\/td><\/tr><tr><td>Assay<\/td><td>98,0 - 101,0 %<\/td><\/tr><tr><td>Magnesium<\/td><td>6,43 - 6,60 %<\/td><\/tr><tr><td>Spezifisches Absorptionsverm\u00f6gen<\/td><td>298 - 318 bei UV 285 nm<\/td><\/tr><tr><td>Schwermetalle<\/td><td>max 0,5 %<\/td><\/tr><tr><td>Sulfat<\/td><td>maximal 200 ppm<\/td><\/tr><tr><td>Kadmium<\/td><td>maximal 1 ppm<\/td><\/tr><tr><td>Blei<\/td><td>maximal 3 ppm<\/td><\/tr><tr><td>Quecksilber<\/td><td>maximal 0,1 ppm<\/td><\/tr><tr><td>Sch\u00fcttdichte<\/td><td>mindestens 0,6 g\/ml<\/td><\/tr><tr><td>Arsen<\/td><td>mindestens 0,6 g\/ml<\/td><\/tr><tr><td>S\u00e4uerlich reagierende Stoffe<\/td><td>max 0,50 ml 0,01M NaOH<\/td><\/tr><tr><td>Alkalisch reagierende Stoffe<\/td><td>max 0,50 ml 0,01M NaOH<\/td><\/tr><tr><td>Aminos\u00e4uren<\/td><td>max 0,50 ml 0,01M NaOH<\/td><\/tr><tr><th>VERWANDTE STOFFE<\/th><th><\/th><\/tr><tr><td>Hydantonitril<\/td><td>max 0,2 %<\/td><\/tr><tr><td>unbekannt, ledig<\/td><td>max 0,1 %<\/td><\/tr><tr><td>unbekannt, gesamt<\/td><td>max 0,3 %<\/td><\/tr><\/tbody><\/table><\/figure>","protected":false},"excerpt":{"rendered":"<p>DAC white to off-white, crystalline powder insoluble in water, methanol etc. IDENTIFICATION A: IR-Spectrum meets the requirements D: Magnesium positive Loss on drying max 0,5 % Assay 98,0 \u2013 101,0 % Magnesium 6,43 \u2013 6,60 % Specific Absorbance 298 \u2013 318 at UV 285 nm Heavy Metals max 0,5 % Sulphate max 200 ppm Cadmium [&hellip;]<\/p>\n","protected":false},"featured_media":0,"template":"","meta":{"_kad_blocks_custom_css":"","_kad_blocks_head_custom_js":"","_kad_blocks_body_custom_js":"","_kad_blocks_footer_custom_js":""},"product_brand":[],"product_cat":[105],"product_tag":[],"class_list":{"0":"post-297","1":"product","2":"type-product","3":"status-publish","5":"product_cat-supplements","7":"first","8":"instock","9":"shipping-taxable","10":"product-type-simple"},"Meta Data":null,"meta_description":null,"Focus Keyword":null,"meta_box":{"cas_number":"27067-77-2","chemical_formula":"C10H6MgN4O8","molecular_weight":"","einecs_number":"","product_packaging":"","substance_form":"","type_of_substance":"","percentage_percent":"","hs_code":"","pro_delivery_time":"","retest_period":"","storage_condition":"","product_document_data":""},"rank_math_description":null,"rank_math_focus_keyword":null,"taxonomy_info":{"product_cat":[{"value":105,"label":"Vitamins"}]},"featured_image_src_large":false,"author_info":[],"comment_info":"","_links":{"self":[{"href":"https:\/\/biollachemicals.com\/de\/wp-json\/wp\/v2\/product\/297","targetHints":{"allow":["GET"]}}],"collection":[{"href":"https:\/\/biollachemicals.com\/de\/wp-json\/wp\/v2\/product"}],"about":[{"href":"https:\/\/biollachemicals.com\/de\/wp-json\/wp\/v2\/types\/product"}],"wp:attachment":[{"href":"https:\/\/biollachemicals.com\/de\/wp-json\/wp\/v2\/media?parent=297"}],"wp:term":[{"taxonomy":"product_brand","embeddable":true,"href":"https:\/\/biollachemicals.com\/de\/wp-json\/wp\/v2\/product_brand?post=297"},{"taxonomy":"product_cat","embeddable":true,"href":"https:\/\/biollachemicals.com\/de\/wp-json\/wp\/v2\/product_cat?post=297"},{"taxonomy":"product_tag","embeddable":true,"href":"https:\/\/biollachemicals.com\/de\/wp-json\/wp\/v2\/product_tag?post=297"}],"curies":[{"name":"wp","href":"https:\/\/api.w.org\/{rel}","templated":true}]}}