{"id":281,"date":"2018-10-11T02:57:57","date_gmt":"2018-10-11T02:57:57","guid":{"rendered":"https:\/\/biollachemicals.com\/en\/?post_type=product&#038;p=281"},"modified":"2024-04-24T03:58:34","modified_gmt":"2024-04-24T03:58:34","slug":"magnesiumtrisilikat","status":"publish","type":"product","link":"https:\/\/biollachemicals.com\/de\/produkt\/magnesiumtrisilikat\/","title":{"rendered":"Magnesiumtrisilikat"},"content":{"rendered":"<figure class=\"wp-block-table is-style-stripes\"><table><tbody><tr><td>Ein wei\u00dfes oder fast wei\u00dfes Pulver Leicht hygroskopisch<\/td><td><\/td><\/tr><tr><td>Identifizierung<\/td><td>L\u00f6sung in verd\u00fcnnter Salpeters\u00e4ure. Ergibt Reaktion von Magnesiumsalz &amp; Silikaten<\/td><\/tr><tr><td>L\u00f6slichkeit<\/td><td>Praktisch unl\u00f6slich in Wasser und in Ethanol<\/td><\/tr><tr><td>Alkalit\u00e4t<\/td><td>max. 1 ml 0,1 M HCl<\/td><\/tr><tr><td>Arsen<\/td><td>max. 4 ppm<\/td><\/tr><tr><td>Schwermetalle<\/td><td>max. 40 ppm<\/td><\/tr><tr><td>Chlorid<\/td><td>max. 500 ppm<\/td><\/tr><tr><td>Sulfat<\/td><td>max. 0,5%<\/td><\/tr><tr><td>Wasserl\u00f6sliche Salze<\/td><td>max. 1.5%<\/td><\/tr><tr><td>S\u00e4ureabsorption<\/td><td>124,00 ml (mind. 100,00 ml 0,1 M HCl)<\/td><\/tr><tr><td>Verlust der Z\u00fcndung<\/td><td>24.10% (17.0% bis 34.0%)<\/td><\/tr><tr><th>ASSAY<\/th><th><\/th><\/tr><tr><td>F\u00fcr Magnesiumoxid<\/td><td>30.60% (min. 29.0%)<\/td><\/tr><tr><td>F\u00fcr Siliziumdioxid<\/td><td>66,70% (mindestens 65,0%)<\/td><\/tr><\/tbody><\/table><\/figure>","protected":false},"excerpt":{"rendered":"<p>A white powder or Nearly white powder Slightly Hygroscopic Identification Solution in dil Nitric acid. Gives reaction of magnesium salt &amp; silicates Solubility Practically insoluble in water and in ethanol Alkalinity max. 1 ml. of 0.1 M HCl Arsenic max. 4 ppm Heavy Metals max. 40 ppm Chloride max. 500 ppm Sulphate max. 0.5% Water [&hellip;]<\/p>\n","protected":false},"featured_media":0,"template":"","meta":{"_kad_blocks_custom_css":"","_kad_blocks_head_custom_js":"","_kad_blocks_body_custom_js":"","_kad_blocks_footer_custom_js":""},"product_brand":[],"product_cat":[105],"product_tag":[],"class_list":{"0":"post-281","1":"product","2":"type-product","3":"status-publish","5":"product_cat-supplements","7":"first","8":"instock","9":"shipping-taxable","10":"product-type-simple"},"Meta Data":null,"meta_description":null,"Focus Keyword":null,"meta_box":{"cas_number":"14987-04-3, 39365-87-2","chemical_formula":"2MgO\u20223SiO2\u2022xH2O","molecular_weight":"","einecs_number":"","product_packaging":"","substance_form":"","type_of_substance":"","percentage_percent":"","hs_code":"","pro_delivery_time":"","retest_period":"","storage_condition":"","product_document_data":""},"rank_math_description":null,"rank_math_focus_keyword":null,"taxonomy_info":{"product_cat":[{"value":105,"label":"Vitamins"}]},"featured_image_src_large":false,"author_info":[],"comment_info":"","_links":{"self":[{"href":"https:\/\/biollachemicals.com\/de\/wp-json\/wp\/v2\/product\/281","targetHints":{"allow":["GET"]}}],"collection":[{"href":"https:\/\/biollachemicals.com\/de\/wp-json\/wp\/v2\/product"}],"about":[{"href":"https:\/\/biollachemicals.com\/de\/wp-json\/wp\/v2\/types\/product"}],"wp:attachment":[{"href":"https:\/\/biollachemicals.com\/de\/wp-json\/wp\/v2\/media?parent=281"}],"wp:term":[{"taxonomy":"product_brand","embeddable":true,"href":"https:\/\/biollachemicals.com\/de\/wp-json\/wp\/v2\/product_brand?post=281"},{"taxonomy":"product_cat","embeddable":true,"href":"https:\/\/biollachemicals.com\/de\/wp-json\/wp\/v2\/product_cat?post=281"},{"taxonomy":"product_tag","embeddable":true,"href":"https:\/\/biollachemicals.com\/de\/wp-json\/wp\/v2\/product_tag?post=281"}],"curies":[{"name":"wp","href":"https:\/\/api.w.org\/{rel}","templated":true}]}}