{"id":275,"date":"2018-10-11T02:21:04","date_gmt":"2018-10-11T02:21:04","guid":{"rendered":"https:\/\/biollachemicals.com\/en\/?post_type=product&#038;p=275"},"modified":"2024-04-24T08:08:20","modified_gmt":"2024-04-24T08:08:20","slug":"kaolin","status":"publish","type":"product","link":"https:\/\/biollachemicals.com\/de\/produkt\/kaolin\/","title":{"rendered":"Kaolin"},"content":{"rendered":"<figure class=\"wp-block-table is-style-stripes\"><table><tbody><tr><td>Ph. Eur.<\/td><td><\/td><\/tr><tr><td>Feines, wei\u00dfes oder gr\u00e4ulich-wei\u00dfes Pulver<\/td><td><\/td><\/tr><tr><td>Identifizierung<\/td><td>entspricht<\/td><\/tr><tr><td>Azidit\u00e4t\/Alkalinit\u00e4t<\/td><td>entspricht<\/td><\/tr><tr><td>Organische Verunreinigungen<\/td><td>entspricht<\/td><\/tr><tr><td>Adsorptionskraft<\/td><td>entspricht<\/td><\/tr><tr><td>Quellf\u00e4higkeit<\/td><td>entspricht<\/td><\/tr><tr><td>L\u00f6slich in verd\u00fcnnter HCl<\/td><td>max. 1 %<\/td><\/tr><tr><td>Cl<\/td><td>max. 250 ppm<\/td><\/tr><tr><td>SO4<\/td><td>max. 0,1 %<\/td><\/tr><tr><td>Ca<\/td><td>max. 250 ppm<\/td><\/tr><tr><td>Schwermetalle<\/td><td>max. 25 ppm<\/td><\/tr><tr><td>TAMC<\/td><td>max. 1000 KBE\/g<\/td><\/tr><tr><td>TYMC<\/td><td>max. 100 KBE\/g<\/td><\/tr><tr><td>Verpackungss\u00e4cke von 25 kg netto auf Paletten, eingeschwei\u00dft<\/td><td><\/td><\/tr><\/tbody><\/table><\/figure>","protected":false},"excerpt":{"rendered":"<p>Ph. Eur. Fine, white or greyish-white powder Identification complies Acidity\/ alkalinity complies Organic impurities complies Adsorption power complies Swelling power complies Soluble in diluted HCl max. 1 % Cl max. 250 ppm SO4 max. 0,1 % Ca max. 250 ppm Heavy metals max. 25 ppm TAMC max. 1000 cfu\/g TYMC max. 100 cfu\/g Packing bags [&hellip;]<\/p>\n","protected":false},"featured_media":0,"template":"","meta":{"_kad_blocks_custom_css":"","_kad_blocks_head_custom_js":"","_kad_blocks_body_custom_js":"","_kad_blocks_footer_custom_js":""},"product_brand":[],"product_cat":[105],"product_tag":[],"class_list":{"0":"post-275","1":"product","2":"type-product","3":"status-publish","5":"product_cat-supplements","7":"first","8":"instock","9":"shipping-taxable","10":"product-type-simple"},"Meta Data":null,"meta_description":null,"Focus Keyword":null,"meta_box":{"cas_number":"1332-58-7","chemical_formula":"H2Al2Si2O8.H20","molecular_weight":"","einecs_number":"","product_packaging":"","substance_form":"","type_of_substance":"","percentage_percent":"","hs_code":"","pro_delivery_time":"","retest_period":"","storage_condition":"Store tightly closed at room temperature. Protect from direct sunlight and moisture","product_document_data":""},"rank_math_description":null,"rank_math_focus_keyword":null,"taxonomy_info":{"product_cat":[{"value":105,"label":"Vitamins"}]},"featured_image_src_large":false,"author_info":[],"comment_info":"","_links":{"self":[{"href":"https:\/\/biollachemicals.com\/de\/wp-json\/wp\/v2\/product\/275","targetHints":{"allow":["GET"]}}],"collection":[{"href":"https:\/\/biollachemicals.com\/de\/wp-json\/wp\/v2\/product"}],"about":[{"href":"https:\/\/biollachemicals.com\/de\/wp-json\/wp\/v2\/types\/product"}],"wp:attachment":[{"href":"https:\/\/biollachemicals.com\/de\/wp-json\/wp\/v2\/media?parent=275"}],"wp:term":[{"taxonomy":"product_brand","embeddable":true,"href":"https:\/\/biollachemicals.com\/de\/wp-json\/wp\/v2\/product_brand?post=275"},{"taxonomy":"product_cat","embeddable":true,"href":"https:\/\/biollachemicals.com\/de\/wp-json\/wp\/v2\/product_cat?post=275"},{"taxonomy":"product_tag","embeddable":true,"href":"https:\/\/biollachemicals.com\/de\/wp-json\/wp\/v2\/product_tag?post=275"}],"curies":[{"name":"wp","href":"https:\/\/api.w.org\/{rel}","templated":true}]}}