{"id":241,"date":"2018-10-05T16:08:12","date_gmt":"2018-10-05T16:08:12","guid":{"rendered":"https:\/\/biollachemicals.com\/en\/?post_type=product&#038;p=241"},"modified":"2024-04-24T07:01:10","modified_gmt":"2024-04-24T07:01:10","slug":"kalziumcarbonat-schwer","status":"publish","type":"product","link":"https:\/\/biollachemicals.com\/de\/produkt\/kalziumcarbonat-schwer\/","title":{"rendered":"Calciumcarbonat schwer, EP, USP"},"content":{"rendered":"<figure class=\"wp-block-table is-style-stripes\"><table><tbody><tr><td>EP, USP, E 170, FCC<\/td><td><\/td><\/tr><tr><td>wei\u00dfes Pulver Geruch geruchlos<\/td><td><\/td><\/tr><tr><td>L\u00f6slichkeit<\/td><td>unl\u00f6sbar im Wasser<\/td><\/tr><tr><td>CaCO3 (EP)<\/td><td>98,5 - 100,5 %<\/td><\/tr><tr><td>CaCO3 (USP, FCC)<\/td><td>98,0 - 100,5 %<\/td><\/tr><tr><td>CaCO3 (E 170)<\/td><td>min. 98 %<\/td><\/tr><tr><td>Identifizierung<\/td><td>entspricht<\/td><\/tr><tr><td>Unl\u00f6sliche Stoffe (in S\u00e4ure)<\/td><td>max. 0,2 %<\/td><\/tr><tr><td>Cl (EP)<\/td><td>max. 330 ppm<\/td><\/tr><tr><td>SO4 (EP)<\/td><td>max. 0,25 %<\/td><\/tr><tr><td>Schwermetalle (USP)<\/td><td>max. 20 ppm<\/td><\/tr><tr><td>Pb (USP, FCC, E 170)<\/td><td>max. 3 ppm<\/td><\/tr><tr><td>Cd (E 170)<\/td><td>max. 1 ppm<\/td><\/tr><tr><td>Hg (USP)<\/td><td>max. 0,5 ppm<\/td><\/tr><tr><td>As (EP)<\/td><td>max. 4 ppm<\/td><\/tr><tr><td>As (USP, E 170, FCC)<\/td><td>max. 3 ppm<\/td><\/tr><tr><td>Sb, Cu, Cr, Zn, Ba (E 170)<\/td><td>max. 100 ppm<\/td><\/tr><tr><td>Fe (EP)<\/td><td>max. 200 ppm<\/td><\/tr><tr><td>Fe (USP)<\/td><td>max. 0,1 %<\/td><\/tr><tr><td>Ba (EP, USP)<\/td><td>entspricht<\/td><\/tr><tr><td>F (USP, FCC, E 170)<\/td><td>max. 50 ppm<\/td><\/tr><tr><td>Mg und Alkalimetalle (EP)<\/td><td>max. 1,5 %<\/td><\/tr><tr><td>Mg und Alkalisalze (USP, E 170, FCC)<\/td><td>max. 1,0 %<\/td><\/tr><tr><td>Trocknungsverlust<\/td><td>max. 2,0 %<\/td><\/tr><tr><td>Feuchtigkeit<\/td><td>&lt; 0,25 %<\/td><\/tr><tr><td>L\u00f6sungsmittelr\u00fcckst\u00e4nde<\/td><td>entspricht<\/td><\/tr><tr><td>Korngr\u00f6\u00dfe D97<\/td><td>&lt; 28 \u03bcm<\/td><\/tr><tr><td>Korngr\u00f6\u00dfe D50<\/td><td>5 - 8 \u03bcm<\/td><\/tr><tr><td>Wei\u00dfgrad (L*-Wert)<\/td><td>97,0 - 99,0<\/td><\/tr><\/tbody><\/table><\/figure>","protected":false},"excerpt":{"rendered":"<p>EP, USP, E 170, FCC wei\u00dfes Pulver Geruch geruchlos L\u00f6slichkeit unl\u00f6slich in Wasser CaCO3 (EP) 98,5 \u2013 100,5 % CaCO3 (USP, FCC) 98,0 \u2013 100,5 % CaCO3 (E 170) min. 98 % Identifikation entspricht Unl\u00f6sliche Stoffe (in S\u00e4ure) max. 0,2 % Cl (EP) max. 330 ppm SO4 (EP) max. 0,25 % Schwermetalle (USP) max. 20 [&hellip;]<\/p>\n","protected":false},"featured_media":245,"template":"","meta":{"_kad_blocks_custom_css":"","_kad_blocks_head_custom_js":"","_kad_blocks_body_custom_js":"","_kad_blocks_footer_custom_js":""},"product_brand":[],"product_cat":[129,105],"product_tag":[],"class_list":{"0":"post-241","1":"product","2":"type-product","3":"status-publish","4":"has-post-thumbnail","6":"product_cat-idustrial","7":"product_cat-supplements","9":"first","10":"instock","11":"shipping-taxable","12":"product-type-simple"},"Meta Data":null,"meta_description":null,"Focus Keyword":null,"meta_box":{"cas_number":"471-34-1","chemical_formula":"CaCO\u2083","molecular_weight":"","einecs_number":"","product_packaging":"","substance_form":"","type_of_substance":"","percentage_percent":"","hs_code":"","pro_delivery_time":"","retest_period":"","storage_condition":"","product_document_data":""},"rank_math_description":null,"rank_math_focus_keyword":null,"taxonomy_info":{"product_cat":[{"value":129,"label":"Idustrial"},{"value":105,"label":"Vitamins"}]},"featured_image_src_large":["https:\/\/biollachemicals.com\/wp-content\/uploads\/2018\/10\/CalciumCarbonat-schwer.webp",95,71,false],"author_info":[],"comment_info":"","_links":{"self":[{"href":"https:\/\/biollachemicals.com\/de\/wp-json\/wp\/v2\/product\/241","targetHints":{"allow":["GET"]}}],"collection":[{"href":"https:\/\/biollachemicals.com\/de\/wp-json\/wp\/v2\/product"}],"about":[{"href":"https:\/\/biollachemicals.com\/de\/wp-json\/wp\/v2\/types\/product"}],"wp:featuredmedia":[{"embeddable":true,"href":"https:\/\/biollachemicals.com\/de\/wp-json\/wp\/v2\/media\/245"}],"wp:attachment":[{"href":"https:\/\/biollachemicals.com\/de\/wp-json\/wp\/v2\/media?parent=241"}],"wp:term":[{"taxonomy":"product_brand","embeddable":true,"href":"https:\/\/biollachemicals.com\/de\/wp-json\/wp\/v2\/product_brand?post=241"},{"taxonomy":"product_cat","embeddable":true,"href":"https:\/\/biollachemicals.com\/de\/wp-json\/wp\/v2\/product_cat?post=241"},{"taxonomy":"product_tag","embeddable":true,"href":"https:\/\/biollachemicals.com\/de\/wp-json\/wp\/v2\/product_tag?post=241"}],"curies":[{"name":"wp","href":"https:\/\/api.w.org\/{rel}","templated":true}]}}