{"id":1781,"date":"2023-03-23T09:13:48","date_gmt":"2023-03-23T09:13:48","guid":{"rendered":"https:\/\/biollachemicals.com\/?post_type=product&#038;p=1781"},"modified":"2024-10-10T13:58:09","modified_gmt":"2024-10-10T13:58:09","slug":"sorbitol-cas-50-70-4","status":"publish","type":"product","link":"https:\/\/biollachemicals.com\/de\/produkt\/sorbitol-cas-50-70-4\/","title":{"rendered":"Sorbitol CAS 50-70-4, Pulver oder Fl\u00fcssigkeit"},"content":{"rendered":"<h2>Sorbitol<\/h2>\n<p>Sorbit ist ein Zuckeralkohol, der nat\u00fcrlich in Fr\u00fcchten wie \u00c4pfeln, Birnen und Pfirsichen vorkommt. Er hat einen s\u00fc\u00dfen Geschmack und wird h\u00e4ufig als Zuckerersatz in Lebensmitteln und Getr\u00e4nken verwendet, die als \"zuckerfreie\" oder \"Di\u00e4t\"-Produkte vermarktet werden.<\/p>\n<p>Sorbitol hat weniger Kalorien als Zucker und ist auch weniger s\u00fc\u00df. Es wird h\u00e4ufig in zuckerfreien Bonbons, Kaugummi und anderen S\u00fc\u00dfwaren verwendet, weil es eine \u00e4hnliche Konsistenz und S\u00fc\u00dfe wie Zucker hat. Sorbitol wird auch in einigen medizinischen und pharmazeutischen Produkten als Abf\u00fchrmittel oder zur Linderung von Verstopfung verwendet.<\/p>\n\n\n<p><\/p>","protected":false},"excerpt":{"rendered":"<p>Sorbit ist ein Zuckeralkohol, der nat\u00fcrlich in Fr\u00fcchten wie \u00c4pfeln, Birnen und Pfirsichen vorkommt. Er hat einen s\u00fc\u00dfen Geschmack und wird h\u00e4ufig als Zuckerersatz in Lebensmitteln und Getr\u00e4nken verwendet, die als \"zuckerfreie\" oder \"Di\u00e4t\"-Produkte vermarktet werden.<\/p>","protected":false},"featured_media":1784,"template":"","meta":{"_kad_blocks_custom_css":"","_kad_blocks_head_custom_js":"","_kad_blocks_body_custom_js":"","_kad_blocks_footer_custom_js":""},"product_brand":[],"product_cat":[113],"product_tag":[121],"class_list":{"0":"post-1781","1":"product","2":"type-product","3":"status-publish","4":"has-post-thumbnail","6":"product_cat-sweeteners","7":"product_tag-sorbitol","9":"first","10":"instock","11":"featured","12":"shipping-taxable","13":"product-type-simple"},"Meta Data":null,"meta_description":null,"Focus Keyword":null,"meta_box":{"cas_number":"50-70-4","chemical_formula":"C6H14O6","molecular_weight":"","einecs_number":"","product_packaging":"25 kg, bigbag or IBC","substance_form":"","type_of_substance":"","percentage_percent":"","hs_code":"","pro_delivery_time":"","retest_period":"","storage_condition":"","product_document_data":""},"rank_math_description":"Sorbitol for Food and Pharma, CAS 50-70-4. Delivery prompt from storage Hamburg \/\/ biolla chemicals \/\/ Hamburg.","rank_math_focus_keyword":"Sorbitol","taxonomy_info":{"product_cat":[{"value":113,"label":"Sweeteners"}],"product_tag":[{"value":121,"label":"Sorbitol"}]},"featured_image_src_large":["https:\/\/biollachemicals.com\/wp-content\/uploads\/2023\/03\/sorbitol-biolla-1030x687.jpg",1030,687,true],"author_info":[],"comment_info":"","_links":{"self":[{"href":"https:\/\/biollachemicals.com\/de\/wp-json\/wp\/v2\/product\/1781","targetHints":{"allow":["GET"]}}],"collection":[{"href":"https:\/\/biollachemicals.com\/de\/wp-json\/wp\/v2\/product"}],"about":[{"href":"https:\/\/biollachemicals.com\/de\/wp-json\/wp\/v2\/types\/product"}],"wp:featuredmedia":[{"embeddable":true,"href":"https:\/\/biollachemicals.com\/de\/wp-json\/wp\/v2\/media\/1784"}],"wp:attachment":[{"href":"https:\/\/biollachemicals.com\/de\/wp-json\/wp\/v2\/media?parent=1781"}],"wp:term":[{"taxonomy":"product_brand","embeddable":true,"href":"https:\/\/biollachemicals.com\/de\/wp-json\/wp\/v2\/product_brand?post=1781"},{"taxonomy":"product_cat","embeddable":true,"href":"https:\/\/biollachemicals.com\/de\/wp-json\/wp\/v2\/product_cat?post=1781"},{"taxonomy":"product_tag","embeddable":true,"href":"https:\/\/biollachemicals.com\/de\/wp-json\/wp\/v2\/product_tag?post=1781"}],"curies":[{"name":"wp","href":"https:\/\/api.w.org\/{rel}","templated":true}]}}