{"id":1776,"date":"2023-02-22T10:00:57","date_gmt":"2023-02-22T10:00:57","guid":{"rendered":"https:\/\/biollachemicals.com\/?post_type=product&#038;p=1776"},"modified":"2024-04-24T18:06:57","modified_gmt":"2024-04-24T18:06:57","slug":"zitronensaure-wasserfrei-cas-77-92-9","status":"publish","type":"product","link":"https:\/\/biollachemicals.com\/de\/produkt\/zitronensaure-wasserfrei-cas-77-92-9\/","title":{"rendered":"Zitronens\u00e4ure wasserfrei, CAS 77-92-9"},"content":{"rendered":"<h1>Zitronens\u00e4ure wasserfrei<\/h1>\n<p>CAS-Nr.: 77-92-9<\/p>\n<p><strong>Verpackung<\/strong>: 25 kg Mehrweg-Papiers\u00e4cke mit PE-Inliner<\/p>\n<p><strong>Haltbarkeitsdauer<\/strong>2 Jahre ab Produktionsdatum unter den empfohlenen Lagerbedingungen<\/p>\n<p><strong>Lagerung<\/strong>: In dicht verschlossener Originalverpackung an einem k\u00fchlen, sauberen und trockenen Ort aufbewahren, fern von direktem Sonnenlicht und Wasser.<\/p>\n<p><strong>Qualit\u00e4t<\/strong>: Erf\u00fcllt die Reinheitskriterien f\u00fcr das angegebene Produkt gem\u00e4\u00df der Verordnung (EU) Nr. 231\/2012 sowie der Verordnung (EG) Nr. 1333\/2008 und der Verordnung (EG) Nr. 1831\/2003. Ergebnisse und Methoden wie in der JECFA-Methodenbeschreibung dargelegt<\/p>\n<p><strong>Funktionelle Gruppe bei Verwendung in Futtermitteln<\/strong>: Kategorie: Technologischer Zusatzstoff (Kat. 1), Funktionsgruppe: Konservierungsstoffe (a)<\/p>","protected":false},"excerpt":{"rendered":"<p>Citric Acid Anhydrous CAS-No: 77-92-9 Packaging: 25 kg multiply paper bags with PE-Inliner Shelf life: 2 years from date of production under recommended storage conditions Storage: Keep in tightly closed original sealed packing in cool, clean and dry place, away from direct sunlight and water Quality: Complies with the purity criteria for the specified product [&hellip;]<\/p>\n","protected":false},"featured_media":921,"template":"","meta":{"_kad_blocks_custom_css":"","_kad_blocks_head_custom_js":"","_kad_blocks_body_custom_js":"","_kad_blocks_footer_custom_js":""},"product_brand":[],"product_cat":[109,115],"product_tag":[123],"class_list":{"0":"post-1776","1":"product","2":"type-product","3":"status-publish","4":"has-post-thumbnail","6":"product_cat-food-additives","7":"product_cat-pharma","8":"product_tag-citric-acid-anhydrous","10":"first","11":"instock","12":"shipping-taxable","13":"product-type-simple"},"Meta Data":null,"meta_description":null,"Focus Keyword":null,"meta_box":{"cas_number":"77-92-9","chemical_formula":"","molecular_weight":"","einecs_number":"","product_packaging":"","substance_form":"","type_of_substance":"","percentage_percent":"","hs_code":"","pro_delivery_time":"","retest_period":"","storage_condition":"","product_document_data":""},"rank_math_description":"Citric Acid Anhydrous - Complies with the purity criteria for the specified product according to regulation (EU) No 231\/2012.","rank_math_focus_keyword":"Citric Acid Anhydrous","taxonomy_info":{"product_cat":[{"value":109,"label":"Food Components"},{"value":115,"label":"Pharma"}],"product_tag":[{"value":123,"label":"Citric Acid Anhydrous"}]},"featured_image_src_large":["https:\/\/biollachemicals.com\/wp-content\/uploads\/2020\/09\/Palette-mit-Saecken-web-768x712-1.jpg",768,712,false],"author_info":[],"comment_info":"","_links":{"self":[{"href":"https:\/\/biollachemicals.com\/de\/wp-json\/wp\/v2\/product\/1776","targetHints":{"allow":["GET"]}}],"collection":[{"href":"https:\/\/biollachemicals.com\/de\/wp-json\/wp\/v2\/product"}],"about":[{"href":"https:\/\/biollachemicals.com\/de\/wp-json\/wp\/v2\/types\/product"}],"wp:featuredmedia":[{"embeddable":true,"href":"https:\/\/biollachemicals.com\/de\/wp-json\/wp\/v2\/media\/921"}],"wp:attachment":[{"href":"https:\/\/biollachemicals.com\/de\/wp-json\/wp\/v2\/media?parent=1776"}],"wp:term":[{"taxonomy":"product_brand","embeddable":true,"href":"https:\/\/biollachemicals.com\/de\/wp-json\/wp\/v2\/product_brand?post=1776"},{"taxonomy":"product_cat","embeddable":true,"href":"https:\/\/biollachemicals.com\/de\/wp-json\/wp\/v2\/product_cat?post=1776"},{"taxonomy":"product_tag","embeddable":true,"href":"https:\/\/biollachemicals.com\/de\/wp-json\/wp\/v2\/product_tag?post=1776"}],"curies":[{"name":"wp","href":"https:\/\/api.w.org\/{rel}","templated":true}]}}