{"id":1648,"date":"2021-09-08T12:16:45","date_gmt":"2021-09-08T12:16:45","guid":{"rendered":"https:\/\/biollachemicals.com\/?post_type=product&#038;p=1648"},"modified":"2024-08-30T21:22:28","modified_gmt":"2024-08-30T21:22:28","slug":"dextrose-monohydrat-cas-5996-10-1","status":"publish","type":"product","link":"https:\/\/biollachemicals.com\/de\/produkt\/dextrose-monohydrat-cas-5996-10-1\/","title":{"rendered":"Traubenzucker-Monohydrat, CAS 5996-10-1"},"content":{"rendered":"<h2>Traubenzucker-Monohydrat<\/h2>\n<p>Qualit\u00e4t: reine Dextrose (= Glukose, = Traubenzucker)<br \/>\nFarbe: wei\u00df<br \/>\nGeruch: geruchlos<br \/>\nGeschmack: s\u00fc\u00df, mit k\u00fchlender Wirkung<br \/>\nKonsistenz: feines, kristallines Pulver<\/p>\n<p>DMH ist von m\u00e4\u00dfiger S\u00fc\u00dfe. Sie ist 65-70% so s\u00fc\u00df wie Saccharose und hat eine L\u00f6sung, die viel weniger viskos ist als Fl\u00fcssigglukose. DMH ist bei Raumtemperatur in Wasser und auch in kochendem Alkohol gut l\u00f6slich. Dextrose hat eine st\u00e4rkere Gefrierpunktserniedrigung als Rohrzucker, was zu einer glatteren und cremigeren Textur der Endprodukte f\u00fchrt, insbesondere bei Tiefk\u00fchlkost.<\/p>","protected":false},"excerpt":{"rendered":"<p>Qualit\u00e4t: reine Dextrose (= Glukose, = Traubenzucker)<br \/>\nFarbe: wei\u00df<br \/>\nGeruch: geruchlos<br \/>\nGeschmack: s\u00fc\u00df, mit k\u00fchlender Wirkung<br \/>\nKonsistenz: feines, kristallines Pulver<\/p>","protected":false},"featured_media":1699,"template":"","meta":{"_kad_blocks_custom_css":"","_kad_blocks_head_custom_js":"","_kad_blocks_body_custom_js":"","_kad_blocks_footer_custom_js":""},"product_brand":[],"product_cat":[109],"product_tag":[],"class_list":{"0":"post-1648","1":"product","2":"type-product","3":"status-publish","4":"has-post-thumbnail","6":"product_cat-food-additives","8":"first","9":"instock","10":"featured","11":"shipping-taxable","12":"product-type-simple"},"Meta Data":null,"meta_description":null,"Focus Keyword":null,"meta_box":{"cas_number":"5996-10-1","chemical_formula":"C6H14O7","molecular_weight":"","einecs_number":"","product_packaging":"","substance_form":"","type_of_substance":"","percentage_percent":"99","hs_code":"","pro_delivery_time":"","retest_period":"","storage_condition":"","product_document_data":""},"rank_math_description":null,"rank_math_focus_keyword":null,"taxonomy_info":{"product_cat":[{"value":109,"label":"Food Components"}]},"featured_image_src_large":["https:\/\/biollachemicals.com\/wp-content\/uploads\/2021\/09\/prod2.jpg",379,242,false],"author_info":[],"comment_info":"","_links":{"self":[{"href":"https:\/\/biollachemicals.com\/de\/wp-json\/wp\/v2\/product\/1648","targetHints":{"allow":["GET"]}}],"collection":[{"href":"https:\/\/biollachemicals.com\/de\/wp-json\/wp\/v2\/product"}],"about":[{"href":"https:\/\/biollachemicals.com\/de\/wp-json\/wp\/v2\/types\/product"}],"wp:featuredmedia":[{"embeddable":true,"href":"https:\/\/biollachemicals.com\/de\/wp-json\/wp\/v2\/media\/1699"}],"wp:attachment":[{"href":"https:\/\/biollachemicals.com\/de\/wp-json\/wp\/v2\/media?parent=1648"}],"wp:term":[{"taxonomy":"product_brand","embeddable":true,"href":"https:\/\/biollachemicals.com\/de\/wp-json\/wp\/v2\/product_brand?post=1648"},{"taxonomy":"product_cat","embeddable":true,"href":"https:\/\/biollachemicals.com\/de\/wp-json\/wp\/v2\/product_cat?post=1648"},{"taxonomy":"product_tag","embeddable":true,"href":"https:\/\/biollachemicals.com\/de\/wp-json\/wp\/v2\/product_tag?post=1648"}],"curies":[{"name":"wp","href":"https:\/\/api.w.org\/{rel}","templated":true}]}}