{"id":1629,"date":"2021-08-27T13:11:09","date_gmt":"2021-08-27T13:11:09","guid":{"rendered":"https:\/\/biollachemicals.com\/?post_type=product&#038;p=1629"},"modified":"2024-04-25T13:51:46","modified_gmt":"2024-04-25T13:51:46","slug":"benzoesaure-e210-cas-65-85-0","status":"publish","type":"product","link":"https:\/\/biollachemicals.com\/de\/produkt\/benzoesaure-e210-cas-65-85-0\/","title":{"rendered":"Benzoes\u00e4ure E210, CAS 65-85-0"},"content":{"rendered":"<h1 class=\"wp-block-heading\">Benzoes\u00e4ure E210<\/h1>\n\n\n\n<p>Produktname: Benzoes\u00e4ure<br>Andere Namen: Carboxybenzol, E210, Dracyls\u00e4ure, Phenylmethans\u00e4ure, BzOH<br>CAS-Nr.: 65-85-0<br>Chemische Formel: C7H6O2<br>Verwendung: als Zwischenprodukt in Chemikalien, Alkydharzen, Polyestern, Weichmachern<br>Verpackung: 25 kg HDPE-Sack \/ 600 kg Big Bag<\/p>\n\n\n\n<p><strong>Spezifikation<\/strong><\/p>\n\n\n\n<figure class=\"wp-block-table is-style-stripes\"><table><tbody><tr><td><strong>Parameter<\/strong><\/td><td><strong>Standard<\/strong><\/td><\/tr><tr><td>Physisches Erscheinungsbild<\/td><td>Wei\u00df aus \/ Wei\u00df kleine Flocken<\/td><\/tr><tr><td>Assay (%)<\/td><td>\u226599.0<\/td><\/tr><tr><td>Luftfeuchtigkeit<\/td><td>Maximal 0,5<\/td><\/tr><tr><td>Erstarrungspunkt \u2103<\/td><td>121~123<\/td><\/tr><tr><td>Farbe hz<\/td><td>Maximal 50<\/td><\/tr><tr><td>Sulfatasche %<\/td><td>Maximal 0,1<\/td><\/tr><tr><td>L\u00f6slich in<\/td><td>Alkohol, Benzol, Ether<\/td><\/tr><\/tbody><\/table><\/figure>","protected":false},"excerpt":{"rendered":"<p>Benzoic Acid E210 Product name:&nbsp; Benzoic AcidOther names: Carboxybenzene, E210, Dracylic acid, Phenylmethanoic acid, BzOHCAS-No.: 65-85-0Chemical formula:&nbsp;C7H6O2Application: as an intermediate in chemicals, alkyd resins, polyesters, plasticizersPackage: 25 kg HDPE Bag \/ 600 kg Big Bag Specification Parameter Standard Physical Appearance White off \/ White Small Flakes Assay (%) \u226599.0 Moisture Max 0.5 Solidification Point \u2103 [&hellip;]<\/p>\n","protected":false},"featured_media":1630,"template":"","meta":{"_kad_blocks_custom_css":"","_kad_blocks_head_custom_js":"","_kad_blocks_body_custom_js":"","_kad_blocks_footer_custom_js":""},"product_brand":[],"product_cat":[129,125],"product_tag":[],"class_list":{"0":"post-1629","1":"product","2":"type-product","3":"status-publish","4":"has-post-thumbnail","6":"product_cat-idustrial","7":"product_cat-industrial-chemicals","9":"first","10":"instock","11":"shipping-taxable","12":"product-type-simple"},"Meta Data":null,"meta_description":null,"Focus Keyword":null,"meta_box":{"cas_number":"65-85-0","chemical_formula":"C7H6O2","molecular_weight":"","einecs_number":"","product_packaging":"","substance_form":"","type_of_substance":"","percentage_percent":"","hs_code":"","pro_delivery_time":"","retest_period":"","storage_condition":"","product_document_data":""},"rank_math_description":null,"rank_math_focus_keyword":null,"taxonomy_info":{"product_cat":[{"value":129,"label":"Idustrial"},{"value":125,"label":"Industrial Chemicals"}]},"featured_image_src_large":["https:\/\/biollachemicals.com\/wp-content\/uploads\/2021\/08\/image_2021_08_27T13_08_26_683Z.jpg",485,485,false],"author_info":[],"comment_info":"","_links":{"self":[{"href":"https:\/\/biollachemicals.com\/de\/wp-json\/wp\/v2\/product\/1629","targetHints":{"allow":["GET"]}}],"collection":[{"href":"https:\/\/biollachemicals.com\/de\/wp-json\/wp\/v2\/product"}],"about":[{"href":"https:\/\/biollachemicals.com\/de\/wp-json\/wp\/v2\/types\/product"}],"wp:featuredmedia":[{"embeddable":true,"href":"https:\/\/biollachemicals.com\/de\/wp-json\/wp\/v2\/media\/1630"}],"wp:attachment":[{"href":"https:\/\/biollachemicals.com\/de\/wp-json\/wp\/v2\/media?parent=1629"}],"wp:term":[{"taxonomy":"product_brand","embeddable":true,"href":"https:\/\/biollachemicals.com\/de\/wp-json\/wp\/v2\/product_brand?post=1629"},{"taxonomy":"product_cat","embeddable":true,"href":"https:\/\/biollachemicals.com\/de\/wp-json\/wp\/v2\/product_cat?post=1629"},{"taxonomy":"product_tag","embeddable":true,"href":"https:\/\/biollachemicals.com\/de\/wp-json\/wp\/v2\/product_tag?post=1629"}],"curies":[{"name":"wp","href":"https:\/\/api.w.org\/{rel}","templated":true}]}}