{"id":1624,"date":"2021-08-27T12:50:15","date_gmt":"2021-08-27T12:50:15","guid":{"rendered":"https:\/\/biollachemicals.com\/?post_type=product&#038;p=1624"},"modified":"2024-04-23T06:02:55","modified_gmt":"2024-04-23T06:02:55","slug":"zitronensauremonohydrat-e-330-cas-5949-29-1","status":"publish","type":"product","link":"https:\/\/biollachemicals.com\/de\/produkt\/zitronensauremonohydrat-e-330-cas-5949-29-1\/","title":{"rendered":"Zitronens\u00e4ure-Monohydrat E 330, CAS 5949-29-1"},"content":{"rendered":"<h1>Zitronens\u00e4ure-Monohydrat E 330<\/h1>\n<p>Chemische Bezeichnung: 2-Hydroxy-1,2,3-propantricarboxyls\u00e4ure<br \/>\nCAS-Nr.: 5949-29-1<br \/>\nChemische Formel: C6H8O7H2O<br \/>\nEINECS-Nr.: 201-069-1<br \/>\nMolekulargewicht: 210,15<\/p>\n<p><strong>Spezifikation<\/strong><\/p>\n<table cellpadding=\"5\">\n<tbody>\n<tr>\n<td align=\"center\" valign=\"middle\"><strong>Eigentum<\/strong><\/td>\n<td align=\"center\" valign=\"middle\"><strong>Bemerkung<\/strong><\/td>\n<td colspan=\"2\" align=\"center\" valign=\"middle\"><strong>Spezifikation<\/strong><\/td>\n<\/tr>\n<tr>\n<td><\/td>\n<td><\/td>\n<td align=\"center\" valign=\"middle\"><strong>min<\/strong><\/td>\n<td align=\"center\" valign=\"middle\"><strong>max<\/strong><\/td>\n<\/tr>\n<tr>\n<td valign=\"middle\">Erscheinungsbild<\/td>\n<td><\/td>\n<td colspan=\"2\" align=\"center\" valign=\"middle\">wei\u00dfer oder farbloser, geruchloser, kristalliner Feststoff mit stark saurem Geschmack<\/td>\n<\/tr>\n<tr>\n<td valign=\"middle\">Assay<\/td>\n<td><\/td>\n<td align=\"center\" valign=\"middle\">99,5 %<\/td>\n<td align=\"center\" valign=\"middle\">&#8211;<\/td>\n<\/tr>\n<tr>\n<td valign=\"middle\">L\u00f6slichkeit<\/td>\n<td><\/td>\n<td colspan=\"2\" align=\"center\" valign=\"middle\">Gut l\u00f6slich in Wasser; gut l\u00f6slich in Ethanol; l\u00f6slich in Ether<\/td>\n<\/tr>\n<tr>\n<td valign=\"middle\">Wassergehalt<\/td>\n<td align=\"center\" valign=\"middle\">Karl Fischer<\/td>\n<td align=\"center\" valign=\"middle\">&#8211;<\/td>\n<td align=\"center\" valign=\"middle\">8,8 %<\/td>\n<\/tr>\n<tr>\n<td valign=\"middle\">Pr\u00fcfung der Identifizierung<\/td>\n<td><\/td>\n<td colspan=\"2\" align=\"center\" valign=\"middle\">Pr\u00fcfung bestanden<\/td>\n<\/tr>\n<tr>\n<td valign=\"middle\">Oxalate \/ Oxalat<\/td>\n<td align=\"center\" valign=\"middle\">Ausgedr\u00fcckt als Oxals\u00e4ure, nach Trocknung<\/td>\n<td align=\"center\" valign=\"middle\">&#8211;<\/td>\n<td align=\"center\" valign=\"middle\">100 ppm<\/td>\n<\/tr>\n<tr>\n<td valign=\"middle\">Leicht verkohlbare Stoffe<\/td>\n<td><\/td>\n<td colspan=\"3\" align=\"center\" valign=\"middle\">Pr\u00fcfung bestanden<\/td>\n<\/tr>\n<tr>\n<td valign=\"middle\">Sulfatierte Asche<\/td>\n<td align=\"center\" valign=\"middle\">Nach Kalzinierung bei 800 \u00b1 25 \u00b0C<\/td>\n<td align=\"center\" valign=\"middle\">&#8211;<\/td>\n<td align=\"center\" valign=\"middle\">0,05%<\/td>\n<\/tr>\n<tr>\n<td valign=\"middle\">Blei<\/td>\n<td><\/td>\n<td align=\"center\" valign=\"middle\">&#8211;<\/td>\n<td align=\"center\" valign=\"middle\">0,5 mg\/kg<\/td>\n<\/tr>\n<tr>\n<td valign=\"middle\">Arsen<\/td>\n<td><\/td>\n<td align=\"center\" valign=\"middle\">&#8211;<\/td>\n<td align=\"center\" valign=\"middle\">1 mg\/kg<\/td>\n<\/tr>\n<tr>\n<td valign=\"middle\">Quecksilber<\/td>\n<td><\/td>\n<td align=\"center\" valign=\"middle\">&#8211;<\/td>\n<td align=\"center\" valign=\"middle\">1 mg\/kg<\/td>\n<\/tr>\n<\/tbody>\n<\/table>\n<p><strong>Verpackung<\/strong>: 25 kg Mehrweg-Papiers\u00e4cke mit PE-Inliner<\/p>\n<p><strong>Haltbarkeitsdauer<\/strong>2 Jahre ab Produktionsdatum unter den empfohlenen Lagerbedingungen<\/p>\n<p><strong>Lagerung<\/strong>: In dicht verschlossener Originalverpackung an einem k\u00fchlen, sauberen und trockenen Ort aufbewahren, fern von direktem Sonnenlicht und Wasser.<\/p>\n<p><strong>Qualit\u00e4t<\/strong>: Erf\u00fcllt die Reinheitskriterien f\u00fcr das angegebene Produkt gem\u00e4\u00df der Verordnung (EU) Nr. 231\/2012 sowie der Verordnung (EG) Nr. 1333\/2008 und der Verordnung (EG) Nr. 1831\/2003. Ergebnisse und Methoden wie in der JECFA-Methodenbeschreibung dargelegt<\/p>\n<p><strong>Funktionelle Gruppe bei Verwendung in Futtermitteln<\/strong>: Kategorie: Technologischer Zusatzstoff (Kat. 1), Funktionsgruppe: Konservierungsstoffe (a)<\/p>","protected":false},"excerpt":{"rendered":"<p>Citric Acid Monohydrate E 330 Chemical name: 2-Hydroxy-1,2,3-propanetricarboxylic acid CAS-No: 5949-29-1 Chemical formula: C6H8O7H2O EINECS-No: 201-069-1 Molekulargewicht: 210,15 Specification Property Remark Specification min max Appearance white or colourless, odourless, crystalline solid, having a strongly acid taste Assay 99,5 % &#8211; Solubility Very soluble in water; freely soluble in ethanol; soluble in ether Water content Karl [&hellip;]<\/p>\n","protected":false},"featured_media":1626,"template":"","meta":{"_kad_blocks_custom_css":"","_kad_blocks_head_custom_js":"","_kad_blocks_body_custom_js":"","_kad_blocks_footer_custom_js":""},"product_brand":[],"product_cat":[109,115],"product_tag":[137],"class_list":{"0":"post-1624","1":"product","2":"type-product","3":"status-publish","4":"has-post-thumbnail","6":"product_cat-food-additives","7":"product_cat-pharma","8":"product_tag-citric-acid-monohydrate-e-330","10":"first","11":"instock","12":"shipping-taxable","13":"product-type-simple"},"Meta Data":null,"meta_description":null,"Focus Keyword":null,"meta_box":{"cas_number":"5949-29-1","chemical_formula":"C6H8O7H2O","molecular_weight":"","einecs_number":"","product_packaging":"","substance_form":"","type_of_substance":"","percentage_percent":"","hs_code":"","pro_delivery_time":"","retest_period":"","storage_condition":"","product_document_data":""},"rank_math_description":"Citric Acid Monohydrate E 330, CAS 5949-29-1 - Chemical name: 2-Hydroxy-1,2,3-propanetricarboxylic acidCAS-No: 5949-29-1.","rank_math_focus_keyword":"Citric Acid Monohydrate","taxonomy_info":{"product_cat":[{"value":109,"label":"Food Components"},{"value":115,"label":"Pharma"}],"product_tag":[{"value":137,"label":"Citric Acid Monohydrate E 330"}]},"featured_image_src_large":["https:\/\/biollachemicals.com\/wp-content\/uploads\/2021\/08\/Citric-Acid-Monohydrat-8-40-mesh1.jpg",394,317,false],"author_info":[],"comment_info":"","_links":{"self":[{"href":"https:\/\/biollachemicals.com\/de\/wp-json\/wp\/v2\/product\/1624","targetHints":{"allow":["GET"]}}],"collection":[{"href":"https:\/\/biollachemicals.com\/de\/wp-json\/wp\/v2\/product"}],"about":[{"href":"https:\/\/biollachemicals.com\/de\/wp-json\/wp\/v2\/types\/product"}],"wp:featuredmedia":[{"embeddable":true,"href":"https:\/\/biollachemicals.com\/de\/wp-json\/wp\/v2\/media\/1626"}],"wp:attachment":[{"href":"https:\/\/biollachemicals.com\/de\/wp-json\/wp\/v2\/media?parent=1624"}],"wp:term":[{"taxonomy":"product_brand","embeddable":true,"href":"https:\/\/biollachemicals.com\/de\/wp-json\/wp\/v2\/product_brand?post=1624"},{"taxonomy":"product_cat","embeddable":true,"href":"https:\/\/biollachemicals.com\/de\/wp-json\/wp\/v2\/product_cat?post=1624"},{"taxonomy":"product_tag","embeddable":true,"href":"https:\/\/biollachemicals.com\/de\/wp-json\/wp\/v2\/product_tag?post=1624"}],"curies":[{"name":"wp","href":"https:\/\/api.w.org\/{rel}","templated":true}]}}