{"id":1612,"date":"2021-08-18T09:42:03","date_gmt":"2021-08-18T09:42:03","guid":{"rendered":"https:\/\/biollachemicals.com\/product\/ammonium-chloride-cas-12125-02-9-2\/"},"modified":"2024-04-25T18:11:58","modified_gmt":"2024-04-25T18:11:58","slug":"ammoniumchlorid-cas-12125-02-9-2","status":"publish","type":"product","link":"https:\/\/biollachemicals.com\/de\/produkt\/ammoniumchlorid-cas-12125-02-9-2\/","title":{"rendered":"Ammoniumchlorid, CAS: 12125-02-9"},"content":{"rendered":"<p>Ammoniumchlorid ist eine anorganische Verbindung mit der Formel NH4Cl und ein wei\u00dfes, kristallines Salz, das gut in Wasser l\u00f6slich ist. L\u00f6sungen von Ammoniumchlorid sind leicht sauer. Das Mineral bildet sich h\u00e4ufig auf brennenden Kohlehalden durch Kondensation der aus der Kohle stammenden Gase. . Es wird haupts\u00e4chlich als Aromastoff in der Lebensmittelindustrie oder als Flussmittel bei der Vorbereitung von Metallen verwendet, die verzinnt, galvanisiert oder gel\u00f6tet werden sollen. Es ist das Produkt aus der Reaktion von Salzs\u00e4ure und Ammoniak.<\/p>","protected":false},"excerpt":{"rendered":"<p>EC-Nr. 235-186-4;<br \/>\nVerpackung25 kg\/Sack<br \/>\nE-Nummer: E510<br \/>\n\u00c4u\u00dferes Erscheinungsbild: Wei\u00dfer Feststoff, hygroskopisch<\/p>","protected":false},"featured_media":0,"template":"","meta":{"_kad_blocks_custom_css":"","_kad_blocks_head_custom_js":"","_kad_blocks_body_custom_js":"","_kad_blocks_footer_custom_js":""},"product_brand":[],"product_cat":[109,125,139],"product_tag":[],"class_list":{"0":"post-1612","1":"product","2":"type-product","3":"status-publish","5":"product_cat-food-additives","6":"product_cat-industrial-chemicals","7":"product_cat-pharma-grade","9":"first","10":"instock","11":"shipping-taxable","12":"product-type-simple"},"Meta Data":null,"meta_description":null,"Focus Keyword":null,"meta_box":{"cas_number":"12125-02-9","chemical_formula":"NH4Cl","molecular_weight":"","einecs_number":"","product_packaging":"","substance_form":"","type_of_substance":"","percentage_percent":"","hs_code":"","pro_delivery_time":"","retest_period":"","storage_condition":"","product_document_data":""},"rank_math_description":null,"rank_math_focus_keyword":null,"taxonomy_info":{"product_cat":[{"value":109,"label":"Food Components"},{"value":125,"label":"Industrial Chemicals"},{"value":139,"label":"Pharmaceutical Ingredients"}]},"featured_image_src_large":false,"author_info":[],"comment_info":"","_links":{"self":[{"href":"https:\/\/biollachemicals.com\/de\/wp-json\/wp\/v2\/product\/1612","targetHints":{"allow":["GET"]}}],"collection":[{"href":"https:\/\/biollachemicals.com\/de\/wp-json\/wp\/v2\/product"}],"about":[{"href":"https:\/\/biollachemicals.com\/de\/wp-json\/wp\/v2\/types\/product"}],"wp:attachment":[{"href":"https:\/\/biollachemicals.com\/de\/wp-json\/wp\/v2\/media?parent=1612"}],"wp:term":[{"taxonomy":"product_brand","embeddable":true,"href":"https:\/\/biollachemicals.com\/de\/wp-json\/wp\/v2\/product_brand?post=1612"},{"taxonomy":"product_cat","embeddable":true,"href":"https:\/\/biollachemicals.com\/de\/wp-json\/wp\/v2\/product_cat?post=1612"},{"taxonomy":"product_tag","embeddable":true,"href":"https:\/\/biollachemicals.com\/de\/wp-json\/wp\/v2\/product_tag?post=1612"}],"curies":[{"name":"wp","href":"https:\/\/api.w.org\/{rel}","templated":true}]}}