{"id":1608,"date":"2021-08-18T09:42:02","date_gmt":"2021-08-18T09:42:02","guid":{"rendered":"https:\/\/biollachemicals.com\/product\/alpha-cyclodextrin-cas-1946-82-3\/"},"modified":"2024-04-25T18:20:49","modified_gmt":"2024-04-25T18:20:49","slug":"alpha-cyclodextrin-cas-1946-82-3","status":"publish","type":"product","link":"https:\/\/biollachemicals.com\/de\/produkt\/alpha-cyclodextrin-cas-1946-82-3\/","title":{"rendered":"ALPHA-CYCLODEXTRIN, CAS: 1946-82-3"},"content":{"rendered":"<p>Alfa Cyclodextrin bietet eine vegane Alternative zur Stabilisierung von \u00d6l-in-Wasser-Emulsionen und Lebensmittelsch\u00e4umen. Dies erm\u00f6glicht die Schaffung innovativer Lebensmittell\u00f6sungen, wie z. B. eifreie Backwaren und hitzestabile Glasuren mit pflanzlichen \u00d6len anstelle von festen Fetten.<\/p>","protected":false},"excerpt":{"rendered":"<p>EG-Nr.:233-007-4<br \/>\nSynonyme:Cyclohexaamylose, Cyclomaltohexaose<br \/>\nAnwendung: Glasuren &amp; Frostings; Gesundes Leben erm\u00f6glichen; Nahrungserg\u00e4nzungsmittel; Eifreie B\u00e4ckerei; Mayonnaise &amp; Saucen; Kokosnussmilchpulver; Maskierung<\/p>","protected":false},"featured_media":0,"template":"","meta":{"_kad_blocks_custom_css":"","_kad_blocks_head_custom_js":"","_kad_blocks_body_custom_js":"","_kad_blocks_footer_custom_js":""},"product_brand":[],"product_cat":[109,139],"product_tag":[],"class_list":{"0":"post-1608","1":"product","2":"type-product","3":"status-publish","5":"product_cat-food-additives","6":"product_cat-pharma-grade","8":"first","9":"instock","10":"shipping-taxable","11":"product-type-simple"},"Meta Data":null,"meta_description":null,"Focus Keyword":null,"meta_box":{"cas_number":"1946-82-3","chemical_formula":"C8H16N2O3","molecular_weight":"","einecs_number":"","product_packaging":"","substance_form":"","type_of_substance":"","percentage_percent":"","hs_code":"","pro_delivery_time":"","retest_period":"","storage_condition":"","product_document_data":""},"rank_math_description":null,"rank_math_focus_keyword":null,"taxonomy_info":{"product_cat":[{"value":109,"label":"Food Components"},{"value":139,"label":"Pharmaceutical Ingredients"}]},"featured_image_src_large":false,"author_info":[],"comment_info":"","_links":{"self":[{"href":"https:\/\/biollachemicals.com\/de\/wp-json\/wp\/v2\/product\/1608","targetHints":{"allow":["GET"]}}],"collection":[{"href":"https:\/\/biollachemicals.com\/de\/wp-json\/wp\/v2\/product"}],"about":[{"href":"https:\/\/biollachemicals.com\/de\/wp-json\/wp\/v2\/types\/product"}],"wp:attachment":[{"href":"https:\/\/biollachemicals.com\/de\/wp-json\/wp\/v2\/media?parent=1608"}],"wp:term":[{"taxonomy":"product_brand","embeddable":true,"href":"https:\/\/biollachemicals.com\/de\/wp-json\/wp\/v2\/product_brand?post=1608"},{"taxonomy":"product_cat","embeddable":true,"href":"https:\/\/biollachemicals.com\/de\/wp-json\/wp\/v2\/product_cat?post=1608"},{"taxonomy":"product_tag","embeddable":true,"href":"https:\/\/biollachemicals.com\/de\/wp-json\/wp\/v2\/product_tag?post=1608"}],"curies":[{"name":"wp","href":"https:\/\/api.w.org\/{rel}","templated":true}]}}