{"id":1602,"date":"2021-08-18T09:42:00","date_gmt":"2021-08-18T09:42:00","guid":{"rendered":"https:\/\/biollachemicals.com\/product\/3-chlor-2-hydroxypropyl-nnn-trimethylammoniumchlorid-chptac-cas-3327-22-8\/"},"modified":"2024-04-25T18:31:32","modified_gmt":"2024-04-25T18:31:32","slug":"3-chlor-2-hydroxypropyl-nnn-trimethylammoniumchlorid-chptac-cas-3327-22-8","status":"publish","type":"product","link":"https:\/\/biollachemicals.com\/de\/produkt\/3-chlor-2-hydroxypropyl-nnn-trimethylammoniumchlorid-chptac-cas-3327-22-8\/","title":{"rendered":"3-Chlor-2-hydroxypropyl-N,N,N-trimethylammoniumchlorid (CHPTAC), CAS: 3327-22-8"},"content":{"rendered":"<p>3-Chlor-2-hydroxypropyl-N,N,N-trimethylammoniumchlorid wird f\u00fcr die Kationisierung (Synthese von kationischen Bipolymeren) von Cellulose, St\u00e4rke und \u00e4hnlichen Verbindungen verwendet. Es wird f\u00fcr die Quaternisierung von Verbindungen mit Hydroxy-, Amino- und anderen funktionellen Gruppen verwendet.<\/p>","protected":false},"excerpt":{"rendered":"<p>Formelgewicht:188,1 g\/mol<br \/>\nSynonyme:1-Propanaminium,3-chloro-2-hydroxy-N,N,N-trimethyl-,chlorid<br \/>\nErscheinungsbild:klarFarbe:farblos bis leicht gelb<br \/>\nDichte bei 20\u00b0C:1,16 kg\/L<br \/>\nVerpackung: IBC (1000 kg)<\/p>","protected":false},"featured_media":0,"template":"","meta":{"_kad_blocks_custom_css":"","_kad_blocks_head_custom_js":"","_kad_blocks_body_custom_js":"","_kad_blocks_footer_custom_js":""},"product_brand":[],"product_cat":[125],"product_tag":[],"class_list":{"0":"post-1602","1":"product","2":"type-product","3":"status-publish","5":"product_cat-industrial-chemicals","7":"first","8":"instock","9":"shipping-taxable","10":"product-type-simple"},"Meta Data":null,"meta_description":null,"Focus Keyword":null,"meta_box":{"cas_number":"3327-22-8","chemical_formula":"C6H15NOCl2","molecular_weight":"","einecs_number":"","product_packaging":"","substance_form":"","type_of_substance":"","percentage_percent":"","hs_code":"","pro_delivery_time":"","retest_period":"","storage_condition":"","product_document_data":""},"rank_math_description":null,"rank_math_focus_keyword":null,"taxonomy_info":{"product_cat":[{"value":125,"label":"Industrial Chemicals"}]},"featured_image_src_large":false,"author_info":[],"comment_info":"","_links":{"self":[{"href":"https:\/\/biollachemicals.com\/de\/wp-json\/wp\/v2\/product\/1602","targetHints":{"allow":["GET"]}}],"collection":[{"href":"https:\/\/biollachemicals.com\/de\/wp-json\/wp\/v2\/product"}],"about":[{"href":"https:\/\/biollachemicals.com\/de\/wp-json\/wp\/v2\/types\/product"}],"wp:attachment":[{"href":"https:\/\/biollachemicals.com\/de\/wp-json\/wp\/v2\/media?parent=1602"}],"wp:term":[{"taxonomy":"product_brand","embeddable":true,"href":"https:\/\/biollachemicals.com\/de\/wp-json\/wp\/v2\/product_brand?post=1602"},{"taxonomy":"product_cat","embeddable":true,"href":"https:\/\/biollachemicals.com\/de\/wp-json\/wp\/v2\/product_cat?post=1602"},{"taxonomy":"product_tag","embeddable":true,"href":"https:\/\/biollachemicals.com\/de\/wp-json\/wp\/v2\/product_tag?post=1602"}],"curies":[{"name":"wp","href":"https:\/\/api.w.org\/{rel}","templated":true}]}}