{"id":1599,"date":"2021-08-18T09:41:59","date_gmt":"2021-08-18T09:41:59","guid":{"rendered":"https:\/\/biollachemicals.com\/product\/2-methyltetrahydrofuran-cas-96-47-9\/"},"modified":"2024-04-25T18:40:37","modified_gmt":"2024-04-25T18:40:37","slug":"2-methyltetrahydrofuran-cas-96-47-9","status":"publish","type":"product","link":"https:\/\/biollachemicals.com\/de\/produkt\/2-methyltetrahydrofuran-cas-96-47-9\/","title":{"rendered":"2-Methyltetrahydrofuran, CAS: 96-47-9"},"content":{"rendered":"<p>2-Methyltetrahydrofuran (MeTHF) kann als L\u00f6sungsmittel f\u00fcr die Lithiierung bei niedrigen Temperaturen, f\u00fcr Lithium-Aluminiumhydrid-Reduktionen, f\u00fcr die Reformatsky-Reaktion und f\u00fcr metallkatalysierte Kupplungsreaktionen verwendet werden. MeTHF ist auch ein guter Ersatz f\u00fcr Dichlormethan bei zweiphasigen Reaktionen.<\/p>","protected":false},"excerpt":{"rendered":"<p>2-Methyltetrahydrofuran\" (2-MTHF) ist ein organisches L\u00f6sungsmittel und geh\u00f6rt zur Stoffklasse der cyclischen Ether.<br \/>\nandere Namen:<br \/>\nMethyltetrahydrofuran<br \/>\nTetrahydro-2-methylfuran;<br \/>\nBeschreibung:<br \/>\nfarblose Fl\u00fcssigkeit mit \u00e4therischem Geruch<\/p>","protected":false},"featured_media":0,"template":"","meta":{"_kad_blocks_custom_css":"","_kad_blocks_head_custom_js":"","_kad_blocks_body_custom_js":"","_kad_blocks_footer_custom_js":""},"product_brand":[],"product_cat":[125],"product_tag":[],"class_list":{"0":"post-1599","1":"product","2":"type-product","3":"status-publish","5":"product_cat-industrial-chemicals","7":"first","8":"instock","9":"shipping-taxable","10":"product-type-simple"},"Meta Data":null,"meta_description":null,"Focus Keyword":null,"meta_box":{"cas_number":"96-47-9","chemical_formula":"C5H10O","molecular_weight":"","einecs_number":"","product_packaging":"","substance_form":"","type_of_substance":"","percentage_percent":"","hs_code":"","pro_delivery_time":"","retest_period":"","storage_condition":"","product_document_data":""},"rank_math_description":null,"rank_math_focus_keyword":null,"taxonomy_info":{"product_cat":[{"value":125,"label":"Industrial Chemicals"}]},"featured_image_src_large":false,"author_info":[],"comment_info":"","_links":{"self":[{"href":"https:\/\/biollachemicals.com\/de\/wp-json\/wp\/v2\/product\/1599","targetHints":{"allow":["GET"]}}],"collection":[{"href":"https:\/\/biollachemicals.com\/de\/wp-json\/wp\/v2\/product"}],"about":[{"href":"https:\/\/biollachemicals.com\/de\/wp-json\/wp\/v2\/types\/product"}],"wp:attachment":[{"href":"https:\/\/biollachemicals.com\/de\/wp-json\/wp\/v2\/media?parent=1599"}],"wp:term":[{"taxonomy":"product_brand","embeddable":true,"href":"https:\/\/biollachemicals.com\/de\/wp-json\/wp\/v2\/product_brand?post=1599"},{"taxonomy":"product_cat","embeddable":true,"href":"https:\/\/biollachemicals.com\/de\/wp-json\/wp\/v2\/product_cat?post=1599"},{"taxonomy":"product_tag","embeddable":true,"href":"https:\/\/biollachemicals.com\/de\/wp-json\/wp\/v2\/product_tag?post=1599"}],"curies":[{"name":"wp","href":"https:\/\/api.w.org\/{rel}","templated":true}]}}