{"id":1597,"date":"2021-08-18T09:41:58","date_gmt":"2021-08-18T09:41:58","guid":{"rendered":"https:\/\/biollachemicals.com\/product\/hydroxypropyl-%ce%b2-cyclodextrin-cas-128446-35-5\/"},"modified":"2024-04-25T18:45:13","modified_gmt":"2024-04-25T18:45:13","slug":"hydroxypropyl-%ce%b2-cyclodextrin-cas-128446-35-5","status":"publish","type":"product","link":"https:\/\/biollachemicals.com\/de\/produkt\/hydroxypropyl-%ce%b2-cyclodextrin-cas-128446-35-5\/","title":{"rendered":"Hydroxypropyl-\u03b2-cyclodextrin, CAS: 128446-35-5"},"content":{"rendered":"<p> Anwendungen: 1. Im Bereich der Lebensmittel und Gew\u00fcrze kann es die Stabilit\u00e4t und langfristige Wirksamkeit von N\u00e4hrstoffmolek\u00fclen verbessern, schlechte Ger\u00fcche und Geschm\u00e4cker von Lebensmittelmolek\u00fclen maskieren oder korrigieren und den Produktionsprozess und die Produktqualit\u00e4t verbessern.<br \/>\n2. Es kann als Stabilisator, Emulgator, Deodorant usw. in kosmetischen Rohstoffen verwendet werden, um die Reizung von organischen Molek\u00fclen in der Haut auf Schleimh\u00e4ute zu reduzieren, die Stabilit\u00e4t von Wirkstoffen zu verbessern und die Verfl\u00fcchtigung und Oxidation von N\u00e4hrstoffen zu verhindern. Es hat eine gewisse relative Hygroskopizit\u00e4t.<br \/>\n3. In der pharmazeutischen Industrie ist es ein idealer Injektionsl\u00f6ser und Arzneimitteltr\u00e4ger, da es eine relativ geringe Oberfl\u00e4chenaktivit\u00e4t und h\u00e4molytische Aktivit\u00e4t aufweist und die Muskeln nicht reizt. Es kann die Wasserl\u00f6slichkeit von unl\u00f6slichen Arzneimitteln verbessern, die Stabilit\u00e4t von Arzneimitteln erh\u00f6hen, die Bioverf\u00fcgbarkeit von Arzneimitteln steigern, die Wirksamkeit von Arzneimitteln erh\u00f6hen oder die Dosierung verringern, die Freisetzungsrate von Arzneimitteln anpassen oder kontrollieren und die Nebenwirkungen von Arzneimitteln verringern. <\/p>","protected":false},"excerpt":{"rendered":"<p>Abk\u00fcrzung: HPBCDCAS: 128446-35-5EINECS: 420-920-1<br \/>\nMolekulare Formel: C42H70-nO35(C3H8O2)n<br \/>\nMolekulargewicht: 1134.98+58n<br \/>\nQualit\u00e4t: Pharmaqualit\u00e4t \/ Lebensmittelqualit\u00e4t \/ Kosmetikqualit\u00e4t. Standard: USP41 \/ EP9.6<br \/>\nVerpackung: 500g\/Beutel, 2kg\/Beutel, 10kg\/Fass<br \/>\nVerwendung: Medizinische, Lebensmittel-, chemische und kosmetische Industrie.<\/p>","protected":false},"featured_media":0,"template":"","meta":{"_kad_blocks_custom_css":"","_kad_blocks_head_custom_js":"","_kad_blocks_body_custom_js":"","_kad_blocks_footer_custom_js":""},"product_brand":[],"product_cat":[109,139],"product_tag":[],"class_list":{"0":"post-1597","1":"product","2":"type-product","3":"status-publish","5":"product_cat-food-additives","6":"product_cat-pharma-grade","8":"first","9":"instock","10":"shipping-taxable","11":"product-type-simple"},"Meta Data":null,"meta_description":null,"Focus Keyword":null,"meta_box":{"cas_number":"128446-35-5","chemical_formula":"C42H70-nO35(C3H8O2)n","molecular_weight":"","einecs_number":"","product_packaging":"","substance_form":"","type_of_substance":"","percentage_percent":"","hs_code":"","pro_delivery_time":"","retest_period":"","storage_condition":"","product_document_data":""},"rank_math_description":null,"rank_math_focus_keyword":null,"taxonomy_info":{"product_cat":[{"value":109,"label":"Food Components"},{"value":139,"label":"Pharmaceutical Ingredients"}]},"featured_image_src_large":false,"author_info":[],"comment_info":"","_links":{"self":[{"href":"https:\/\/biollachemicals.com\/de\/wp-json\/wp\/v2\/product\/1597","targetHints":{"allow":["GET"]}}],"collection":[{"href":"https:\/\/biollachemicals.com\/de\/wp-json\/wp\/v2\/product"}],"about":[{"href":"https:\/\/biollachemicals.com\/de\/wp-json\/wp\/v2\/types\/product"}],"wp:attachment":[{"href":"https:\/\/biollachemicals.com\/de\/wp-json\/wp\/v2\/media?parent=1597"}],"wp:term":[{"taxonomy":"product_brand","embeddable":true,"href":"https:\/\/biollachemicals.com\/de\/wp-json\/wp\/v2\/product_brand?post=1597"},{"taxonomy":"product_cat","embeddable":true,"href":"https:\/\/biollachemicals.com\/de\/wp-json\/wp\/v2\/product_cat?post=1597"},{"taxonomy":"product_tag","embeddable":true,"href":"https:\/\/biollachemicals.com\/de\/wp-json\/wp\/v2\/product_tag?post=1597"}],"curies":[{"name":"wp","href":"https:\/\/api.w.org\/{rel}","templated":true}]}}