{"id":1566,"date":"2021-08-10T13:55:43","date_gmt":"2021-08-10T13:55:43","guid":{"rendered":"https:\/\/biollachemicals.com\/product\/ethyl-2-fluoro-4-iodobenzoate-cas-205750-82-9\/"},"modified":"2024-04-26T03:53:39","modified_gmt":"2024-04-26T03:53:39","slug":"ethyl-2-fluor-4-iodobenzoat-cas-205750-82-9","status":"publish","type":"product","link":"https:\/\/biollachemicals.com\/de\/produkt\/ethyl-2-fluor-4-iodobenzoat-cas-205750-82-9\/","title":{"rendered":"Ethyl-2-fluoro-4-iodobenzoat, CAS 205750-82-9"},"content":{"rendered":"<p>Ethyl-2-fluor-4-iodobenzoat<br \/>CAS: 205750-82-9<br \/>Erh\u00e4ltlich in allen Packungsgr\u00f6\u00dfen, ab 1 g.<\/p>","protected":false},"excerpt":{"rendered":"<p>Ethyl-2-fluoro-4-iodobenzoateCAS: 205750-82-9Erh\u00e4ltlich in allen Packungsgr\u00f6\u00dfen, ab 1g.<\/p>","protected":false},"featured_media":0,"template":"","meta":{"_kad_blocks_custom_css":"","_kad_blocks_head_custom_js":"","_kad_blocks_body_custom_js":"","_kad_blocks_footer_custom_js":""},"product_brand":[],"product_cat":[117],"product_tag":[],"class_list":{"0":"post-1566","1":"product","2":"type-product","3":"status-publish","5":"product_cat-laboratory-chemicals","7":"first","8":"instock","9":"shipping-taxable","10":"product-type-simple"},"Meta Data":null,"meta_description":null,"Focus Keyword":null,"meta_box":{"cas_number":"205750-82-9","chemical_formula":"C9H8FIO2","molecular_weight":"","einecs_number":"","product_packaging":"","substance_form":"","type_of_substance":"","percentage_percent":"","hs_code":"","pro_delivery_time":"","retest_period":"","storage_condition":"","product_document_data":""},"rank_math_description":null,"rank_math_focus_keyword":null,"taxonomy_info":{"product_cat":[{"value":117,"label":"Laboratory Chemicals"}]},"featured_image_src_large":false,"author_info":[],"comment_info":"","_links":{"self":[{"href":"https:\/\/biollachemicals.com\/de\/wp-json\/wp\/v2\/product\/1566","targetHints":{"allow":["GET"]}}],"collection":[{"href":"https:\/\/biollachemicals.com\/de\/wp-json\/wp\/v2\/product"}],"about":[{"href":"https:\/\/biollachemicals.com\/de\/wp-json\/wp\/v2\/types\/product"}],"wp:attachment":[{"href":"https:\/\/biollachemicals.com\/de\/wp-json\/wp\/v2\/media?parent=1566"}],"wp:term":[{"taxonomy":"product_brand","embeddable":true,"href":"https:\/\/biollachemicals.com\/de\/wp-json\/wp\/v2\/product_brand?post=1566"},{"taxonomy":"product_cat","embeddable":true,"href":"https:\/\/biollachemicals.com\/de\/wp-json\/wp\/v2\/product_cat?post=1566"},{"taxonomy":"product_tag","embeddable":true,"href":"https:\/\/biollachemicals.com\/de\/wp-json\/wp\/v2\/product_tag?post=1566"}],"curies":[{"name":"wp","href":"https:\/\/api.w.org\/{rel}","templated":true}]}}