{"id":1468,"date":"2021-08-10T13:55:19","date_gmt":"2021-08-10T13:55:19","guid":{"rendered":"https:\/\/biollachemicals.com\/product\/1-iodo-4-nitrobenzene-cas-636-98-6\/"},"modified":"2024-04-26T18:53:29","modified_gmt":"2024-04-26T18:53:29","slug":"1-jod-4-nitrobenzol-cas-636-98-6","status":"publish","type":"product","link":"https:\/\/biollachemicals.com\/de\/produkt\/1-jod-4-nitrobenzol-cas-636-98-6\/","title":{"rendered":"1-Iod-4-nitrobenzol, CAS 636-98-6"},"content":{"rendered":"<p>1-Jod-4-nitrobenzol<br \/>CAS-NR.: 636-98-6<br \/>Erh\u00e4ltlich in allen Packungsgr\u00f6\u00dfen, ab 1 g.<\/p>","protected":false},"excerpt":{"rendered":"<p>1-Iod-4-nitrobenzolCAS: 636-98-6Erh\u00e4ltlich in allen Packungsgr\u00f6\u00dfen, ab 1 g.<\/p>","protected":false},"featured_media":0,"template":"","meta":{"_kad_blocks_custom_css":"","_kad_blocks_head_custom_js":"","_kad_blocks_body_custom_js":"","_kad_blocks_footer_custom_js":""},"product_brand":[],"product_cat":[117],"product_tag":[],"class_list":{"0":"post-1468","1":"product","2":"type-product","3":"status-publish","5":"product_cat-laboratory-chemicals","7":"first","8":"instock","9":"shipping-taxable","10":"product-type-simple"},"Meta Data":null,"meta_description":null,"Focus Keyword":null,"meta_box":{"cas_number":"636-98-6","chemical_formula":"C6H4INO2","molecular_weight":"","einecs_number":"","product_packaging":"","substance_form":"","type_of_substance":"","percentage_percent":"","hs_code":"","pro_delivery_time":"","retest_period":"","storage_condition":"","product_document_data":""},"rank_math_description":null,"rank_math_focus_keyword":null,"taxonomy_info":{"product_cat":[{"value":117,"label":"Laboratory Chemicals"}]},"featured_image_src_large":false,"author_info":[],"comment_info":"","_links":{"self":[{"href":"https:\/\/biollachemicals.com\/de\/wp-json\/wp\/v2\/product\/1468","targetHints":{"allow":["GET"]}}],"collection":[{"href":"https:\/\/biollachemicals.com\/de\/wp-json\/wp\/v2\/product"}],"about":[{"href":"https:\/\/biollachemicals.com\/de\/wp-json\/wp\/v2\/types\/product"}],"wp:attachment":[{"href":"https:\/\/biollachemicals.com\/de\/wp-json\/wp\/v2\/media?parent=1468"}],"wp:term":[{"taxonomy":"product_brand","embeddable":true,"href":"https:\/\/biollachemicals.com\/de\/wp-json\/wp\/v2\/product_brand?post=1468"},{"taxonomy":"product_cat","embeddable":true,"href":"https:\/\/biollachemicals.com\/de\/wp-json\/wp\/v2\/product_cat?post=1468"},{"taxonomy":"product_tag","embeddable":true,"href":"https:\/\/biollachemicals.com\/de\/wp-json\/wp\/v2\/product_tag?post=1468"}],"curies":[{"name":"wp","href":"https:\/\/api.w.org\/{rel}","templated":true}]}}