{"id":1350,"date":"2021-08-10T13:54:50","date_gmt":"2021-08-10T13:54:50","guid":{"rendered":"https:\/\/biollachemicals.com\/product\/3-iodo-toluene-cas-625-95-6\/"},"modified":"2024-04-27T10:13:43","modified_gmt":"2024-04-27T10:13:43","slug":"3-jodtoluol-cas-625-95-6","status":"publish","type":"product","link":"https:\/\/biollachemicals.com\/de\/produkt\/3-jodtoluol-cas-625-95-6\/","title":{"rendered":"3-Jodtoluol, CAS 625-95-6"},"content":{"rendered":"<p><strong>Erh\u00e4ltlich in allen Packungsgr\u00f6\u00dfen, ab 1g<\/strong><\/p>","protected":false},"excerpt":{"rendered":"<p>Erh\u00e4ltlich in allen Packungsgr\u00f6\u00dfen, ab 1g<\/p>","protected":false},"featured_media":0,"template":"","meta":{"_kad_blocks_custom_css":"","_kad_blocks_head_custom_js":"","_kad_blocks_body_custom_js":"","_kad_blocks_footer_custom_js":""},"product_brand":[],"product_cat":[117],"product_tag":[],"class_list":{"0":"post-1350","1":"product","2":"type-product","3":"status-publish","5":"product_cat-laboratory-chemicals","7":"first","8":"instock","9":"shipping-taxable","10":"product-type-simple"},"Meta Data":null,"meta_description":null,"Focus Keyword":null,"meta_box":{"cas_number":"625-95-6","chemical_formula":"C7H7I","molecular_weight":"","einecs_number":"","product_packaging":"","substance_form":"","type_of_substance":"","percentage_percent":"","hs_code":"","pro_delivery_time":"","retest_period":"","storage_condition":"","product_document_data":""},"rank_math_description":null,"rank_math_focus_keyword":null,"taxonomy_info":{"product_cat":[{"value":117,"label":"Laboratory Chemicals"}]},"featured_image_src_large":false,"author_info":[],"comment_info":"","_links":{"self":[{"href":"https:\/\/biollachemicals.com\/de\/wp-json\/wp\/v2\/product\/1350","targetHints":{"allow":["GET"]}}],"collection":[{"href":"https:\/\/biollachemicals.com\/de\/wp-json\/wp\/v2\/product"}],"about":[{"href":"https:\/\/biollachemicals.com\/de\/wp-json\/wp\/v2\/types\/product"}],"wp:attachment":[{"href":"https:\/\/biollachemicals.com\/de\/wp-json\/wp\/v2\/media?parent=1350"}],"wp:term":[{"taxonomy":"product_brand","embeddable":true,"href":"https:\/\/biollachemicals.com\/de\/wp-json\/wp\/v2\/product_brand?post=1350"},{"taxonomy":"product_cat","embeddable":true,"href":"https:\/\/biollachemicals.com\/de\/wp-json\/wp\/v2\/product_cat?post=1350"},{"taxonomy":"product_tag","embeddable":true,"href":"https:\/\/biollachemicals.com\/de\/wp-json\/wp\/v2\/product_tag?post=1350"}],"curies":[{"name":"wp","href":"https:\/\/api.w.org\/{rel}","templated":true}]}}