{"id":1088,"date":"2020-11-27T14:10:37","date_gmt":"2020-11-27T14:10:37","guid":{"rendered":"https:\/\/biollachemicals.com\/?post_type=product&#038;p=1088"},"modified":"2024-04-25T15:10:08","modified_gmt":"2024-04-25T15:10:08","slug":"magnesiumtaurat-cas-334824-43-0","status":"publish","type":"product","link":"https:\/\/biollachemicals.com\/de\/produkt\/magnesiumtaurat-cas-334824-43-0\/","title":{"rendered":"Magnesiumtaurat - CAS 334824-43-0"},"content":{"rendered":"<h4 class=\"wp-block-heading\">Chemische Bezeichnung<\/h4>\n\n\n\n<p>UNII-RCM1N3D968; RCM1N3D968; SCHEMBL187693; Ethansulfons\u00e4ure, 2-Amino-, Magnesiumsalz (2:1); YZURQOBSFRVSEB-UHFFFAOYSA-L<strong>;<\/strong><\/p>\n\n\n\n<h4 class=\"wp-block-heading\">Anmeldung<\/h4>\n\n\n\n<p>Nahrungserg\u00e4nzungsmittel; Pharmazeutika; Gesundheitsprodukte; Kosmetika;<\/p>\n\n\n\n<figure class=\"wp-block-table is-style-stripes\"><table><tbody><tr><td>Farbe<\/td><td>Wei\u00dfes Pulver<\/td><\/tr><tr><td>L\u00f6slichkeit<\/td><td>schwer l\u00f6slich in Wasser und Ethanol<\/td><\/tr><tr><td>Einheit<\/td><td>25kg\/Fass<\/td><\/tr><\/tbody><\/table><\/figure>","protected":false},"excerpt":{"rendered":"<p>Magnesium-Taurin ist ein Komplex aus Magnesium und Taurin, der gro\u00dfe gesundheitliche Vorteile f\u00fcr die menschliche Gesundheit und geistige Aktivit\u00e4ten hat.<\/p>\n<p><strong>-<\/strong>\u00a0Magnesiumtaurin ist besonders vorteilhaft f\u00fcr die Pr\u00e4vention von Herz-Kreislauf-Erkrankungen.<\/p>\n<p><strong>-<\/strong>\u00a0Magnesium-Taurin kann auch dazu beitragen, Migr\u00e4ne zu verhindern.<\/p>\n<p><strong>-<\/strong>\u00a0Magnesium-Taurin kann dazu beitragen, die allgemeine kognitive Funktion und das Ged\u00e4chtnis zu verbessern.<\/p>\n<p><strong>-<\/strong>\u00a0Magnesium und Taurin k\u00f6nnen die Insulinsensitivit\u00e4t verbessern und das Risiko von mikro- und makrovaskul\u00e4ren Komplikationen bei Diabetes minimieren.<\/p>\n<p><strong>-<\/strong>\u00a0Sowohl Magnesium als auch Taurin haben eine beruhigende Wirkung und hemmen die Erregbarkeit der Nervenzellen im gesamten zentralen Nervensystem.<\/p>\n<p><strong>-<\/strong>\u00a0Magnesiumtaurin kann zur Linderung von Symptomen wie Steifheit\/Kr\u00e4mpfen, amyotropher Lateralsklerose und Fibromyalgie eingesetzt werden.<\/p>\n<p><strong>-<\/strong>\u00a0Magnesium-Taurin hilft bei Schlaflosigkeit und generalisierten Angstzust\u00e4nden<\/p>\n<p><strong>-<\/strong>\u00a0Magnesiumtaurin kann zur Behandlung von Magnesiummangel eingesetzt werden.<\/p>","protected":false},"featured_media":995,"template":"","meta":{"_kad_blocks_custom_css":"","_kad_blocks_head_custom_js":"","_kad_blocks_body_custom_js":"","_kad_blocks_footer_custom_js":""},"product_brand":[],"product_cat":[141,115],"product_tag":[],"class_list":{"0":"post-1088","1":"product","2":"type-product","3":"status-publish","4":"has-post-thumbnail","6":"product_cat-nootropics","7":"product_cat-pharma","9":"first","10":"instock","11":"shipping-taxable","12":"product-type-simple"},"Meta Data":null,"meta_description":null,"Focus Keyword":null,"meta_box":{"cas_number":"334824-43-0","chemical_formula":"C4H12MgN2O6S2","molecular_weight":"272.6 g\/mol","einecs_number":"","product_packaging":"","substance_form":"Powder","type_of_substance":"","percentage_percent":"","hs_code":"","pro_delivery_time":"","retest_period":"","storage_condition":"Store at room temperature, in sealed container, avoid strong heat and light","product_document_data":""},"rank_math_description":"magnesium-taurate , CAS 334824-43-0; MOQ: 1 kg; packed in bags. Delivery prompt from stock Hamburg, Germany.","rank_math_focus_keyword":null,"taxonomy_info":{"product_cat":[{"value":141,"label":"Nootropics"},{"value":115,"label":"Pharma"}]},"featured_image_src_large":["https:\/\/biollachemicals.com\/wp-content\/uploads\/2020\/11\/General-white-powder.jpg",1024,768,false],"author_info":[],"comment_info":"","_links":{"self":[{"href":"https:\/\/biollachemicals.com\/de\/wp-json\/wp\/v2\/product\/1088","targetHints":{"allow":["GET"]}}],"collection":[{"href":"https:\/\/biollachemicals.com\/de\/wp-json\/wp\/v2\/product"}],"about":[{"href":"https:\/\/biollachemicals.com\/de\/wp-json\/wp\/v2\/types\/product"}],"wp:featuredmedia":[{"embeddable":true,"href":"https:\/\/biollachemicals.com\/de\/wp-json\/wp\/v2\/media\/995"}],"wp:attachment":[{"href":"https:\/\/biollachemicals.com\/de\/wp-json\/wp\/v2\/media?parent=1088"}],"wp:term":[{"taxonomy":"product_brand","embeddable":true,"href":"https:\/\/biollachemicals.com\/de\/wp-json\/wp\/v2\/product_brand?post=1088"},{"taxonomy":"product_cat","embeddable":true,"href":"https:\/\/biollachemicals.com\/de\/wp-json\/wp\/v2\/product_cat?post=1088"},{"taxonomy":"product_tag","embeddable":true,"href":"https:\/\/biollachemicals.com\/de\/wp-json\/wp\/v2\/product_tag?post=1088"}],"curies":[{"name":"wp","href":"https:\/\/api.w.org\/{rel}","templated":true}]}}