{"id":1080,"date":"2020-11-27T13:39:49","date_gmt":"2020-11-27T13:39:49","guid":{"rendered":"https:\/\/biollachemicals.com\/?post_type=product&#038;p=1080"},"modified":"2024-07-18T09:55:18","modified_gmt":"2024-07-18T09:55:18","slug":"nacet-pulver-cas-59587-09-6-2","status":"publish","type":"product","link":"https:\/\/biollachemicals.com\/de\/produkt\/nacet-pulver-cas-59587-09-6-2\/","title":{"rendered":"NACET-Pulver - CAS 59587-09-6 - f\u00fcr Forschung und Labor"},"content":{"rendered":"<h3 class=\"wp-block-heading\">NACET (N-Acetylcystein-Ethylester)<\/h3>\n\n\n\n<h4 class=\"wp-block-heading\">Chemische Bezeichnung<\/h4>\n\n\n\n<p>R)-Ethyl-2-acetamido-3-mercaptopropanoat; L-Cystein, N-Acetyl-, Ethylester; N-ACETYL-L-CYSTEIN-ETHYL-ESTER; Ethyl-(2R)-2-acetamido-3-sulfanylpropanoat; L-Cystein, N-Acetyl-, Ethylester; N-Acetylcystein-Ethylester;<\/p>\n\n\n\n<figure class=\"wp-block-table is-style-stripes\"><table><tbody><tr><td>Einheit<\/td><td>1g<\/td><\/tr><tr><td>Farbe<\/td><td>wollwei\u00df<\/td><\/tr><\/tbody><\/table><\/figure>\n\n\n\n<div data-caption=\"Corrosive\"><strong><b>A<\/b><\/strong><strong><strong><b>plikation: <\/b><\/strong><\/strong>wird zur F\u00f6rderung von Ged\u00e4chtnis, Konzentration, Kreativit\u00e4t, Intelligenz und Motivation verwendet. Es kann auch als Nahrungserg\u00e4nzungsmittel verwendet werden.<\/div>\n\n\n\n<div data-caption=\"Corrosive\">&nbsp;<\/div>\n\n\n\n<div data-caption=\"Corrosive\">Weitere Produkte biolla\/INNOVOX:&nbsp;<a href=\"https:\/\/biollachemicals.com\/de\/produkte\/\">Produktliste<\/a><\/div>","protected":false},"excerpt":{"rendered":"<p>Als starkes Antioxidans hat NACET einen gro\u00dfen Nutzen f\u00fcr die menschliche Gesundheit. - Verbesserung mehrerer Gesundheitszust\u00e4nde und Linderung der Symptome psychischer Erkrankungen; - Behandlung von Paracetamol-\u00dcberdosierungen, Schutz von Nieren und Leber; - Verbesserung der Lungenfunktion durch Verringerung von Entz\u00fcndungen und Abbau von Schleim, wodurch chronische Atemwegserkrankungen gelindert werden. - F\u00f6rdert die Gesundheit des Gehirns durch die Regulierung von Glutamat und die Erg\u00e4nzung von Glutathion, kann zur Behandlung von Krankheiten wie Alzheimer und Parkinson eingesetzt werden; - Verbessert die Fruchtbarkeit bei M\u00e4nnern und Frauen; - Kann die Immunfunktion bei vielen Krankheiten verbessern, oxidative Sch\u00e4den am Herzen verhindern und das Risiko von Herzerkrankungen verringern. - Kann den Blutzuckerspiegel stabilisieren, indem es die Entz\u00fcndung in den Fettzellen vermindert<\/p>","protected":false},"featured_media":995,"template":"","meta":{"_kad_blocks_custom_css":"","_kad_blocks_head_custom_js":"","_kad_blocks_body_custom_js":"","_kad_blocks_footer_custom_js":""},"product_brand":[],"product_cat":[141],"product_tag":[],"class_list":{"0":"post-1080","1":"product","2":"type-product","3":"status-publish","4":"has-post-thumbnail","6":"product_cat-nootropics","8":"first","9":"instock","10":"shipping-taxable","11":"product-type-simple"},"Meta Data":null,"meta_description":null,"Focus Keyword":null,"meta_box":{"cas_number":"59587-09-6","chemical_formula":"C7H13NO3S","molecular_weight":"191.25","einecs_number":"","product_packaging":"1g","substance_form":"Powder","type_of_substance":"","percentage_percent":"","hs_code":"","pro_delivery_time":"","retest_period":"","storage_condition":"","product_document_data":""},"rank_math_description":"NACET powder , CAS 59587-09-6; MOQ: 1 kg; packed in bags. Delivery prompt from stock Hamburg, Germany.","rank_math_focus_keyword":null,"taxonomy_info":{"product_cat":[{"value":141,"label":"Nootropics"}]},"featured_image_src_large":["https:\/\/biollachemicals.com\/wp-content\/uploads\/2020\/11\/General-white-powder.jpg",1024,768,false],"author_info":[],"comment_info":"","_links":{"self":[{"href":"https:\/\/biollachemicals.com\/de\/wp-json\/wp\/v2\/product\/1080","targetHints":{"allow":["GET"]}}],"collection":[{"href":"https:\/\/biollachemicals.com\/de\/wp-json\/wp\/v2\/product"}],"about":[{"href":"https:\/\/biollachemicals.com\/de\/wp-json\/wp\/v2\/types\/product"}],"wp:featuredmedia":[{"embeddable":true,"href":"https:\/\/biollachemicals.com\/de\/wp-json\/wp\/v2\/media\/995"}],"wp:attachment":[{"href":"https:\/\/biollachemicals.com\/de\/wp-json\/wp\/v2\/media?parent=1080"}],"wp:term":[{"taxonomy":"product_brand","embeddable":true,"href":"https:\/\/biollachemicals.com\/de\/wp-json\/wp\/v2\/product_brand?post=1080"},{"taxonomy":"product_cat","embeddable":true,"href":"https:\/\/biollachemicals.com\/de\/wp-json\/wp\/v2\/product_cat?post=1080"},{"taxonomy":"product_tag","embeddable":true,"href":"https:\/\/biollachemicals.com\/de\/wp-json\/wp\/v2\/product_tag?post=1080"}],"curies":[{"name":"wp","href":"https:\/\/api.w.org\/{rel}","templated":true}]}}