{"id":1074,"date":"2020-11-27T11:15:41","date_gmt":"2020-11-27T11:15:41","guid":{"rendered":"https:\/\/biollachemicals.com\/?post_type=product&#038;p=1074"},"modified":"2024-04-28T16:13:12","modified_gmt":"2024-04-28T16:13:12","slug":"verbindung-7p-pulver-cas-1890208-58-8","status":"publish","type":"product","link":"https:\/\/biollachemicals.com\/de\/produkt\/verbindung-7p-pulver-cas-1890208-58-8\/","title":{"rendered":"Verbindung 7p Pulver - CAS 1890208-58-8"},"content":{"rendered":"\n<h4 class=\"wp-block-heading\">Chemical name<\/h4>\n\n\n\n<p>2-[(2-methoxyphenyl)[(4-methyl phenyl) sulfonyl] amino]-N-(4-methoxy-3-pyridinyl) acetamide<\/p>\n\n\n\n<h4 class=\"wp-block-heading\">Application<\/h4>\n\n\n\n<p>Increases coordination; improves mood; helps fight fatigue; prevents oxidation within the brain; treats alcohol related brain damage<\/p>\n\n\n\n<figure class=\"wp-block-table is-style-stripes\"><table><tbody><tr><td>Color<\/td><td>white powder<\/td><\/tr><tr><td>Solubility<\/td><td>slightly soluble in water and in ethanol<\/td><\/tr><tr><td>Unit<\/td><td>25kg\/bag<\/td><\/tr><\/tbody><\/table><\/figure>\n","protected":false},"excerpt":{"rendered":"<h3><strong><b>Beschreibung des Produkts<\/b><\/strong><\/h3>\n<p>zeigte die h\u00f6chste Aktivit\u00e4t gegen Geb\u00e4rmutterhalskrebszellen. In einem Nacktmaus-Xenograft-Modell, das mit HeLa-Zellen beimpft wurde, zeigte 7p eine dosisabh\u00e4ngige Hemmung des Geb\u00e4rmutterhalstumorwachstums. Die histopathologische Untersuchung von exzidiertem tumortragendem Gewebe zeigte, dass 7p die Mikrostruktur dosisabh\u00e4ngig verbesserte. Die Verbindung 7p erh\u00f6hte auch den Anteil der HeLa-Zellen in der G0\/G1- und S-Phase und verringerte signifikant den Anteil der G2\/M-Phase. Die Auswirkungen von 7p auf die Expression von C-Caspase-3, C-Caspase-9, Bcl-2 und Bax in HeLa-Zellen wurden ebenfalls bestimmt. Tubulin-Polymerisationstest, Immunfluoreszenzstudien, Zellzyklusanalyse und kompetitiver Tubulin-Bindungstest bewiesen eindeutig, dass 7p ein Colchicin-Bindungsstellen-Inhibitor von Tubulin ist.<\/p>","protected":false},"featured_media":995,"template":"","meta":{"_kad_blocks_custom_css":"","_kad_blocks_head_custom_js":"","_kad_blocks_body_custom_js":"","_kad_blocks_footer_custom_js":""},"product_brand":[],"product_cat":[141,115],"product_tag":[],"class_list":{"0":"post-1074","1":"product","2":"type-product","3":"status-publish","4":"has-post-thumbnail","6":"product_cat-nootropics","7":"product_cat-pharma","9":"first","10":"instock","11":"shipping-taxable","12":"product-type-simple"},"Meta Data":null,"meta_description":null,"Focus Keyword":null,"meta_box":{"cas_number":"1890208-58-8","chemical_formula":"C22H23N3O5S","molecular_weight":"441.508g","einecs_number":"","product_packaging":"","substance_form":"Powder","type_of_substance":"","percentage_percent":"","hs_code":"","pro_delivery_time":"","retest_period":"","storage_condition":"Store at room temperature, in sealed container, avoid strong heat and light","product_document_data":""},"rank_math_description":"Compound-7p powder, CAS 1890208-58-8; MOQ: 1 kg; packed in bags. Delivery prompt from stock Hamburg, Germany.","rank_math_focus_keyword":null,"taxonomy_info":{"product_cat":[{"value":141,"label":"Nootropics"},{"value":115,"label":"Pharma"}]},"featured_image_src_large":["https:\/\/biollachemicals.com\/wp-content\/uploads\/2020\/11\/General-white-powder.jpg",1024,768,false],"author_info":[],"comment_info":"","_links":{"self":[{"href":"https:\/\/biollachemicals.com\/de\/wp-json\/wp\/v2\/product\/1074","targetHints":{"allow":["GET"]}}],"collection":[{"href":"https:\/\/biollachemicals.com\/de\/wp-json\/wp\/v2\/product"}],"about":[{"href":"https:\/\/biollachemicals.com\/de\/wp-json\/wp\/v2\/types\/product"}],"wp:featuredmedia":[{"embeddable":true,"href":"https:\/\/biollachemicals.com\/de\/wp-json\/wp\/v2\/media\/995"}],"wp:attachment":[{"href":"https:\/\/biollachemicals.com\/de\/wp-json\/wp\/v2\/media?parent=1074"}],"wp:term":[{"taxonomy":"product_brand","embeddable":true,"href":"https:\/\/biollachemicals.com\/de\/wp-json\/wp\/v2\/product_brand?post=1074"},{"taxonomy":"product_cat","embeddable":true,"href":"https:\/\/biollachemicals.com\/de\/wp-json\/wp\/v2\/product_cat?post=1074"},{"taxonomy":"product_tag","embeddable":true,"href":"https:\/\/biollachemicals.com\/de\/wp-json\/wp\/v2\/product_tag?post=1074"}],"curies":[{"name":"wp","href":"https:\/\/api.w.org\/{rel}","templated":true}]}}