{"id":1067,"date":"2020-11-26T11:12:12","date_gmt":"2020-11-26T11:12:12","guid":{"rendered":"https:\/\/biollachemicals.com\/?post_type=product&#038;p=1067"},"modified":"2024-04-25T14:24:01","modified_gmt":"2024-04-25T14:24:01","slug":"noopept-pulver-cas-157115-85-0","status":"publish","type":"product","link":"https:\/\/biollachemicals.com\/de\/produkt\/noopept-pulver-cas-157115-85-0\/","title":{"rendered":"Noopept-Pulver - CAS 157115-85-0"},"content":{"rendered":"<h3 class=\"wp-block-heading\">Noopept-Pulver in Pharmaqualit\u00e4t<\/h3>\n\n\n\n<h4 class=\"wp-block-heading\">Chemische Bezeichnung<\/h4>\n\n\n\n<p>N-Phenylacetyl-L-prolylglycinethylester, GVS-111<\/p>\n\n\n\n<h4 class=\"wp-block-heading\">Anmeldung<\/h4>\n\n\n\n<p>Behandlung von St\u00f6rungen des Ged\u00e4chtnisses, der Aufmerksamkeit und anderer kognitiver Funktionen sowie von emotional labilen St\u00f6rungen<\/p>\n\n\n\n<figure class=\"wp-block-table is-style-stripes\"><table><tbody><tr><td>Farbe<\/td><td>Wei\u00df<\/td><\/tr><tr><td>L\u00f6slichkeit<\/td><td>in erster Linie wasserl\u00f6sliches Nootropikum, das sich jedoch nicht leicht in Wasser oder Saft aufl\u00f6st<\/td><\/tr><tr><td>Einheit<\/td><td>25kg\/Fass<\/td><\/tr><\/tbody><\/table><\/figure>","protected":false},"excerpt":{"rendered":"<h3><strong><b>Beschreibung des Produkts<\/b><\/strong><\/h3>\n<p>Noopept ist ein einzigartiges nootropes Peptid, das in Russland zur Behandlung des altersbedingten kognitiven Verfalls entwickelt wurde. Heute wird es von \u00e4lteren und jungen nootropischen Enthusiasten gleicherma\u00dfen verwendet und ist zu einer der wirksamsten und beliebtesten Smart Drugs geworden, die derzeit verwendet werden.<\/p>\n<p>Noopept-Pulver ist wirksamer als Piracetam und andere ged\u00e4chtnisf\u00f6rdernde Smart Drugs. In L\u00e4ndern wie Russland und der ehemaligen Sowjetunion wird Noopept derzeit als starkes verschreibungspflichtiges Medikament zur Behandlung von Alzheimer, Demenz und anderen altersbedingten kognitiven St\u00f6rungen eingesetzt. Noopept hat in den letzten zwei Jahrzehnten an Popularit\u00e4t gewonnen und ist heute eines der am meisten empfohlenen Nootropika in der Gemeinschaft.<\/p>","protected":false},"featured_media":995,"template":"","meta":{"_kad_blocks_custom_css":"","_kad_blocks_head_custom_js":"","_kad_blocks_body_custom_js":"","_kad_blocks_footer_custom_js":""},"product_brand":[],"product_cat":[141,115],"product_tag":[],"class_list":{"0":"post-1067","1":"product","2":"type-product","3":"status-publish","4":"has-post-thumbnail","6":"product_cat-nootropics","7":"product_cat-pharma","9":"first","10":"instock","11":"shipping-taxable","12":"product-type-simple"},"Meta Data":null,"meta_description":null,"Focus Keyword":null,"meta_box":{"cas_number":"157115-85-0","chemical_formula":"C17H22N2O4","molecular_weight":"318.373 g\/mol","einecs_number":"","product_packaging":"","substance_form":"Powder","type_of_substance":"","percentage_percent":"","hs_code":"","pro_delivery_time":"","retest_period":"","storage_condition":"Store in a dry dark place at temperatures no higher than 25\u00b0C. Keep out of reach of children","product_document_data":""},"rank_math_description":"Noopept powder, CAS 157115-85-0; MOQ: 1 kg; packed in bags. Delivery prompt from stock Hamburg, Germany.","rank_math_focus_keyword":null,"taxonomy_info":{"product_cat":[{"value":141,"label":"Nootropics"},{"value":115,"label":"Pharma"}]},"featured_image_src_large":["https:\/\/biollachemicals.com\/wp-content\/uploads\/2020\/11\/General-white-powder.jpg",1024,768,false],"author_info":[],"comment_info":"","_links":{"self":[{"href":"https:\/\/biollachemicals.com\/de\/wp-json\/wp\/v2\/product\/1067","targetHints":{"allow":["GET"]}}],"collection":[{"href":"https:\/\/biollachemicals.com\/de\/wp-json\/wp\/v2\/product"}],"about":[{"href":"https:\/\/biollachemicals.com\/de\/wp-json\/wp\/v2\/types\/product"}],"wp:featuredmedia":[{"embeddable":true,"href":"https:\/\/biollachemicals.com\/de\/wp-json\/wp\/v2\/media\/995"}],"wp:attachment":[{"href":"https:\/\/biollachemicals.com\/de\/wp-json\/wp\/v2\/media?parent=1067"}],"wp:term":[{"taxonomy":"product_brand","embeddable":true,"href":"https:\/\/biollachemicals.com\/de\/wp-json\/wp\/v2\/product_brand?post=1067"},{"taxonomy":"product_cat","embeddable":true,"href":"https:\/\/biollachemicals.com\/de\/wp-json\/wp\/v2\/product_cat?post=1067"},{"taxonomy":"product_tag","embeddable":true,"href":"https:\/\/biollachemicals.com\/de\/wp-json\/wp\/v2\/product_tag?post=1067"}],"curies":[{"name":"wp","href":"https:\/\/api.w.org\/{rel}","templated":true}]}}