{"id":1063,"date":"2020-11-26T10:41:03","date_gmt":"2020-11-26T10:41:03","guid":{"rendered":"https:\/\/biollachemicals.com\/?post_type=product&#038;p=1063"},"modified":"2024-04-25T14:19:20","modified_gmt":"2024-04-25T14:19:20","slug":"oxiracetam-pulver-cas-62613-82-5","status":"publish","type":"product","link":"https:\/\/biollachemicals.com\/de\/produkt\/oxiracetam-pulver-cas-62613-82-5\/","title":{"rendered":"Oxiracetam-Pulver - CAS 62613-82-5"},"content":{"rendered":"<h3 class=\"wp-block-heading\">Oxiracetam-Pulver in Pharma-Qualit\u00e4t<\/h3>\n\n\n\n<h4 class=\"wp-block-heading\">Chemische Bezeichnung<\/h4>\n\n\n\n<p>2-(4-Hydroxy-2-oxopyrrolidin-1-yl)acetamid<\/p>\n\n\n\n<h4 class=\"wp-block-heading\">Anmeldung<\/h4>\n\n\n\n<p>Nootropikum. Analogon von Piracetam mit psychostimulierender Wirkung<\/p>\n\n\n\n<figure class=\"wp-block-table is-style-stripes\"><table><tbody><tr><td>Farbe<\/td><td>Wei\u00df massiv<\/td><\/tr><tr><td>L\u00f6slichkeit<\/td><td>L\u00f6slich in DMSO<\/td><\/tr><tr><td>Einheit<\/td><td>Wei\u00df massiv<\/td><\/tr><\/tbody><\/table><\/figure>","protected":false},"excerpt":{"rendered":"<h3><strong><b>Beschreibung des Produkts<\/b><\/strong><\/h3>\n<p>Rohes Oxiracetam-Pulver ist ein Piracetam-Derivat und regt das zentrale Nervensystem an, f\u00f6rdert den Hirnstoffwechsel, erh\u00f6ht und f\u00f6rdert die Ged\u00e4chtnisleistung erheblich und behandelt effektiv das Altersged\u00e4chtnis und den geistigen Verfall. Es wird zur Behandlung von Hirnfunktionsst\u00f6rungen, psychiatrischen Syndromen und geistigen St\u00f6rungen verwendet. Es kann das Ged\u00e4chtnis und die Lernf\u00e4higkeit von Patienten mit seniler Demenz oder Ged\u00e4chtnisst\u00f6rungen verbessern. Es eignet sich zur Behandlung von neuronalen Funktionsst\u00f6rungen, Ged\u00e4chtnisst\u00f6rungen und Intelligenzst\u00f6rungen, die durch Hirnsch\u00e4den verursacht werden. Es kann auch als Heilmittel f\u00fcr Neurosen, Hirntraumata, Enzephalitis und andere Hirnerkrankungen eingesetzt werden.<\/p>","protected":false},"featured_media":995,"template":"","meta":{"_kad_blocks_custom_css":"","_kad_blocks_head_custom_js":"","_kad_blocks_body_custom_js":"","_kad_blocks_footer_custom_js":""},"product_brand":[],"product_cat":[141,115],"product_tag":[],"class_list":{"0":"post-1063","1":"product","2":"type-product","3":"status-publish","4":"has-post-thumbnail","6":"product_cat-nootropics","7":"product_cat-pharma","9":"first","10":"instock","11":"shipping-taxable","12":"product-type-simple"},"Meta Data":null,"meta_description":null,"Focus Keyword":null,"meta_box":{"cas_number":"62613-82-5","chemical_formula":"C6H10N2O3","molecular_weight":"158.15","einecs_number":"","product_packaging":"","substance_form":"Powder","type_of_substance":"","percentage_percent":"","hs_code":"","pro_delivery_time":"","retest_period":"","storage_condition":"Dry, dark and at 0 \u2013 4 C for short term (days to weeks) or -20 C for long term (months to years)","product_document_data":""},"rank_math_description":"Oxiracetam powder, CAS 62613-82-5; MOQ: 1 kg; packed in bags. Delivery prompt from stock Hamburg, Germany.","rank_math_focus_keyword":null,"taxonomy_info":{"product_cat":[{"value":141,"label":"Nootropics"},{"value":115,"label":"Pharma"}]},"featured_image_src_large":["https:\/\/biollachemicals.com\/wp-content\/uploads\/2020\/11\/General-white-powder.jpg",1024,768,false],"author_info":[],"comment_info":"","_links":{"self":[{"href":"https:\/\/biollachemicals.com\/de\/wp-json\/wp\/v2\/product\/1063","targetHints":{"allow":["GET"]}}],"collection":[{"href":"https:\/\/biollachemicals.com\/de\/wp-json\/wp\/v2\/product"}],"about":[{"href":"https:\/\/biollachemicals.com\/de\/wp-json\/wp\/v2\/types\/product"}],"wp:featuredmedia":[{"embeddable":true,"href":"https:\/\/biollachemicals.com\/de\/wp-json\/wp\/v2\/media\/995"}],"wp:attachment":[{"href":"https:\/\/biollachemicals.com\/de\/wp-json\/wp\/v2\/media?parent=1063"}],"wp:term":[{"taxonomy":"product_brand","embeddable":true,"href":"https:\/\/biollachemicals.com\/de\/wp-json\/wp\/v2\/product_brand?post=1063"},{"taxonomy":"product_cat","embeddable":true,"href":"https:\/\/biollachemicals.com\/de\/wp-json\/wp\/v2\/product_cat?post=1063"},{"taxonomy":"product_tag","embeddable":true,"href":"https:\/\/biollachemicals.com\/de\/wp-json\/wp\/v2\/product_tag?post=1063"}],"curies":[{"name":"wp","href":"https:\/\/api.w.org\/{rel}","templated":true}]}}