{"id":1041,"date":"2020-11-11T13:59:43","date_gmt":"2020-11-11T13:59:43","guid":{"rendered":"https:\/\/biollachemicals.com\/?post_type=product&#038;p=1041"},"modified":"2024-07-18T10:29:41","modified_gmt":"2024-07-18T10:29:41","slug":"prl-8-53-pulver-cas-51352-87-5","status":"publish","type":"product","link":"https:\/\/biollachemicals.com\/de\/produkt\/prl-8-53-pulver-cas-51352-87-5\/","title":{"rendered":"PRL-8-53 Pulver, CAS 51352-87-5 f\u00fcr Labor und Forschung"},"content":{"rendered":"\n<h3 class=\"wp-block-heading\">PRL-8-53 Powder &#8211; for laboratory and research purposes only<\/h3>\n\n\n\n<h4 class=\"wp-block-heading\">Chemical name<\/h4>\n\n\n\n<p>PRL-8053; Methyl 3-(2-(benzyl(Methyl)aMino)ethyl)benzoate hydrochloride; 3-(2-Benzyl(methyl)aminoethyl)benzoic acid methyl ester hydrochloride; m-[2-(Benzylmethylamino)ethyl]benzoic acid methyl ester hydrochloride; Benzoic acid, 3-(2-(Methyl(phenylMethyl)aMino)ethyl)-, Methyl ester, hydrochloride; Methyl 3-(2-(benzyl(methyl); Raw PRL-8-53 powder (hydrochloride)<\/p>\n\n\n\n<h4 class=\"wp-block-heading\">Application<\/h4>\n\n\n\n<p>In medicine used in neuroscience research related to memory enhancement and protection against memory impairment<\/p>\n\n\n\n<figure class=\"wp-block-table is-style-stripes\"><table><tbody><tr><td>Color<\/td><td>white crystalline powder<\/td><\/tr><tr><td>Solubility<\/td><td>soluble to 25 mM in Ethanol, Soluble to 50 mM in Water<\/td><\/tr><tr><td>Drug class<\/td><td>Nootropics<\/td><\/tr><tr><td>Unit<\/td><td>1g<\/td><\/tr><\/tbody><\/table><\/figure>\n","protected":false},"excerpt":{"rendered":"<h3><strong><b>Beschreibung des Produkts<\/b><\/strong><\/h3>\n<p>PRL-8-53 ist ein experimentelles Pr\u00e4parat, das von vielen als einer der wirksamsten verf\u00fcgbaren Ged\u00e4chtnisverst\u00e4rker angesehen wird. Es handelt sich um eine nootropische Forschungschemikalie aus Benzoes\u00e4ure und Phenylmethylamin mit ged\u00e4chtnisf\u00f6rdernden Wirkungen, die in der neurowissenschaftlichen Forschung zur Verbesserung des Ged\u00e4chtnisses und zum Schutz vor Ged\u00e4chtnisst\u00f6rungen eingesetzt wird.<\/p>","protected":false},"featured_media":1028,"template":"","meta":{"_kad_blocks_custom_css":"","_kad_blocks_head_custom_js":"","_kad_blocks_body_custom_js":"","_kad_blocks_footer_custom_js":""},"product_brand":[],"product_cat":[141],"product_tag":[],"class_list":{"0":"post-1041","1":"product","2":"type-product","3":"status-publish","4":"has-post-thumbnail","6":"product_cat-nootropics","8":"first","9":"instock","10":"shipping-taxable","11":"product-type-simple"},"Meta Data":null,"meta_description":null,"Focus Keyword":null,"meta_box":{"cas_number":"51352-87-5","chemical_formula":"C18H22ClNO2","molecular_weight":"319.83 g\/mol","einecs_number":"","product_packaging":"1g","substance_form":"Powder","type_of_substance":"","percentage_percent":"","hs_code":"","pro_delivery_time":"","retest_period":"","storage_condition":"-20\u00b0C","product_document_data":""},"rank_math_description":"PRL-8-53 powder, CAS 51352-87-5; MOQ: 1 kg; packed in bags. Delivery prompt from stock Hamburg, Germany.","rank_math_focus_keyword":null,"taxonomy_info":{"product_cat":[{"value":141,"label":"Nootropics"}]},"featured_image_src_large":["https:\/\/biollachemicals.com\/wp-content\/uploads\/2020\/11\/3.jpg",806,800,false],"author_info":[],"comment_info":"","_links":{"self":[{"href":"https:\/\/biollachemicals.com\/de\/wp-json\/wp\/v2\/product\/1041","targetHints":{"allow":["GET"]}}],"collection":[{"href":"https:\/\/biollachemicals.com\/de\/wp-json\/wp\/v2\/product"}],"about":[{"href":"https:\/\/biollachemicals.com\/de\/wp-json\/wp\/v2\/types\/product"}],"wp:featuredmedia":[{"embeddable":true,"href":"https:\/\/biollachemicals.com\/de\/wp-json\/wp\/v2\/media\/1028"}],"wp:attachment":[{"href":"https:\/\/biollachemicals.com\/de\/wp-json\/wp\/v2\/media?parent=1041"}],"wp:term":[{"taxonomy":"product_brand","embeddable":true,"href":"https:\/\/biollachemicals.com\/de\/wp-json\/wp\/v2\/product_brand?post=1041"},{"taxonomy":"product_cat","embeddable":true,"href":"https:\/\/biollachemicals.com\/de\/wp-json\/wp\/v2\/product_cat?post=1041"},{"taxonomy":"product_tag","embeddable":true,"href":"https:\/\/biollachemicals.com\/de\/wp-json\/wp\/v2\/product_tag?post=1041"}],"curies":[{"name":"wp","href":"https:\/\/api.w.org\/{rel}","templated":true}]}}