{"id":1038,"date":"2020-11-11T13:25:45","date_gmt":"2020-11-11T13:25:45","guid":{"rendered":"https:\/\/biollachemicals.com\/?post_type=product&#038;p=1038"},"modified":"2024-04-25T15:27:35","modified_gmt":"2024-04-25T15:27:35","slug":"1-1-adamantylcarbonylprolin-cas-35084-48-1","status":"publish","type":"product","link":"https:\/\/biollachemicals.com\/de\/produkt\/1-1-adamantylcarbonylprolin-cas-35084-48-1\/","title":{"rendered":"1-(1-Adamantylcarbonyl) Prolin, CAS 35084-48-1"},"content":{"rendered":"\n<h4 class=\"wp-block-heading\">Chemical name<\/h4>\n\n\n\n<p>1-(adamantane-1-carbonyl)pyrrolidine-2-carboxylic acid;<br>1-(1-adamantylcarbonyl)proline;<br>1-(1-adamantylcarbonyl)pyrrolidine-2-carboxylic acid;<br>1-( adamantanylcarbonyl )pyrrolidine-2-carboxylic acid<\/p>\n\n\n\n<h4 class=\"wp-block-heading\">Application<\/h4>\n\n\n\n<p>Used for strengthening the brain, promoting intelligence, refresh, promoting the development of damaged brain neurons<\/p>\n\n\n\n<figure class=\"wp-block-table is-style-stripes\"><table><tbody><tr><td>Color<\/td><td>white<\/td><\/tr><tr><td>Solubility<\/td><td>&gt;41.6 [ug\/mL]<\/td><\/tr><tr><td>Unit<\/td><td>25kg\/drum<\/td><\/tr><\/tbody><\/table><\/figure>\n","protected":false},"excerpt":{"rendered":"<h3><strong><b>Beschreibung des Produkts<\/b><\/strong><\/h3>\n<p>1-(ADAMANTANE-1-CARBONYL)-PYRROLIDIN-2-CARBOXYLIC ACID ist eine stickstoffhaltige organische Substanz, die in der Medizin verwendet wird. Es kann verwendet werden, um das Gehirn zu st\u00e4rken, die Intelligenz zu f\u00f6rdern, zu erfrischen und die Entwicklung von besch\u00e4digten Gehirnneuronen zu f\u00f6rdern.<\/p>","protected":false},"featured_media":995,"template":"","meta":{"_kad_blocks_custom_css":"","_kad_blocks_head_custom_js":"","_kad_blocks_body_custom_js":"","_kad_blocks_footer_custom_js":""},"product_brand":[],"product_cat":[141,115],"product_tag":[],"class_list":{"0":"post-1038","1":"product","2":"type-product","3":"status-publish","4":"has-post-thumbnail","6":"product_cat-nootropics","7":"product_cat-pharma","9":"first","10":"instock","11":"shipping-taxable","12":"product-type-simple"},"Meta Data":null,"meta_description":null,"Focus Keyword":null,"meta_box":{"cas_number":"35084-48-1","chemical_formula":"C16H23NO3","molecular_weight":"277.36 g\/mol","einecs_number":"","product_packaging":"","substance_form":"Powder","type_of_substance":"","percentage_percent":"","hs_code":"","pro_delivery_time":"","retest_period":"","storage_condition":"Store in a sealed airtight container, keep the air out, protected from heat, light and humidity","product_document_data":""},"rank_math_description":"1-1-Adamantylcarbonyl-Proline powder, CAS 35084-48-1; MOQ: 1 kg; packed in bags. Delivery prompt from stock Hamburg, Germany.","rank_math_focus_keyword":null,"taxonomy_info":{"product_cat":[{"value":141,"label":"Nootropics"},{"value":115,"label":"Pharma"}]},"featured_image_src_large":["https:\/\/biollachemicals.com\/wp-content\/uploads\/2020\/11\/General-white-powder.jpg",1024,768,false],"author_info":[],"comment_info":"","_links":{"self":[{"href":"https:\/\/biollachemicals.com\/de\/wp-json\/wp\/v2\/product\/1038","targetHints":{"allow":["GET"]}}],"collection":[{"href":"https:\/\/biollachemicals.com\/de\/wp-json\/wp\/v2\/product"}],"about":[{"href":"https:\/\/biollachemicals.com\/de\/wp-json\/wp\/v2\/types\/product"}],"wp:featuredmedia":[{"embeddable":true,"href":"https:\/\/biollachemicals.com\/de\/wp-json\/wp\/v2\/media\/995"}],"wp:attachment":[{"href":"https:\/\/biollachemicals.com\/de\/wp-json\/wp\/v2\/media?parent=1038"}],"wp:term":[{"taxonomy":"product_brand","embeddable":true,"href":"https:\/\/biollachemicals.com\/de\/wp-json\/wp\/v2\/product_brand?post=1038"},{"taxonomy":"product_cat","embeddable":true,"href":"https:\/\/biollachemicals.com\/de\/wp-json\/wp\/v2\/product_cat?post=1038"},{"taxonomy":"product_tag","embeddable":true,"href":"https:\/\/biollachemicals.com\/de\/wp-json\/wp\/v2\/product_tag?post=1038"}],"curies":[{"name":"wp","href":"https:\/\/api.w.org\/{rel}","templated":true}]}}