{"id":1004,"date":"2020-11-04T14:11:54","date_gmt":"2020-11-04T14:11:54","guid":{"rendered":"https:\/\/biollachemicals.com\/?post_type=product&#038;p=1004"},"modified":"2024-04-24T19:12:22","modified_gmt":"2024-04-24T19:12:22","slug":"lidlar_katalysator","status":"publish","type":"product","link":"https:\/\/biollachemicals.com\/de\/produkt\/lidlar_katalysator\/","title":{"rendered":"Lindlar Katalysator Pd 5% oder 10%"},"content":{"rendered":"","protected":false},"excerpt":{"rendered":"<p>Lindlar-Katalysator ~ Pd 5% oder Pd 10%<\/p>\n<p>CAS-Nummer: 53092-86-7<\/p>\n<p>Form: Pulver<br \/>\nL\u00f6slichkeit: nicht l\u00f6slich in den meisten organischen L\u00f6sungsmitteln<\/p>\n<p>Der Lindlar-Katalysator ist ein heterogener Katalysator, der aus Palladium besteht, das auf Kalziumkarbonat aufgebracht und mit verschiedenen Formen von Blei behandelt wird. Ein heterogener Katalysator ist ein Katalysator, der sich stets in einer anderen Phase oder einem anderen Zustand (fest, fl\u00fcssig oder gasf\u00f6rmig) befindet als die Reaktanden.<\/p>\n<p>Anwendung des Lindlar-Katalysators<br \/>\nDer Lindlar-Katalysator ist ein heterogener Katalysator, der haupts\u00e4chlich f\u00fcr die selektive Hydrierung von Alkinen zu Alkenen verwendet wird.<\/p>\n<p>Es kann auch effektiv katalysieren:<br \/>\n- Selektive Hydrierung von Dreifachbindungen zu cis-Doppelbindungen<br \/>\n- Monohydrierung von Polyolefinen<br \/>\n- Hydrierung von Aziden zu Aminen<\/p>\n<p>Weitere Produkte von biolla \/ INNOVOX finden Sie hier: Produktkatalog<\/p>","protected":false},"featured_media":1005,"template":"","meta":{"_kad_blocks_custom_css":"","_kad_blocks_head_custom_js":"","_kad_blocks_body_custom_js":"","_kad_blocks_footer_custom_js":""},"product_brand":[],"product_cat":[107,129,115],"product_tag":[],"class_list":{"0":"post-1004","1":"product","2":"type-product","3":"status-publish","4":"has-post-thumbnail","6":"product_cat-food","7":"product_cat-idustrial","8":"product_cat-pharma","10":"first","11":"instock","12":"shipping-taxable","13":"product-type-simple"},"Meta Data":null,"meta_description":null,"Focus Keyword":null,"meta_box":{"cas_number":"53092-86-7","chemical_formula":"","molecular_weight":"","einecs_number":"","product_packaging":"","substance_form":"Powder","type_of_substance":"","percentage_percent":"Pd. 5% or 10%","hs_code":"","pro_delivery_time":"","retest_period":"","storage_condition":"Store tightly closed, dry and below room temperature","product_document_data":""},"rank_math_description":"Lindlar Catalyst Pd 5% or 10%, CAS 53092-86-7","rank_math_focus_keyword":null,"taxonomy_info":{"product_cat":[{"value":107,"label":"Food"},{"value":129,"label":"Idustrial"},{"value":115,"label":"Pharma"}]},"featured_image_src_large":["https:\/\/biollachemicals.com\/wp-content\/uploads\/2020\/11\/labor-gross-1030x579.jpg",1030,579,true],"author_info":[],"comment_info":"","_links":{"self":[{"href":"https:\/\/biollachemicals.com\/de\/wp-json\/wp\/v2\/product\/1004","targetHints":{"allow":["GET"]}}],"collection":[{"href":"https:\/\/biollachemicals.com\/de\/wp-json\/wp\/v2\/product"}],"about":[{"href":"https:\/\/biollachemicals.com\/de\/wp-json\/wp\/v2\/types\/product"}],"wp:featuredmedia":[{"embeddable":true,"href":"https:\/\/biollachemicals.com\/de\/wp-json\/wp\/v2\/media\/1005"}],"wp:attachment":[{"href":"https:\/\/biollachemicals.com\/de\/wp-json\/wp\/v2\/media?parent=1004"}],"wp:term":[{"taxonomy":"product_brand","embeddable":true,"href":"https:\/\/biollachemicals.com\/de\/wp-json\/wp\/v2\/product_brand?post=1004"},{"taxonomy":"product_cat","embeddable":true,"href":"https:\/\/biollachemicals.com\/de\/wp-json\/wp\/v2\/product_cat?post=1004"},{"taxonomy":"product_tag","embeddable":true,"href":"https:\/\/biollachemicals.com\/de\/wp-json\/wp\/v2\/product_tag?post=1004"}],"curies":[{"name":"wp","href":"https:\/\/api.w.org\/{rel}","templated":true}]}}